{"id":7627,"date":"2024-09-17T20:26:34","date_gmt":"2024-09-17T19:26:34","guid":{"rendered":"http:\/\/freight-ferry.de\/pbn-nummer-pre-boarding-notification\/"},"modified":"2024-12-04T08:29:04","modified_gmt":"2024-12-04T07:29:04","slug":"pbn-nummer-pre-boarding-notification","status":"publish","type":"page","link":"https:\/\/freight-ferry.de\/de\/pbn-nummer-pre-boarding-notification\/","title":{"rendered":"PBN-Nummer (Pre-Boarding Notification)"},"content":{"rendered":"<style type=\"text\/css\"> \n#cmsmasters_row_6a07106aa2dda4_77176739 .cmsmasters_row_outer_parent { \n\tpadding-top: 0px; \n} \n\n#cmsmasters_row_6a07106aa2dda4_77176739 .cmsmasters_row_outer_parent { \n\tpadding-bottom: 10px; \n} \n\n \n#cmsmasters_heading_6a07106aa2fa82_56493777 { \n\ttext-align:left; \n\tmargin-top:0px; \n\tmargin-bottom:0px; \n} \n\n#cmsmasters_heading_6a07106aa2fa82_56493777 .cmsmasters_heading { \n\ttext-align:left; \n} \n\n#cmsmasters_heading_6a07106aa2fa82_56493777 .cmsmasters_heading, #cmsmasters_heading_6a07106aa2fa82_56493777 .cmsmasters_heading a { \n\tfont-family:'Roboto Condensed'; \n\tfont-size:18px; \n\tline-height:24px; \n\tfont-weight:600; \n\tfont-style:normal; \n\tcolor:#a8a8a8;\n} \n\n#cmsmasters_heading_6a07106aa2fa82_56493777 .cmsmasters_heading_divider { \n} \n\n \n#cmsmasters_heading_6a07106aa2ff72_93268573 { \n\ttext-align:left; \n\tmargin-top:0px; \n\tmargin-bottom:20px; \n} \n\n#cmsmasters_heading_6a07106aa2ff72_93268573 .cmsmasters_heading { \n\ttext-align:left; \n} \n\n#cmsmasters_heading_6a07106aa2ff72_93268573 .cmsmasters_heading, #cmsmasters_heading_6a07106aa2ff72_93268573 .cmsmasters_heading a { \n\tfont-size:28px; \n\tfont-weight:600; \n\tfont-style:normal; \n} \n\n#cmsmasters_heading_6a07106aa2ff72_93268573 .cmsmasters_heading_divider { \n} \n\n \n#cmsmasters_divider_6a07106aa30326_37285829 { \n\tborder-bottom-width:1px; \n\tborder-bottom-style:solid; \n\tpadding-top:0px; \n\tmargin-bottom:40px; \n} \n \n#cmsmasters_row_6a07106aa32654_13462550 .cmsmasters_row_outer_parent { \n\tpadding-top: 0px; \n} \n\n#cmsmasters_row_6a07106aa32654_13462550 .cmsmasters_row_outer_parent { \n\tpadding-bottom: 10px; \n} \n\n \n#cmsmasters_row_6a07106aa3dad4_51447963 .cmsmasters_row_outer_parent { \n\tpadding-top: 0px; \n} \n\n#cmsmasters_row_6a07106aa3dad4_51447963 .cmsmasters_row_outer_parent { \n\tpadding-bottom: 40px; \n} \n\n \n#cmsmasters_row_6a07106aa3e6d1_70457206 .cmsmasters_row_outer_parent { \n\tpadding-top: 0px; \n} \n\n#cmsmasters_row_6a07106aa3e6d1_70457206 .cmsmasters_row_outer_parent { \n\tpadding-bottom: 0px; \n} \n\n \n#cmsmasters_divider_6a07106aa40069_03358353 { \n\tborder-bottom-width:1px; \n\tborder-bottom-style:solid; \n\tpadding-top:0px; \n\tmargin-bottom:40px; \n} \n \n#cmsmasters_row_6a07106aa404a9_71949095 .cmsmasters_row_outer_parent { \n\tpadding-bottom: 50px; \n} \n\n \n#cmsmasters_icon_box_6a07106aa41b24_30574509 { \n\tborder-width:1px; \n\tbackground-color:#fcfcfc;\n\tborder-color:#e4e4e4;\n} \n\n#cmsmasters_icon_box_6a07106aa41b24_30574509:before, \n#cmsmasters_icon_box_6a07106aa41b24_30574509 .icon_box_heading:before { \n\tfont-size:30px; \n\tline-height:60px; \n\twidth:60px; \n\theight:60px; \n\tborder-width:0px; \n\t-webkit-border-radius:50%; \n\tborder-radius:50%; \n\tcolor:#ffffff;\n\tbackground-color:#6ea6d5;\n} \n\n#cmsmasters_icon_box_6a07106aa41b24_30574509.cmsmasters_icon_heading_left, \n#cmsmasters_icon_box_6a07106aa41b24_30574509.cmsmasters_icon_top, \n#cmsmasters_icon_box_6a07106aa41b24_30574509.cmsmasters_icon_box_left_top { \n\tpadding:30px 20px; } \n\n#cmsmasters_icon_box_6a07106aa41b24_30574509.cmsmasters_icon_top:before { \n\ttop:30px;} \n\n#cmsmasters_icon_box_6a07106aa41b24_30574509.cmsmasters_icon_box_left, \n#cmsmasters_icon_box_6a07106aa41b24_30574509.cmsmasters_icon_box_left_top { \n\tpadding-left:60px; \n\tmargin-left:30px; \n\t} \n\n#cmsmasters_icon_box_6a07106aa41b24_30574509.cmsmasters_icon_box_left:before, \n#cmsmasters_icon_box_6a07106aa41b24_30574509.cmsmasters_icon_box_left_top:before { \n\tleft:-30px; \n\t} \n\n#cmsmasters_icon_box_6a07106aa41b24_30574509.cmsmasters_icon_box_left_top { \n\tpadding-top:30px; \n\tmargin-top:60px; \n\t} \n\n#cmsmasters_icon_box_6a07106aa41b24_30574509.cmsmasters_icon_box_left_top:before { \n\tmargin-top:-30px; \n\t} \n\n \n#cmsmasters_divider_6a07106aa42276_78048217 { \n\tborder-bottom-width:0px; \n\tborder-bottom-style:solid; \n\tpadding-top:0px; \n\tmargin-bottom:40px; \n} \n \n#cmsmasters_icon_box_6a07106aa42cf5_59360045 { \n\tborder-width:1px; \n\tbackground-color:#fcfcfc;\n\tborder-color:#e4e4e4;\n} \n\n#cmsmasters_icon_box_6a07106aa42cf5_59360045:before, \n#cmsmasters_icon_box_6a07106aa42cf5_59360045 .icon_box_heading:before { \n\tfont-size:30px; \n\tline-height:60px; \n\twidth:60px; \n\theight:60px; \n\tborder-width:0px; \n\t-webkit-border-radius:50%; \n\tborder-radius:50%; \n\tbackground-color:#6ea6d5;\n} \n\n#cmsmasters_icon_box_6a07106aa42cf5_59360045.cmsmasters_icon_heading_left, \n#cmsmasters_icon_box_6a07106aa42cf5_59360045.cmsmasters_icon_top, \n#cmsmasters_icon_box_6a07106aa42cf5_59360045.cmsmasters_icon_box_left_top { \n\tpadding:30px 20px; } \n\n#cmsmasters_icon_box_6a07106aa42cf5_59360045.cmsmasters_icon_top:before { \n\ttop:30px;} \n\n#cmsmasters_icon_box_6a07106aa42cf5_59360045.cmsmasters_icon_box_left, \n#cmsmasters_icon_box_6a07106aa42cf5_59360045.cmsmasters_icon_box_left_top { \n\tpadding-left:60px; \n\tmargin-left:30px; \n\t} \n\n#cmsmasters_icon_box_6a07106aa42cf5_59360045.cmsmasters_icon_box_left:before, \n#cmsmasters_icon_box_6a07106aa42cf5_59360045.cmsmasters_icon_box_left_top:before { \n\tleft:-30px; \n\t} \n\n#cmsmasters_icon_box_6a07106aa42cf5_59360045.cmsmasters_icon_box_left_top { \n\tpadding-top:30px; \n\tmargin-top:60px; \n\t} \n\n#cmsmasters_icon_box_6a07106aa42cf5_59360045.cmsmasters_icon_box_left_top:before { \n\tmargin-top:-30px; \n\t} \n\n \n#cmsmasters_divider_6a07106aa432d0_52514275 { \n\tborder-bottom-width:0px; \n\tborder-bottom-style:solid; \n\tpadding-top:0px; \n\tmargin-bottom:40px; \n} \n<\/style><div id=\"cmsmasters_row_6a07106aa2dda4_77176739\" class=\"cmsmasters_row cmsmasters_color_scheme_default cmsmasters_row_top_default cmsmasters_row_bot_default cmsmasters_row_boxed\">\n<div class=\"cmsmasters_row_outer_parent\">\n<div class=\"cmsmasters_row_outer\">\n<div class=\"cmsmasters_row_inner\">\n<div class=\"cmsmasters_row_margin\">\n<div class=\"cmsmasters_column one_first\">\n\n<div id=\"cmsmasters_heading_6a07106aa2fa82_56493777\" class=\"cmsmasters_heading_wrap cmsmasters_heading_align_left\">\n\t<h3 class=\"cmsmasters_heading\">Dienst<\/h3>\n<\/div>\n<div id=\"cmsmasters_heading_6a07106aa2ff72_93268573\" class=\"cmsmasters_heading_wrap cmsmasters_heading_align_left\">\n\t<h1 class=\"cmsmasters_heading\">PBN-Nummer (Pre-Boarding Notification)<\/h1>\n<\/div>\n\n<div id=\"cmsmasters_divider_6a07106aa30326_37285829\" class=\"cmsmasters_divider cmsmasters_divider_width_long cmsmasters_divider_pos_center\"><\/div>\n<div class=\"cmsmasters_text\">\n<p>Die Pre-Boarding Notification (PBN) ist ein \u201evirtueller Umschlag\u201c, der die Hauptreferenznummern (MRN) aller Zollanmeldungen der Waren an einem zentralen Ort zusammenfasst. Jede PBN erh\u00e4lt eine eindeutige Identifikationsnummer, die als PBN-ID bekannt ist. F\u00fcr s\u00e4mtliche Fahrzeuge, die als Fracht auf einer RoRo-F\u00e4hre gebucht sind, ist eine PBN erforderlich.<\/p>\n<p>Das Team von LKW F\u00e4hrenbuchen erstellt gerne eine PBN-Nummer f\u00fcr Ihren Transport.<\/p>\n<\/div>\n<\/div>\n<\/div>\n<\/div>\n<\/div>\n<\/div>\n<\/div>\n<div id=\"cmsmasters_row_6a07106aa32654_13462550\" class=\"cmsmasters_row cmsmasters_color_scheme_default cmsmasters_row_top_default cmsmasters_row_bot_default cmsmasters_row_boxed\">\n<div class=\"cmsmasters_row_outer_parent\">\n<div class=\"cmsmasters_row_outer\">\n<div class=\"cmsmasters_row_inner\">\n<div class=\"cmsmasters_row_margin\">\n<div class=\"cmsmasters_column one_half\">\n<div class=\"cmsmasters_content_slider_wrap\" style=\"max-width:580px;\">\n<script type=\"text\/javascript\">jQuery(document).ready(function () { jQuery(\"#cmsmasters_slider_6a07106aa33b80_40960329.cmsmasters_content_slider\").owlCarousel( { singleItem : true, transitionStyle: false, rewindSpeed : 1000, slideSpeed : 600, autoHeight : true, paginationSpeed : \t600, autoPlay : 7000,navigationText : \t[ \"<span class=\\\"cmsmasters_prev_arrow\\\"><span><\/span><\/span>\", \"<span class=\\\"cmsmasters_next_arrow\\\"><span><\/span><\/span>\" ] } );} );<\/script>\n<div id=\"cmsmasters_slider_6a07106aa33b80_40960329\" class=\"cmsmasters_content_slider cmsmasters_owl_slider owl-carousel\">\n<div class=\"cmsmasters_content_slider_item\"><img loading=\"lazy\" decoding=\"async\" width=\"580\" height=\"350\" src=\"https:\/\/freight-ferry.de\/wp-content\/uploads\/2024\/09\/DJI_0326-1-580x350.jpg\" class=\"attachment-cmsmasters-blog-masonry-thumb size-cmsmasters-blog-masonry-thumb\" alt=\"\" \/><\/div><div class=\"cmsmasters_content_slider_item\"><img loading=\"lazy\" decoding=\"async\" width=\"580\" height=\"350\" src=\"https:\/\/freight-ferry.de\/wp-content\/uploads\/2024\/09\/GNV-Rhapsody-744-HR-580x350.jpg\" class=\"attachment-cmsmasters-blog-masonry-thumb size-cmsmasters-blog-masonry-thumb\" alt=\"\" srcset=\"https:\/\/freight-ferry.de\/wp-content\/uploads\/2024\/09\/GNV-Rhapsody-744-HR-580x350.jpg 580w, https:\/\/freight-ferry.de\/wp-content\/uploads\/2024\/09\/GNV-Rhapsody-744-HR-300x180.jpg 300w\" sizes=\"auto, (max-width: 580px) 100vw, 580px\" \/><\/div><div class=\"cmsmasters_content_slider_item\"><img loading=\"lazy\" decoding=\"async\" width=\"580\" height=\"350\" src=\"https:\/\/freight-ferry.de\/wp-content\/uploads\/2024\/09\/Sin-titulo-206-580x350.jpg\" class=\"attachment-cmsmasters-blog-masonry-thumb size-cmsmasters-blog-masonry-thumb\" alt=\"\" \/><\/div><\/div>\n<\/div>\n<\/div>\n<div class=\"cmsmasters_column one_half\">\n<div class=\"cmsmasters_text\">\n<ul>\n<li>Wann wird eine PBN-Nummer ben\u00f6tigt?<\/li>\n<li>F\u00fcr leere oder beladene LKWs<\/li>\n<li>F\u00fcr Transporte zwischen England und Irland<\/li>\n<\/ul>\n<p>Bitte stellen Sie uns die folgenden Informationen zur Verf\u00fcgung:<\/p>\n<ul>\n<li>Route<\/li>\n<li>Zolldokument (EU, EX, IM, T1, etc.)<\/li>\n<li>Leer oder geladen<\/li>\n<\/ul>\n<\/div>\n<\/div>\n<\/div>\n<\/div>\n<\/div>\n<\/div>\n<\/div>\n<div id=\"cmsmasters_row_6a07106aa3dad4_51447963\" class=\"cmsmasters_row cmsmasters_color_scheme_default cmsmasters_row_top_default cmsmasters_row_bot_default cmsmasters_row_boxed\">\n<div class=\"cmsmasters_row_outer_parent\">\n<div class=\"cmsmasters_row_outer\">\n<div class=\"cmsmasters_row_inner\">\n<div class=\"cmsmasters_row_margin\">\n<div class=\"cmsmasters_column one_first\">\n<\/div>\n<\/div>\n<\/div>\n<\/div>\n<\/div>\n<\/div>\n<div id=\"cmsmasters_row_6a07106aa3e6d1_70457206\" class=\"cmsmasters_row cmsmasters_color_scheme_default cmsmasters_row_top_default cmsmasters_row_bot_default cmsmasters_row_boxed\">\n<div class=\"cmsmasters_row_outer_parent\">\n<div class=\"cmsmasters_row_outer\">\n<div class=\"cmsmasters_row_inner\">\n<div class=\"cmsmasters_row_margin\">\n<div class=\"cmsmasters_column one_first\">\n<div class=\"cmsmasters_text\">\n<h1><strong>WAS SIE MIT DER <span style=\"color: #6ea6d5;\">FRACHTF\u00c4HRE<\/span> ERHALTEN<\/strong><\/h1>\n<\/div>\n\n<div id=\"cmsmasters_divider_6a07106aa40069_03358353\" class=\"cmsmasters_divider cmsmasters_divider_width_long cmsmasters_divider_pos_center\"><\/div>\n<\/div>\n<\/div>\n<\/div>\n<\/div>\n<\/div>\n<\/div>\n<div id=\"cmsmasters_row_6a07106aa404a9_71949095\" class=\"cmsmasters_row cmsmasters_color_scheme_default cmsmasters_row_top_default cmsmasters_row_bot_default cmsmasters_row_boxed\">\n<div class=\"cmsmasters_row_outer_parent\">\n<div class=\"cmsmasters_row_outer\">\n<div class=\"cmsmasters_row_inner\">\n<div class=\"cmsmasters_row_margin\">\n<div class=\"cmsmasters_column one_half\">\n\n<div id=\"cmsmasters_icon_box_6a07106aa41b24_30574509\" class=\"cmsmasters_icon_box cmsmasters_icon_box_left_top box_icon_type_icon cmsmasters-icon-custom-10\">\n<div class=\"icon_box_inner\">\n<h3 class=\"icon_box_heading\">100% SICHERE LIEFERUNG<\/h3>\n<div class=\"icon_box_text\">\n<p>Unser Engagement zu einer absolut sicheren Lieferung gew\u00e4hrleistet, dass Ihre Fracht sicher und p\u00fcnktlich an ihr Ziel gelangt. Unabh\u00e4ngig von Gr\u00f6\u00dfe oder Komplexit\u00e4t- mit fortschrittlicher Logistik, fachm\u00e4nnischer Abwicklung und strengen Sicherheitsma\u00dfnahmen sch\u00fctzen wir Ihre Sendung w\u00e4hrend des gesamten Transports. Vertrauen Sie uns f\u00fcr nahtlose und zuverl\u00e4ssige Seefrachtl\u00f6sungen.<\/p>\n<\/div>\n<\/div>\n<\/div>\n\n<div id=\"cmsmasters_divider_6a07106aa42276_78048217\" class=\"cl\"><\/div>\n<\/div>\n<div class=\"cmsmasters_column one_half\">\n\n<div id=\"cmsmasters_icon_box_6a07106aa42cf5_59360045\" class=\"cmsmasters_icon_box cmsmasters_icon_box_left_top box_icon_type_icon cmsmasters-icon-custom-03\">\n<div class=\"icon_box_inner\">\n<h3 class=\"icon_box_heading\">MODERNE SCHIFFSFLOTTE<\/h3>\n<div class=\"icon_box_text\">\n<p>Unsere Partner sind moderne Schiffsflotten, welche mit modernster Technologie ausgestattet sind, um schwerste und komplexeste Frachttransporte abzuwickeln. Die F\u00e4hren sind auf Effizienz, Sicherheit und Umweltvertr\u00e4glichkeit ausgelegt und gew\u00e4hrleisten eine zuverl\u00e4ssige und p\u00fcnktliche Lieferung auf den weltweiten Seerouten. Ob der Transport \u00fcbergro\u00dfer Maschinen oder sperriger Ger\u00e4te, f\u00fcr uns kein Problem.<\/p>\n<\/div>\n<\/div>\n<\/div>\n\n<div id=\"cmsmasters_divider_6a07106aa432d0_52514275\" class=\"cl\"><\/div>\n<\/div>\n<\/div>\n<\/div>\n<\/div>\n<\/div>\n<\/div>\n\n","protected":false},"excerpt":{"rendered":"","protected":false},"author":1,"featured_media":7790,"parent":0,"menu_order":0,"comment_status":"closed","ping_status":"closed","template":"","meta":{"footnotes":""},"class_list":["post-7627","page","type-page","status-publish","has-post-thumbnail","hentry"],"yoast_head":"<!-- This site is optimized with the Yoast SEO plugin v25.0 - https:\/\/yoast.com\/wordpress\/plugins\/seo\/ -->\n<title>PBN-Nummer (Pre-Boarding Notification) - freight-ferry.de<\/title>\n<meta name=\"robots\" content=\"index, follow, max-snippet:-1, max-image-preview:large, max-video-preview:-1\" \/>\n<link rel=\"canonical\" href=\"https:\/\/freight-ferry.de\/de\/pbn-nummer-pre-boarding-notification\/\" \/>\n<meta property=\"og:locale\" content=\"de_DE\" \/>\n<meta property=\"og:type\" content=\"article\" \/>\n<meta property=\"og:title\" content=\"PBN-Nummer (Pre-Boarding Notification) - freight-ferry.de\" \/>\n<meta property=\"og:url\" content=\"https:\/\/freight-ferry.de\/de\/pbn-nummer-pre-boarding-notification\/\" \/>\n<meta property=\"og:site_name\" content=\"freight-ferry.de\" \/>\n<meta property=\"article:publisher\" content=\"https:\/\/www.instagram.com\/freightferry\/\" \/>\n<meta property=\"article:modified_time\" content=\"2024-12-04T07:29:04+00:00\" \/>\n<meta property=\"og:image\" content=\"https:\/\/freight-ferry.de\/wp-content\/uploads\/2024\/09\/MontStMichel-small-1.jpg\" \/>\n\t<meta property=\"og:image:width\" content=\"1400\" \/>\n\t<meta property=\"og:image:height\" content=\"934\" \/>\n\t<meta property=\"og:image:type\" content=\"image\/jpeg\" \/>\n<meta name=\"twitter:card\" content=\"summary_large_image\" \/>\n<meta name=\"twitter:label1\" content=\"Gesch\u00e4tzte Lesezeit\" \/>\n\t<meta name=\"twitter:data1\" content=\"2\u00a0Minuten\" \/>\n<script type=\"application\/ld+json\" class=\"yoast-schema-graph\">{\"@context\":\"https:\/\/schema.org\",\"@graph\":[{\"@type\":\"WebPage\",\"@id\":\"https:\/\/freight-ferry.de\/de\/pbn-nummer-pre-boarding-notification\/\",\"url\":\"https:\/\/freight-ferry.de\/de\/pbn-nummer-pre-boarding-notification\/\",\"name\":\"PBN-Nummer (Pre-Boarding Notification) - freight-ferry.de\",\"isPartOf\":{\"@id\":\"http:\/\/freight-ferry.de\/de\/#website\"},\"primaryImageOfPage\":{\"@id\":\"https:\/\/freight-ferry.de\/de\/pbn-nummer-pre-boarding-notification\/#primaryimage\"},\"image\":{\"@id\":\"https:\/\/freight-ferry.de\/de\/pbn-nummer-pre-boarding-notification\/#primaryimage\"},\"thumbnailUrl\":\"https:\/\/freight-ferry.de\/wp-content\/uploads\/2024\/09\/MontStMichel-small-1.jpg\",\"datePublished\":\"2024-09-17T19:26:34+00:00\",\"dateModified\":\"2024-12-04T07:29:04+00:00\",\"breadcrumb\":{\"@id\":\"https:\/\/freight-ferry.de\/de\/pbn-nummer-pre-boarding-notification\/#breadcrumb\"},\"inLanguage\":\"de\",\"potentialAction\":[{\"@type\":\"ReadAction\",\"target\":[\"https:\/\/freight-ferry.de\/de\/pbn-nummer-pre-boarding-notification\/\"]}]},{\"@type\":\"ImageObject\",\"inLanguage\":\"de\",\"@id\":\"https:\/\/freight-ferry.de\/de\/pbn-nummer-pre-boarding-notification\/#primaryimage\",\"url\":\"https:\/\/freight-ferry.de\/wp-content\/uploads\/2024\/09\/MontStMichel-small-1.jpg\",\"contentUrl\":\"https:\/\/freight-ferry.de\/wp-content\/uploads\/2024\/09\/MontStMichel-small-1.jpg\",\"width\":1400,\"height\":934},{\"@type\":\"BreadcrumbList\",\"@id\":\"https:\/\/freight-ferry.de\/de\/pbn-nummer-pre-boarding-notification\/#breadcrumb\",\"itemListElement\":[{\"@type\":\"ListItem\",\"position\":1,\"name\":\"Home\",\"item\":\"http:\/\/freight-ferry.de\/de\/\"},{\"@type\":\"ListItem\",\"position\":2,\"name\":\"PBN-Nummer (Pre-Boarding Notification)\"}]},{\"@type\":\"WebSite\",\"@id\":\"http:\/\/freight-ferry.de\/de\/#website\",\"url\":\"http:\/\/freight-ferry.de\/de\/\",\"name\":\"freight-ferry.de\",\"description\":\"World Wide Logistics\",\"publisher\":{\"@id\":\"http:\/\/freight-ferry.de\/de\/#organization\"},\"potentialAction\":[{\"@type\":\"SearchAction\",\"target\":{\"@type\":\"EntryPoint\",\"urlTemplate\":\"http:\/\/freight-ferry.de\/de\/?s={search_term_string}\"},\"query-input\":{\"@type\":\"PropertyValueSpecification\",\"valueRequired\":true,\"valueName\":\"search_term_string\"}}],\"inLanguage\":\"de\"},{\"@type\":\"Organization\",\"@id\":\"http:\/\/freight-ferry.de\/de\/#organization\",\"name\":\"freight-ferry.de\",\"url\":\"http:\/\/freight-ferry.de\/de\/\",\"logo\":{\"@type\":\"ImageObject\",\"inLanguage\":\"de\",\"@id\":\"http:\/\/freight-ferry.de\/de\/#\/schema\/logo\/image\/\",\"url\":\"http:\/\/freight-ferry.de\/wp-content\/uploads\/2024\/09\/FreightFerry_Logo_600x195px_Tranparent.png\",\"contentUrl\":\"http:\/\/freight-ferry.de\/wp-content\/uploads\/2024\/09\/FreightFerry_Logo_600x195px_Tranparent.png\",\"width\":600,\"height\":195,\"caption\":\"freight-ferry.de\"},\"image\":{\"@id\":\"http:\/\/freight-ferry.de\/de\/#\/schema\/logo\/image\/\"},\"sameAs\":[\"https:\/\/www.instagram.com\/freightferry\/\",\"https:\/\/www.facebook.com\/profile.php?id=61566565140741\"]}]}<\/script>\n<!-- \/ Yoast SEO plugin. -->","yoast_head_json":{"title":"PBN-Nummer (Pre-Boarding Notification) - freight-ferry.de","robots":{"index":"index","follow":"follow","max-snippet":"max-snippet:-1","max-image-preview":"max-image-preview:large","max-video-preview":"max-video-preview:-1"},"canonical":"https:\/\/freight-ferry.de\/de\/pbn-nummer-pre-boarding-notification\/","og_locale":"de_DE","og_type":"article","og_title":"PBN-Nummer (Pre-Boarding Notification) - freight-ferry.de","og_url":"https:\/\/freight-ferry.de\/de\/pbn-nummer-pre-boarding-notification\/","og_site_name":"freight-ferry.de","article_publisher":"https:\/\/www.instagram.com\/freightferry\/","article_modified_time":"2024-12-04T07:29:04+00:00","og_image":[{"width":1400,"height":934,"url":"https:\/\/freight-ferry.de\/wp-content\/uploads\/2024\/09\/MontStMichel-small-1.jpg","type":"image\/jpeg"}],"twitter_card":"summary_large_image","twitter_misc":{"Gesch\u00e4tzte Lesezeit":"2\u00a0Minuten"},"schema":{"@context":"https:\/\/schema.org","@graph":[{"@type":"WebPage","@id":"https:\/\/freight-ferry.de\/de\/pbn-nummer-pre-boarding-notification\/","url":"https:\/\/freight-ferry.de\/de\/pbn-nummer-pre-boarding-notification\/","name":"PBN-Nummer (Pre-Boarding Notification) - freight-ferry.de","isPartOf":{"@id":"http:\/\/freight-ferry.de\/de\/#website"},"primaryImageOfPage":{"@id":"https:\/\/freight-ferry.de\/de\/pbn-nummer-pre-boarding-notification\/#primaryimage"},"image":{"@id":"https:\/\/freight-ferry.de\/de\/pbn-nummer-pre-boarding-notification\/#primaryimage"},"thumbnailUrl":"https:\/\/freight-ferry.de\/wp-content\/uploads\/2024\/09\/MontStMichel-small-1.jpg","datePublished":"2024-09-17T19:26:34+00:00","dateModified":"2024-12-04T07:29:04+00:00","breadcrumb":{"@id":"https:\/\/freight-ferry.de\/de\/pbn-nummer-pre-boarding-notification\/#breadcrumb"},"inLanguage":"de","potentialAction":[{"@type":"ReadAction","target":["https:\/\/freight-ferry.de\/de\/pbn-nummer-pre-boarding-notification\/"]}]},{"@type":"ImageObject","inLanguage":"de","@id":"https:\/\/freight-ferry.de\/de\/pbn-nummer-pre-boarding-notification\/#primaryimage","url":"https:\/\/freight-ferry.de\/wp-content\/uploads\/2024\/09\/MontStMichel-small-1.jpg","contentUrl":"https:\/\/freight-ferry.de\/wp-content\/uploads\/2024\/09\/MontStMichel-small-1.jpg","width":1400,"height":934},{"@type":"BreadcrumbList","@id":"https:\/\/freight-ferry.de\/de\/pbn-nummer-pre-boarding-notification\/#breadcrumb","itemListElement":[{"@type":"ListItem","position":1,"name":"Home","item":"http:\/\/freight-ferry.de\/de\/"},{"@type":"ListItem","position":2,"name":"PBN-Nummer (Pre-Boarding Notification)"}]},{"@type":"WebSite","@id":"http:\/\/freight-ferry.de\/de\/#website","url":"http:\/\/freight-ferry.de\/de\/","name":"freight-ferry.de","description":"World Wide Logistics","publisher":{"@id":"http:\/\/freight-ferry.de\/de\/#organization"},"potentialAction":[{"@type":"SearchAction","target":{"@type":"EntryPoint","urlTemplate":"http:\/\/freight-ferry.de\/de\/?s={search_term_string}"},"query-input":{"@type":"PropertyValueSpecification","valueRequired":true,"valueName":"search_term_string"}}],"inLanguage":"de"},{"@type":"Organization","@id":"http:\/\/freight-ferry.de\/de\/#organization","name":"freight-ferry.de","url":"http:\/\/freight-ferry.de\/de\/","logo":{"@type":"ImageObject","inLanguage":"de","@id":"http:\/\/freight-ferry.de\/de\/#\/schema\/logo\/image\/","url":"http:\/\/freight-ferry.de\/wp-content\/uploads\/2024\/09\/FreightFerry_Logo_600x195px_Tranparent.png","contentUrl":"http:\/\/freight-ferry.de\/wp-content\/uploads\/2024\/09\/FreightFerry_Logo_600x195px_Tranparent.png","width":600,"height":195,"caption":"freight-ferry.de"},"image":{"@id":"http:\/\/freight-ferry.de\/de\/#\/schema\/logo\/image\/"},"sameAs":["https:\/\/www.instagram.com\/freightferry\/","https:\/\/www.facebook.com\/profile.php?id=61566565140741"]}]}},"_links":{"self":[{"href":"https:\/\/freight-ferry.de\/de\/wp-json\/wp\/v2\/pages\/7627","targetHints":{"allow":["GET"]}}],"collection":[{"href":"https:\/\/freight-ferry.de\/de\/wp-json\/wp\/v2\/pages"}],"about":[{"href":"https:\/\/freight-ferry.de\/de\/wp-json\/wp\/v2\/types\/page"}],"author":[{"embeddable":true,"href":"https:\/\/freight-ferry.de\/de\/wp-json\/wp\/v2\/users\/1"}],"replies":[{"embeddable":true,"href":"https:\/\/freight-ferry.de\/de\/wp-json\/wp\/v2\/comments?post=7627"}],"version-history":[{"count":5,"href":"https:\/\/freight-ferry.de\/de\/wp-json\/wp\/v2\/pages\/7627\/revisions"}],"predecessor-version":[{"id":8572,"href":"https:\/\/freight-ferry.de\/de\/wp-json\/wp\/v2\/pages\/7627\/revisions\/8572"}],"wp:featuredmedia":[{"embeddable":true,"href":"https:\/\/freight-ferry.de\/de\/wp-json\/wp\/v2\/media\/7790"}],"wp:attachment":[{"href":"https:\/\/freight-ferry.de\/de\/wp-json\/wp\/v2\/media?parent=7627"}],"curies":[{"name":"wp","href":"https:\/\/api.w.org\/{rel}","templated":true}]}}