{"id":7718,"date":"2024-09-23T07:48:24","date_gmt":"2024-09-23T06:48:24","guid":{"rendered":"http:\/\/freight-ferry.de\/?page_id=7718"},"modified":"2025-02-24T10:12:56","modified_gmt":"2025-02-24T09:12:56","slug":"gmr-nummer-goods-movement-reference","status":"publish","type":"page","link":"https:\/\/freight-ferry.de\/de\/gmr-nummer-goods-movement-reference\/","title":{"rendered":"GMR-Nummer (Goods Movement Reference)"},"content":{"rendered":"<style type=\"text\/css\"> \n#cmsmasters_row_69fb573d571a47_43339472 .cmsmasters_row_outer_parent { \n\tpadding-top: 0px; \n} \n\n#cmsmasters_row_69fb573d571a47_43339472 .cmsmasters_row_outer_parent { \n\tpadding-bottom: 10px; \n} \n\n \n#cmsmasters_heading_69fb573d573644_85552799 { \n\ttext-align:left; \n\tmargin-top:0px; \n\tmargin-bottom:0px; \n} \n\n#cmsmasters_heading_69fb573d573644_85552799 .cmsmasters_heading { \n\ttext-align:left; \n} \n\n#cmsmasters_heading_69fb573d573644_85552799 .cmsmasters_heading, #cmsmasters_heading_69fb573d573644_85552799 .cmsmasters_heading a { \n\tfont-family:'Roboto Condensed'; \n\tfont-size:18px; \n\tline-height:24px; \n\tfont-weight:600; \n\tfont-style:normal; \n\tcolor:#a8a8a8;\n} \n\n#cmsmasters_heading_69fb573d573644_85552799 .cmsmasters_heading_divider { \n} \n\n \n#cmsmasters_heading_69fb573d573b18_49422483 { \n\ttext-align:left; \n\tmargin-top:0px; \n\tmargin-bottom:20px; \n} \n\n#cmsmasters_heading_69fb573d573b18_49422483 .cmsmasters_heading { \n\ttext-align:left; \n} \n\n#cmsmasters_heading_69fb573d573b18_49422483 .cmsmasters_heading, #cmsmasters_heading_69fb573d573b18_49422483 .cmsmasters_heading a { \n\tfont-size:28px; \n\tfont-weight:600; \n\tfont-style:normal; \n} \n\n#cmsmasters_heading_69fb573d573b18_49422483 .cmsmasters_heading_divider { \n} \n\n \n#cmsmasters_divider_69fb573d573ec4_93430154 { \n\tborder-bottom-width:1px; \n\tborder-bottom-style:solid; \n\tpadding-top:0px; \n\tmargin-bottom:40px; \n} \n \n#cmsmasters_row_69fb573d576410_25518114 .cmsmasters_row_outer_parent { \n\tpadding-top: 0px; \n} \n\n#cmsmasters_row_69fb573d576410_25518114 .cmsmasters_row_outer_parent { \n\tpadding-bottom: 10px; \n} \n\n \n#cmsmasters_row_69fb573d5829d4_43506704 .cmsmasters_row_outer_parent { \n\tpadding-top: 0px; \n} \n\n#cmsmasters_row_69fb573d5829d4_43506704 .cmsmasters_row_outer_parent { \n\tpadding-bottom: 40px; \n} \n\n \n#cmsmasters_row_69fb573d583638_47136595 .cmsmasters_row_outer_parent { \n\tpadding-top: 0px; \n} \n\n#cmsmasters_row_69fb573d583638_47136595 .cmsmasters_row_outer_parent { \n\tpadding-bottom: 0px; \n} \n\n \n#cmsmasters_divider_69fb573d585346_90755110 { \n\tborder-bottom-width:1px; \n\tborder-bottom-style:solid; \n\tpadding-top:0px; \n\tmargin-bottom:40px; \n} \n \n#cmsmasters_row_69fb573d5857d7_67677794 .cmsmasters_row_outer_parent { \n\tpadding-bottom: 50px; \n} \n\n \n#cmsmasters_icon_box_69fb573d586e59_11269631 { \n\tborder-width:1px; \n\tbackground-color:#fcfcfc;\n\tborder-color:#e4e4e4;\n} \n\n#cmsmasters_icon_box_69fb573d586e59_11269631:before, \n#cmsmasters_icon_box_69fb573d586e59_11269631 .icon_box_heading:before { \n\tfont-size:30px; \n\tline-height:60px; \n\twidth:60px; \n\theight:60px; \n\tborder-width:0px; \n\t-webkit-border-radius:50%; \n\tborder-radius:50%; \n\tcolor:#ffffff;\n\tbackground-color:#6ea6d5;\n} \n\n#cmsmasters_icon_box_69fb573d586e59_11269631.cmsmasters_icon_heading_left, \n#cmsmasters_icon_box_69fb573d586e59_11269631.cmsmasters_icon_top, \n#cmsmasters_icon_box_69fb573d586e59_11269631.cmsmasters_icon_box_left_top { \n\tpadding:30px 20px; } \n\n#cmsmasters_icon_box_69fb573d586e59_11269631.cmsmasters_icon_top:before { \n\ttop:30px;} \n\n#cmsmasters_icon_box_69fb573d586e59_11269631.cmsmasters_icon_box_left, \n#cmsmasters_icon_box_69fb573d586e59_11269631.cmsmasters_icon_box_left_top { \n\tpadding-left:60px; \n\tmargin-left:30px; \n\t} \n\n#cmsmasters_icon_box_69fb573d586e59_11269631.cmsmasters_icon_box_left:before, \n#cmsmasters_icon_box_69fb573d586e59_11269631.cmsmasters_icon_box_left_top:before { \n\tleft:-30px; \n\t} \n\n#cmsmasters_icon_box_69fb573d586e59_11269631.cmsmasters_icon_box_left_top { \n\tpadding-top:30px; \n\tmargin-top:60px; \n\t} \n\n#cmsmasters_icon_box_69fb573d586e59_11269631.cmsmasters_icon_box_left_top:before { \n\tmargin-top:-30px; \n\t} \n\n \n#cmsmasters_divider_69fb573d587603_99220167 { \n\tborder-bottom-width:0px; \n\tborder-bottom-style:solid; \n\tpadding-top:0px; \n\tmargin-bottom:40px; \n} \n \n#cmsmasters_icon_box_69fb573d5880c8_38902613 { \n\tborder-width:1px; \n\tbackground-color:#fcfcfc;\n\tborder-color:#e4e4e4;\n} \n\n#cmsmasters_icon_box_69fb573d5880c8_38902613:before, \n#cmsmasters_icon_box_69fb573d5880c8_38902613 .icon_box_heading:before { \n\tfont-size:30px; \n\tline-height:60px; \n\twidth:60px; \n\theight:60px; \n\tborder-width:0px; \n\t-webkit-border-radius:50%; \n\tborder-radius:50%; \n\tbackground-color:#6ea6d5;\n} \n\n#cmsmasters_icon_box_69fb573d5880c8_38902613.cmsmasters_icon_heading_left, \n#cmsmasters_icon_box_69fb573d5880c8_38902613.cmsmasters_icon_top, \n#cmsmasters_icon_box_69fb573d5880c8_38902613.cmsmasters_icon_box_left_top { \n\tpadding:30px 20px; } \n\n#cmsmasters_icon_box_69fb573d5880c8_38902613.cmsmasters_icon_top:before { \n\ttop:30px;} \n\n#cmsmasters_icon_box_69fb573d5880c8_38902613.cmsmasters_icon_box_left, \n#cmsmasters_icon_box_69fb573d5880c8_38902613.cmsmasters_icon_box_left_top { \n\tpadding-left:60px; \n\tmargin-left:30px; \n\t} \n\n#cmsmasters_icon_box_69fb573d5880c8_38902613.cmsmasters_icon_box_left:before, \n#cmsmasters_icon_box_69fb573d5880c8_38902613.cmsmasters_icon_box_left_top:before { \n\tleft:-30px; \n\t} \n\n#cmsmasters_icon_box_69fb573d5880c8_38902613.cmsmasters_icon_box_left_top { \n\tpadding-top:30px; \n\tmargin-top:60px; \n\t} \n\n#cmsmasters_icon_box_69fb573d5880c8_38902613.cmsmasters_icon_box_left_top:before { \n\tmargin-top:-30px; \n\t} \n\n \n#cmsmasters_divider_69fb573d5886d0_88811222 { \n\tborder-bottom-width:0px; \n\tborder-bottom-style:solid; \n\tpadding-top:0px; \n\tmargin-bottom:40px; \n} \n<\/style><div id=\"cmsmasters_row_69fb573d571a47_43339472\" class=\"cmsmasters_row cmsmasters_color_scheme_default cmsmasters_row_top_default cmsmasters_row_bot_default cmsmasters_row_boxed\">\n<div class=\"cmsmasters_row_outer_parent\">\n<div class=\"cmsmasters_row_outer\">\n<div class=\"cmsmasters_row_inner\">\n<div class=\"cmsmasters_row_margin\">\n<div class=\"cmsmasters_column one_first\">\n\n<div id=\"cmsmasters_heading_69fb573d573644_85552799\" class=\"cmsmasters_heading_wrap cmsmasters_heading_align_left\">\n\t<h3 class=\"cmsmasters_heading\">Dienst<\/h3>\n<\/div>\n<div id=\"cmsmasters_heading_69fb573d573b18_49422483\" class=\"cmsmasters_heading_wrap cmsmasters_heading_align_left\">\n\t<h1 class=\"cmsmasters_heading\">GMR-Nummer (Goods Movement Reference)<\/h1>\n<\/div>\n\n<div id=\"cmsmasters_divider_69fb573d573ec4_93430154\" class=\"cmsmasters_divider cmsmasters_divider_width_long cmsmasters_divider_pos_center\"><\/div>\n<div class=\"cmsmasters_text\">\n<p>Um Waren durch einen Hafen im Vereinigten K\u00f6nigreich zu bef\u00f6rdern der den Goods Vehicle Movement Service nutzt, m\u00fcssen Sie sich, um Ihre Waren durch den Zoll schleusen zu k\u00f6nnen, f\u00fcr diesen Dienst registrieren lassen. Unser LKW F\u00e4hren Buchen \u2013 Team hilft Ihnen gerne bei der Erstellung einer GMR-Nummer f\u00fcr Ihren Transport oder \u00fcbernimmt die Aufgabe g\u00e4nzlich <\/p>\n<\/div>\n<\/div>\n<\/div>\n<\/div>\n<\/div>\n<\/div>\n<\/div>\n<div id=\"cmsmasters_row_69fb573d576410_25518114\" class=\"cmsmasters_row cmsmasters_color_scheme_default cmsmasters_row_top_default cmsmasters_row_bot_default cmsmasters_row_boxed\">\n<div class=\"cmsmasters_row_outer_parent\">\n<div class=\"cmsmasters_row_outer\">\n<div class=\"cmsmasters_row_inner\">\n<div class=\"cmsmasters_row_margin\">\n<div class=\"cmsmasters_column one_half\">\n<div class=\"cmsmasters_content_slider_wrap\" style=\"max-width:580px;\">\n<script type=\"text\/javascript\">jQuery(document).ready(function () { jQuery(\"#cmsmasters_slider_69fb573d577be9_79673680.cmsmasters_content_slider\").owlCarousel( { singleItem : true, transitionStyle: false, rewindSpeed : 1000, slideSpeed : 600, autoHeight : true, paginationSpeed : \t600, autoPlay : 7000,navigationText : \t[ \"<span class=\\\"cmsmasters_prev_arrow\\\"><span><\/span><\/span>\", \"<span class=\\\"cmsmasters_next_arrow\\\"><span><\/span><\/span>\" ] } );} );<\/script>\n<div id=\"cmsmasters_slider_69fb573d577be9_79673680\" class=\"cmsmasters_content_slider cmsmasters_owl_slider owl-carousel\">\n<div class=\"cmsmasters_content_slider_item\"><img loading=\"lazy\" decoding=\"async\" width=\"580\" height=\"350\" src=\"https:\/\/freight-ferry.de\/wp-content\/uploads\/2016\/03\/02-1-580x350.jpg\" class=\"attachment-cmsmasters-blog-masonry-thumb size-cmsmasters-blog-masonry-thumb\" alt=\"\" \/><\/div><div class=\"cmsmasters_content_slider_item\"><img loading=\"lazy\" decoding=\"async\" width=\"580\" height=\"350\" src=\"https:\/\/freight-ferry.de\/wp-content\/uploads\/2016\/03\/03-1-580x350.jpg\" class=\"attachment-cmsmasters-blog-masonry-thumb size-cmsmasters-blog-masonry-thumb\" alt=\"\" \/><\/div><div class=\"cmsmasters_content_slider_item\"><img loading=\"lazy\" decoding=\"async\" width=\"580\" height=\"350\" src=\"https:\/\/freight-ferry.de\/wp-content\/uploads\/2016\/03\/04-1-580x350.jpg\" class=\"attachment-cmsmasters-blog-masonry-thumb size-cmsmasters-blog-masonry-thumb\" alt=\"\" \/><\/div><\/div>\n<\/div>\n<\/div>\n<div class=\"cmsmasters_column one_half\">\n<div class=\"cmsmasters_text\">\n<p>Eine GMR-Nummer wird genutzt:<\/p>\n<ul>\n<li>Bei leeren oder beladenen LKW\u00b4s<\/li>\n<li>H\u00e4fen in England<\/li>\n<li>Dover<\/li>\n<li>Folkstone<\/li>\n<li>Fishguard<\/li>\n<li>Heysham<\/li>\n<li>Holyhead<\/li>\n<li>Liverpool<\/li>\n<li>Newhaven<\/li>\n<li>Pembroke<\/li>\n<li>Sheerness<\/li>\n<\/ul>\n<p>&nbsp;<\/p>\n<p>H\u00e4fen au\u00dferhalb Englands mit Ziel England:<\/p>\n<ul>\n<li>Berge<\/li>\n<li>Esbjerg<\/li>\n<li>Santander<\/li>\n<li>Bilbao<\/li>\n<li>Europort (Rotterdam)<\/li>\n<li>St. Malo<\/li>\n<li>Brevik<\/li>\n<li>G\u00f6teborg<\/li>\n<li>Swinoujscie<\/li>\n<li>Caen<\/li>\n<li>Hoek van Holland<\/li>\n<li>Zeebrugge<\/li>\n<li>Calais<\/li>\n<li>Ijmuiden (Amsterdam)<\/li>\n<li>Cherbourg<\/li>\n<li>Kristiansand<\/li>\n<li>Cuxhaven<\/li>\n<li>Le Havre<\/li>\n<li>Dieppe<\/li>\n<li>Leixoes<\/li>\n<li>Dublin<\/li>\n<li>Roscoff<\/li>\n<li>D\u00fcnkirchen<\/li>\n<li>Rosslare<\/li>\n<\/ul>\n<p>&nbsp;<\/p>\n<p>Wir ben\u00f6tigen folgende Daten von Ihnen:<\/p>\n<ul>\n<li>Route<\/li>\n<li>Zolldokument (EU, EX, IM, T1&#8230;) oder C99-Formular (EOU, ENO, Datum der Ausstellung)<\/li>\n<li>Nummernschild des Fahrzeugs<\/li>\n<li>Leer oder geladen Beste Beratung zu vern\u00fcnftigen Preisen.<\/li>\n<\/ul>\n<p>&nbsp;<\/p>\n<p>Fragen Sie gleich bei LKW F\u00e4hren Buchen nach einer GMR Nummern Anmeldung an.<\/p>\n<\/div>\n<\/div>\n<\/div>\n<\/div>\n<\/div>\n<\/div>\n<\/div>\n<div id=\"cmsmasters_row_69fb573d5829d4_43506704\" class=\"cmsmasters_row cmsmasters_color_scheme_default cmsmasters_row_top_default cmsmasters_row_bot_default cmsmasters_row_boxed\">\n<div class=\"cmsmasters_row_outer_parent\">\n<div class=\"cmsmasters_row_outer\">\n<div class=\"cmsmasters_row_inner\">\n<div class=\"cmsmasters_row_margin\">\n<div class=\"cmsmasters_column one_first\">\n<\/div>\n<\/div>\n<\/div>\n<\/div>\n<\/div>\n<\/div>\n<div id=\"cmsmasters_row_69fb573d583638_47136595\" class=\"cmsmasters_row cmsmasters_color_scheme_default cmsmasters_row_top_default cmsmasters_row_bot_default cmsmasters_row_boxed\">\n<div class=\"cmsmasters_row_outer_parent\">\n<div class=\"cmsmasters_row_outer\">\n<div class=\"cmsmasters_row_inner\">\n<div class=\"cmsmasters_row_margin\">\n<div class=\"cmsmasters_column one_first\">\n<div class=\"cmsmasters_text\">\n<h1><strong>WAS SIE MIT DER <span style=\"color: #6ea6d5;\">FRACHTF\u00c4HRE<\/span> BEKOMMEN<\/strong><\/h1>\n<\/div>\n\n<div id=\"cmsmasters_divider_69fb573d585346_90755110\" class=\"cmsmasters_divider cmsmasters_divider_width_long cmsmasters_divider_pos_center\"><\/div>\n<\/div>\n<\/div>\n<\/div>\n<\/div>\n<\/div>\n<\/div>\n<div id=\"cmsmasters_row_69fb573d5857d7_67677794\" class=\"cmsmasters_row cmsmasters_color_scheme_default cmsmasters_row_top_default cmsmasters_row_bot_default cmsmasters_row_boxed\">\n<div class=\"cmsmasters_row_outer_parent\">\n<div class=\"cmsmasters_row_outer\">\n<div class=\"cmsmasters_row_inner\">\n<div class=\"cmsmasters_row_margin\">\n<div class=\"cmsmasters_column one_half\">\n\n<div id=\"cmsmasters_icon_box_69fb573d586e59_11269631\" class=\"cmsmasters_icon_box cmsmasters_icon_box_left_top box_icon_type_icon cmsmasters-icon-custom-10\">\n<div class=\"icon_box_inner\">\n<h3 class=\"icon_box_heading\">100% SICHERE LIEFERUNG<\/h3>\n<div class=\"icon_box_text\">\n<p>Unser Engagement f\u00fcr eine 100%ig sichere Zustellung sorgt daf\u00fcr, dass Ihre Schwerg\u00fcter sicher und p\u00fcnktlich ihr Ziel erreichen, unabh\u00e4ngig von ihrer Gr\u00f6\u00dfe oder Komplexit\u00e4t. Mit fortschrittlicher Logistik, fachkundiger Handhabung und strengen Sicherheitsma\u00dfnahmen sch\u00fctzen wir Ihre Sendung w\u00e4hrend der gesamten Seereise. Vertrauen Sie uns f\u00fcr nahtlose und zuverl\u00e4ssige Seefrachtl\u00f6sungen  <\/p>\n<\/div>\n<\/div>\n<\/div>\n\n<div id=\"cmsmasters_divider_69fb573d587603_99220167\" class=\"cl\"><\/div>\n<\/div>\n<div class=\"cmsmasters_column one_half\">\n\n<div id=\"cmsmasters_icon_box_69fb573d5880c8_38902613\" class=\"cmsmasters_icon_box cmsmasters_icon_box_left_top box_icon_type_icon cmsmasters-icon-custom-03\">\n<div class=\"icon_box_inner\">\n<h3 class=\"icon_box_heading\">MODERNE SCHIFFSFLOTTE<\/h3>\n<div class=\"icon_box_text\">\n<p>Bei unseren Partnern handelt es sich um moderne Schiffsflotten, die mit modernster Technologie ausgestattet sind, um die schwersten und komplexesten Frachttransporte abzuwickeln. Die Schiffe sind auf Effizienz, Sicherheit und Umweltvertr\u00e4glichkeit ausgelegt und gew\u00e4hrleisten eine zuverl\u00e4ssige und p\u00fcnktliche Lieferung auf den weltweiten Seewegen. Egal, ob Sie \u00fcbergro\u00dfe Maschinen oder sperrige Ausr\u00fcstung transportieren, es wird kein Problem geben.  <\/p>\n<\/div>\n<\/div>\n<\/div>\n\n<div id=\"cmsmasters_divider_69fb573d5886d0_88811222\" class=\"cl\"><\/div>\n<\/div>\n<\/div>\n<\/div>\n<\/div>\n<\/div>\n<\/div>\n\n","protected":false},"excerpt":{"rendered":"","protected":false},"author":1,"featured_media":7797,"parent":0,"menu_order":0,"comment_status":"closed","ping_status":"closed","template":"","meta":{"footnotes":""},"class_list":["post-7718","page","type-page","status-publish","has-post-thumbnail","hentry"],"yoast_head":"<!-- This site is optimized with the Yoast SEO plugin v25.0 - https:\/\/yoast.com\/wordpress\/plugins\/seo\/ -->\n<title>GMR-Nummer (Goods Movement Reference) - freight-ferry.de<\/title>\n<meta name=\"description\" content=\"Hafenregistrierung Niederl\u00e4ndischer HafenBrauchen Sie eine GMR-Nummer f\u00fcr die Einreise in einen britischen Hafen? Freight Ferry hilft Ihnen bei der Registrierung des Goods Vehicle Movement Service f\u00fcr eine reibungslose Zollabfertigung.\" \/>\n<meta name=\"robots\" content=\"index, follow, max-snippet:-1, max-image-preview:large, max-video-preview:-1\" \/>\n<link rel=\"canonical\" href=\"https:\/\/freight-ferry.de\/de\/gmr-nummer-goods-movement-reference\/\" \/>\n<meta property=\"og:locale\" content=\"de_DE\" \/>\n<meta property=\"og:type\" content=\"article\" \/>\n<meta property=\"og:title\" content=\"GMR-Nummer (Goods Movement Reference) - freight-ferry.de\" \/>\n<meta property=\"og:description\" content=\"Hafenregistrierung Niederl\u00e4ndischer HafenBrauchen Sie eine GMR-Nummer f\u00fcr die Einreise in einen britischen Hafen? Freight Ferry hilft Ihnen bei der Registrierung des Goods Vehicle Movement Service f\u00fcr eine reibungslose Zollabfertigung.\" \/>\n<meta property=\"og:url\" content=\"https:\/\/freight-ferry.de\/de\/gmr-nummer-goods-movement-reference\/\" \/>\n<meta property=\"og:site_name\" content=\"freight-ferry.de\" \/>\n<meta property=\"article:publisher\" content=\"https:\/\/www.instagram.com\/freightferry\/\" \/>\n<meta property=\"article:modified_time\" content=\"2025-02-24T09:12:56+00:00\" \/>\n<meta property=\"og:image\" content=\"https:\/\/freight-ferry.de\/wp-content\/uploads\/2024\/09\/DJI_0350.jpg\" \/>\n\t<meta property=\"og:image:width\" content=\"1400\" \/>\n\t<meta property=\"og:image:height\" content=\"788\" \/>\n\t<meta property=\"og:image:type\" content=\"image\/jpeg\" \/>\n<meta name=\"twitter:card\" content=\"summary_large_image\" \/>\n<meta name=\"twitter:label1\" content=\"Gesch\u00e4tzte Lesezeit\" \/>\n\t<meta name=\"twitter:data1\" content=\"2\u00a0Minuten\" \/>\n<script type=\"application\/ld+json\" class=\"yoast-schema-graph\">{\"@context\":\"https:\/\/schema.org\",\"@graph\":[{\"@type\":\"WebPage\",\"@id\":\"https:\/\/freight-ferry.de\/de\/gmr-nummer-goods-movement-reference\/\",\"url\":\"https:\/\/freight-ferry.de\/de\/gmr-nummer-goods-movement-reference\/\",\"name\":\"GMR-Nummer (Goods Movement Reference) - freight-ferry.de\",\"isPartOf\":{\"@id\":\"http:\/\/freight-ferry.de\/de\/#website\"},\"primaryImageOfPage\":{\"@id\":\"https:\/\/freight-ferry.de\/de\/gmr-nummer-goods-movement-reference\/#primaryimage\"},\"image\":{\"@id\":\"https:\/\/freight-ferry.de\/de\/gmr-nummer-goods-movement-reference\/#primaryimage\"},\"thumbnailUrl\":\"https:\/\/freight-ferry.de\/wp-content\/uploads\/2024\/09\/DJI_0350.jpg\",\"datePublished\":\"2024-09-23T06:48:24+00:00\",\"dateModified\":\"2025-02-24T09:12:56+00:00\",\"description\":\"Hafenregistrierung Niederl\u00e4ndischer HafenBrauchen Sie eine GMR-Nummer f\u00fcr die Einreise in einen britischen Hafen? Freight Ferry hilft Ihnen bei der Registrierung des Goods Vehicle Movement Service f\u00fcr eine reibungslose Zollabfertigung.\",\"breadcrumb\":{\"@id\":\"https:\/\/freight-ferry.de\/de\/gmr-nummer-goods-movement-reference\/#breadcrumb\"},\"inLanguage\":\"de\",\"potentialAction\":[{\"@type\":\"ReadAction\",\"target\":[\"https:\/\/freight-ferry.de\/de\/gmr-nummer-goods-movement-reference\/\"]}]},{\"@type\":\"ImageObject\",\"inLanguage\":\"de\",\"@id\":\"https:\/\/freight-ferry.de\/de\/gmr-nummer-goods-movement-reference\/#primaryimage\",\"url\":\"https:\/\/freight-ferry.de\/wp-content\/uploads\/2024\/09\/DJI_0350.jpg\",\"contentUrl\":\"https:\/\/freight-ferry.de\/wp-content\/uploads\/2024\/09\/DJI_0350.jpg\",\"width\":1400,\"height\":788},{\"@type\":\"BreadcrumbList\",\"@id\":\"https:\/\/freight-ferry.de\/de\/gmr-nummer-goods-movement-reference\/#breadcrumb\",\"itemListElement\":[{\"@type\":\"ListItem\",\"position\":1,\"name\":\"Home\",\"item\":\"http:\/\/freight-ferry.de\/de\/\"},{\"@type\":\"ListItem\",\"position\":2,\"name\":\"GMR-Nummer (Goods Movement Reference)\"}]},{\"@type\":\"WebSite\",\"@id\":\"http:\/\/freight-ferry.de\/de\/#website\",\"url\":\"http:\/\/freight-ferry.de\/de\/\",\"name\":\"freight-ferry.de\",\"description\":\"World Wide Logistics\",\"publisher\":{\"@id\":\"http:\/\/freight-ferry.de\/de\/#organization\"},\"potentialAction\":[{\"@type\":\"SearchAction\",\"target\":{\"@type\":\"EntryPoint\",\"urlTemplate\":\"http:\/\/freight-ferry.de\/de\/?s={search_term_string}\"},\"query-input\":{\"@type\":\"PropertyValueSpecification\",\"valueRequired\":true,\"valueName\":\"search_term_string\"}}],\"inLanguage\":\"de\"},{\"@type\":\"Organization\",\"@id\":\"http:\/\/freight-ferry.de\/de\/#organization\",\"name\":\"freight-ferry.de\",\"url\":\"http:\/\/freight-ferry.de\/de\/\",\"logo\":{\"@type\":\"ImageObject\",\"inLanguage\":\"de\",\"@id\":\"http:\/\/freight-ferry.de\/de\/#\/schema\/logo\/image\/\",\"url\":\"http:\/\/freight-ferry.de\/wp-content\/uploads\/2024\/09\/FreightFerry_Logo_600x195px_Tranparent.png\",\"contentUrl\":\"http:\/\/freight-ferry.de\/wp-content\/uploads\/2024\/09\/FreightFerry_Logo_600x195px_Tranparent.png\",\"width\":600,\"height\":195,\"caption\":\"freight-ferry.de\"},\"image\":{\"@id\":\"http:\/\/freight-ferry.de\/de\/#\/schema\/logo\/image\/\"},\"sameAs\":[\"https:\/\/www.instagram.com\/freightferry\/\",\"https:\/\/www.facebook.com\/profile.php?id=61566565140741\"]}]}<\/script>\n<!-- \/ Yoast SEO plugin. -->","yoast_head_json":{"title":"GMR-Nummer (Goods Movement Reference) - freight-ferry.de","description":"Hafenregistrierung Niederl\u00e4ndischer HafenBrauchen Sie eine GMR-Nummer f\u00fcr die Einreise in einen britischen Hafen? Freight Ferry hilft Ihnen bei der Registrierung des Goods Vehicle Movement Service f\u00fcr eine reibungslose Zollabfertigung.","robots":{"index":"index","follow":"follow","max-snippet":"max-snippet:-1","max-image-preview":"max-image-preview:large","max-video-preview":"max-video-preview:-1"},"canonical":"https:\/\/freight-ferry.de\/de\/gmr-nummer-goods-movement-reference\/","og_locale":"de_DE","og_type":"article","og_title":"GMR-Nummer (Goods Movement Reference) - freight-ferry.de","og_description":"Hafenregistrierung Niederl\u00e4ndischer HafenBrauchen Sie eine GMR-Nummer f\u00fcr die Einreise in einen britischen Hafen? Freight Ferry hilft Ihnen bei der Registrierung des Goods Vehicle Movement Service f\u00fcr eine reibungslose Zollabfertigung.","og_url":"https:\/\/freight-ferry.de\/de\/gmr-nummer-goods-movement-reference\/","og_site_name":"freight-ferry.de","article_publisher":"https:\/\/www.instagram.com\/freightferry\/","article_modified_time":"2025-02-24T09:12:56+00:00","og_image":[{"width":1400,"height":788,"url":"https:\/\/freight-ferry.de\/wp-content\/uploads\/2024\/09\/DJI_0350.jpg","type":"image\/jpeg"}],"twitter_card":"summary_large_image","twitter_misc":{"Gesch\u00e4tzte Lesezeit":"2\u00a0Minuten"},"schema":{"@context":"https:\/\/schema.org","@graph":[{"@type":"WebPage","@id":"https:\/\/freight-ferry.de\/de\/gmr-nummer-goods-movement-reference\/","url":"https:\/\/freight-ferry.de\/de\/gmr-nummer-goods-movement-reference\/","name":"GMR-Nummer (Goods Movement Reference) - freight-ferry.de","isPartOf":{"@id":"http:\/\/freight-ferry.de\/de\/#website"},"primaryImageOfPage":{"@id":"https:\/\/freight-ferry.de\/de\/gmr-nummer-goods-movement-reference\/#primaryimage"},"image":{"@id":"https:\/\/freight-ferry.de\/de\/gmr-nummer-goods-movement-reference\/#primaryimage"},"thumbnailUrl":"https:\/\/freight-ferry.de\/wp-content\/uploads\/2024\/09\/DJI_0350.jpg","datePublished":"2024-09-23T06:48:24+00:00","dateModified":"2025-02-24T09:12:56+00:00","description":"Hafenregistrierung Niederl\u00e4ndischer HafenBrauchen Sie eine GMR-Nummer f\u00fcr die Einreise in einen britischen Hafen? Freight Ferry hilft Ihnen bei der Registrierung des Goods Vehicle Movement Service f\u00fcr eine reibungslose Zollabfertigung.","breadcrumb":{"@id":"https:\/\/freight-ferry.de\/de\/gmr-nummer-goods-movement-reference\/#breadcrumb"},"inLanguage":"de","potentialAction":[{"@type":"ReadAction","target":["https:\/\/freight-ferry.de\/de\/gmr-nummer-goods-movement-reference\/"]}]},{"@type":"ImageObject","inLanguage":"de","@id":"https:\/\/freight-ferry.de\/de\/gmr-nummer-goods-movement-reference\/#primaryimage","url":"https:\/\/freight-ferry.de\/wp-content\/uploads\/2024\/09\/DJI_0350.jpg","contentUrl":"https:\/\/freight-ferry.de\/wp-content\/uploads\/2024\/09\/DJI_0350.jpg","width":1400,"height":788},{"@type":"BreadcrumbList","@id":"https:\/\/freight-ferry.de\/de\/gmr-nummer-goods-movement-reference\/#breadcrumb","itemListElement":[{"@type":"ListItem","position":1,"name":"Home","item":"http:\/\/freight-ferry.de\/de\/"},{"@type":"ListItem","position":2,"name":"GMR-Nummer (Goods Movement Reference)"}]},{"@type":"WebSite","@id":"http:\/\/freight-ferry.de\/de\/#website","url":"http:\/\/freight-ferry.de\/de\/","name":"freight-ferry.de","description":"World Wide Logistics","publisher":{"@id":"http:\/\/freight-ferry.de\/de\/#organization"},"potentialAction":[{"@type":"SearchAction","target":{"@type":"EntryPoint","urlTemplate":"http:\/\/freight-ferry.de\/de\/?s={search_term_string}"},"query-input":{"@type":"PropertyValueSpecification","valueRequired":true,"valueName":"search_term_string"}}],"inLanguage":"de"},{"@type":"Organization","@id":"http:\/\/freight-ferry.de\/de\/#organization","name":"freight-ferry.de","url":"http:\/\/freight-ferry.de\/de\/","logo":{"@type":"ImageObject","inLanguage":"de","@id":"http:\/\/freight-ferry.de\/de\/#\/schema\/logo\/image\/","url":"http:\/\/freight-ferry.de\/wp-content\/uploads\/2024\/09\/FreightFerry_Logo_600x195px_Tranparent.png","contentUrl":"http:\/\/freight-ferry.de\/wp-content\/uploads\/2024\/09\/FreightFerry_Logo_600x195px_Tranparent.png","width":600,"height":195,"caption":"freight-ferry.de"},"image":{"@id":"http:\/\/freight-ferry.de\/de\/#\/schema\/logo\/image\/"},"sameAs":["https:\/\/www.instagram.com\/freightferry\/","https:\/\/www.facebook.com\/profile.php?id=61566565140741"]}]}},"_links":{"self":[{"href":"https:\/\/freight-ferry.de\/de\/wp-json\/wp\/v2\/pages\/7718","targetHints":{"allow":["GET"]}}],"collection":[{"href":"https:\/\/freight-ferry.de\/de\/wp-json\/wp\/v2\/pages"}],"about":[{"href":"https:\/\/freight-ferry.de\/de\/wp-json\/wp\/v2\/types\/page"}],"author":[{"embeddable":true,"href":"https:\/\/freight-ferry.de\/de\/wp-json\/wp\/v2\/users\/1"}],"replies":[{"embeddable":true,"href":"https:\/\/freight-ferry.de\/de\/wp-json\/wp\/v2\/comments?post=7718"}],"version-history":[{"count":6,"href":"https:\/\/freight-ferry.de\/de\/wp-json\/wp\/v2\/pages\/7718\/revisions"}],"predecessor-version":[{"id":8705,"href":"https:\/\/freight-ferry.de\/de\/wp-json\/wp\/v2\/pages\/7718\/revisions\/8705"}],"wp:featuredmedia":[{"embeddable":true,"href":"https:\/\/freight-ferry.de\/de\/wp-json\/wp\/v2\/media\/7797"}],"wp:attachment":[{"href":"https:\/\/freight-ferry.de\/de\/wp-json\/wp\/v2\/media?parent=7718"}],"curies":[{"name":"wp","href":"https:\/\/api.w.org\/{rel}","templated":true}]}}