{"id":7972,"date":"2024-09-17T07:55:52","date_gmt":"2024-09-17T06:55:52","guid":{"rendered":"http:\/\/freight-ferry.de\/faehre-buchen\/"},"modified":"2025-02-13T09:48:14","modified_gmt":"2025-02-13T08:48:14","slug":"faehre-buchen","status":"publish","type":"page","link":"https:\/\/freight-ferry.de\/de\/faehre-buchen\/","title":{"rendered":"F\u00e4hrbuchung"},"content":{"rendered":"<style type=\"text\/css\"> \n#cmsmasters_row_69feba1b6e9954_39568882 .cmsmasters_row_outer_parent { \n\tpadding-top: 0px; \n} \n\n#cmsmasters_row_69feba1b6e9954_39568882 .cmsmasters_row_outer_parent { \n\tpadding-bottom: 10px; \n} \n\n \n#cmsmasters_heading_69feba1b6eb8a3_04523401 { \n\ttext-align:left; \n\tmargin-top:0px; \n\tmargin-bottom:0px; \n} \n\n#cmsmasters_heading_69feba1b6eb8a3_04523401 .cmsmasters_heading { \n\ttext-align:left; \n} \n\n#cmsmasters_heading_69feba1b6eb8a3_04523401 .cmsmasters_heading, #cmsmasters_heading_69feba1b6eb8a3_04523401 .cmsmasters_heading a { \n\tfont-family:'Roboto Condensed'; \n\tfont-size:18px; \n\tline-height:24px; \n\tfont-weight:600; \n\tfont-style:normal; \n\tcolor:#a8a8a8;\n} \n\n#cmsmasters_heading_69feba1b6eb8a3_04523401 .cmsmasters_heading_divider { \n} \n\n \n#cmsmasters_heading_69feba1b6ebdb0_00147964 { \n\ttext-align:left; \n\tmargin-top:0px; \n\tmargin-bottom:20px; \n} \n\n#cmsmasters_heading_69feba1b6ebdb0_00147964 .cmsmasters_heading { \n\ttext-align:left; \n} \n\n#cmsmasters_heading_69feba1b6ebdb0_00147964 .cmsmasters_heading, #cmsmasters_heading_69feba1b6ebdb0_00147964 .cmsmasters_heading a { \n\tfont-size:28px; \n\tfont-weight:600; \n\tfont-style:normal; \n} \n\n#cmsmasters_heading_69feba1b6ebdb0_00147964 .cmsmasters_heading_divider { \n} \n\n \n#cmsmasters_divider_69feba1b6ec162_47220956 { \n\tborder-bottom-width:1px; \n\tborder-bottom-style:solid; \n\tpadding-top:0px; \n\tmargin-bottom:40px; \n} \n \n#cmsmasters_row_69feba1b6ee525_65314739 .cmsmasters_row_outer_parent { \n\tpadding-top: 0px; \n} \n\n#cmsmasters_row_69feba1b6ee525_65314739 .cmsmasters_row_outer_parent { \n\tpadding-bottom: 10px; \n} \n\n \n#cmsmasters_row_69feba1b6faee7_86171891 .cmsmasters_row_outer_parent { \n\tpadding-top: 0px; \n} \n\n#cmsmasters_row_69feba1b6faee7_86171891 .cmsmasters_row_outer_parent { \n\tpadding-bottom: 40px; \n} \n\n \n#cmsmasters_row_69feba1b6fc475_52297528 .cmsmasters_row_outer_parent { \n\tpadding-top: 0px; \n} \n\n#cmsmasters_row_69feba1b6fc475_52297528 .cmsmasters_row_outer_parent { \n\tpadding-bottom: 0px; \n} \n\n \n#cmsmasters_divider_69feba1b6fef41_25733105 { \n\tborder-bottom-width:1px; \n\tborder-bottom-style:solid; \n\tpadding-top:0px; \n\tmargin-bottom:40px; \n} \n \n#cmsmasters_row_69feba1b6ff6f6_52280566 .cmsmasters_row_outer_parent { \n\tpadding-bottom: 50px; \n} \n\n \n#cmsmasters_icon_box_69feba1b701bf3_31274180 { \n\tborder-width:1px; \n\tbackground-color:#fcfcfc;\n\tborder-color:#e4e4e4;\n} \n\n#cmsmasters_icon_box_69feba1b701bf3_31274180:before, \n#cmsmasters_icon_box_69feba1b701bf3_31274180 .icon_box_heading:before { \n\tfont-size:30px; \n\tline-height:60px; \n\twidth:60px; \n\theight:60px; \n\tborder-width:0px; \n\t-webkit-border-radius:50%; \n\tborder-radius:50%; \n\tcolor:#ffffff;\n\tbackground-color:#6ea6d5;\n} \n\n#cmsmasters_icon_box_69feba1b701bf3_31274180.cmsmasters_icon_heading_left, \n#cmsmasters_icon_box_69feba1b701bf3_31274180.cmsmasters_icon_top, \n#cmsmasters_icon_box_69feba1b701bf3_31274180.cmsmasters_icon_box_left_top { \n\tpadding:30px 20px; } \n\n#cmsmasters_icon_box_69feba1b701bf3_31274180.cmsmasters_icon_top:before { \n\ttop:30px;} \n\n#cmsmasters_icon_box_69feba1b701bf3_31274180.cmsmasters_icon_box_left, \n#cmsmasters_icon_box_69feba1b701bf3_31274180.cmsmasters_icon_box_left_top { \n\tpadding-left:60px; \n\tmargin-left:30px; \n\t} \n\n#cmsmasters_icon_box_69feba1b701bf3_31274180.cmsmasters_icon_box_left:before, \n#cmsmasters_icon_box_69feba1b701bf3_31274180.cmsmasters_icon_box_left_top:before { \n\tleft:-30px; \n\t} \n\n#cmsmasters_icon_box_69feba1b701bf3_31274180.cmsmasters_icon_box_left_top { \n\tpadding-top:30px; \n\tmargin-top:60px; \n\t} \n\n#cmsmasters_icon_box_69feba1b701bf3_31274180.cmsmasters_icon_box_left_top:before { \n\tmargin-top:-30px; \n\t} \n\n \n#cmsmasters_divider_69feba1b702818_02539078 { \n\tborder-bottom-width:0px; \n\tborder-bottom-style:solid; \n\tpadding-top:0px; \n\tmargin-bottom:40px; \n} \n \n#cmsmasters_icon_box_69feba1b7039d3_49522865 { \n\tborder-width:1px; \n\tbackground-color:#fcfcfc;\n\tborder-color:#e4e4e4;\n} \n\n#cmsmasters_icon_box_69feba1b7039d3_49522865:before, \n#cmsmasters_icon_box_69feba1b7039d3_49522865 .icon_box_heading:before { \n\tfont-size:30px; \n\tline-height:60px; \n\twidth:60px; \n\theight:60px; \n\tborder-width:0px; \n\t-webkit-border-radius:50%; \n\tborder-radius:50%; \n\tbackground-color:#6ea6d5;\n} \n\n#cmsmasters_icon_box_69feba1b7039d3_49522865.cmsmasters_icon_heading_left, \n#cmsmasters_icon_box_69feba1b7039d3_49522865.cmsmasters_icon_top, \n#cmsmasters_icon_box_69feba1b7039d3_49522865.cmsmasters_icon_box_left_top { \n\tpadding:30px 20px; } \n\n#cmsmasters_icon_box_69feba1b7039d3_49522865.cmsmasters_icon_top:before { \n\ttop:30px;} \n\n#cmsmasters_icon_box_69feba1b7039d3_49522865.cmsmasters_icon_box_left, \n#cmsmasters_icon_box_69feba1b7039d3_49522865.cmsmasters_icon_box_left_top { \n\tpadding-left:60px; \n\tmargin-left:30px; \n\t} \n\n#cmsmasters_icon_box_69feba1b7039d3_49522865.cmsmasters_icon_box_left:before, \n#cmsmasters_icon_box_69feba1b7039d3_49522865.cmsmasters_icon_box_left_top:before { \n\tleft:-30px; \n\t} \n\n#cmsmasters_icon_box_69feba1b7039d3_49522865.cmsmasters_icon_box_left_top { \n\tpadding-top:30px; \n\tmargin-top:60px; \n\t} \n\n#cmsmasters_icon_box_69feba1b7039d3_49522865.cmsmasters_icon_box_left_top:before { \n\tmargin-top:-30px; \n\t} \n\n \n#cmsmasters_divider_69feba1b7043f5_40407743 { \n\tborder-bottom-width:0px; \n\tborder-bottom-style:solid; \n\tpadding-top:0px; \n\tmargin-bottom:40px; \n} \n<\/style><div id=\"cmsmasters_row_69feba1b6e9954_39568882\" class=\"cmsmasters_row cmsmasters_color_scheme_default cmsmasters_row_top_default cmsmasters_row_bot_default cmsmasters_row_boxed\">\n<div class=\"cmsmasters_row_outer_parent\">\n<div class=\"cmsmasters_row_outer\">\n<div class=\"cmsmasters_row_inner\">\n<div class=\"cmsmasters_row_margin\">\n<div class=\"cmsmasters_column one_first\">\n\n<div id=\"cmsmasters_heading_69feba1b6eb8a3_04523401\" class=\"cmsmasters_heading_wrap cmsmasters_heading_align_left\">\n\t<h3 class=\"cmsmasters_heading\">Dienst<\/h3>\n<\/div>\n<div id=\"cmsmasters_heading_69feba1b6ebdb0_00147964\" class=\"cmsmasters_heading_wrap cmsmasters_heading_align_left\">\n\t<h1 class=\"cmsmasters_heading\">F\u00e4hrbuchung<\/h1>\n<\/div>\n\n<div id=\"cmsmasters_divider_69feba1b6ec162_47220956\" class=\"cmsmasters_divider cmsmasters_divider_width_long cmsmasters_divider_pos_center\"><\/div>\n<div class=\"cmsmasters_text\">\n<p>Unsere Fachberater stehen Ihnen als Vermittler f\u00fcr Ihre F\u00e4hrtransporte mit unz\u00e4hligen F\u00e4hrstrecken und Reedereien in ganz Europa, Skandinavien und England zur Verf\u00fcgung. Ihre Anfragen zu den F\u00e4hrstrecken oder Sonder-\/Schwertransporte beraten wir Sie gerne umfassend per Mail und Telefon \u00fcber die technischen M\u00f6glichkeiten, Fahrpl\u00e4ne und Transportkosten. <\/p>\n<\/div>\n<\/div>\n<\/div>\n<\/div>\n<\/div>\n<\/div>\n<\/div>\n<div id=\"cmsmasters_row_69feba1b6ee525_65314739\" class=\"cmsmasters_row cmsmasters_color_scheme_default cmsmasters_row_top_default cmsmasters_row_bot_default cmsmasters_row_boxed\">\n<div class=\"cmsmasters_row_outer_parent\">\n<div class=\"cmsmasters_row_outer\">\n<div class=\"cmsmasters_row_inner\">\n<div class=\"cmsmasters_row_margin\">\n<div class=\"cmsmasters_column one_half\">\n<div class=\"cmsmasters_content_slider_wrap\" style=\"max-width:580px;\">\n<script type=\"text\/javascript\">jQuery(document).ready(function () { jQuery(\"#cmsmasters_slider_69feba1b6efa84_70979771.cmsmasters_content_slider\").owlCarousel( { singleItem : true, transitionStyle: false, rewindSpeed : 1000, slideSpeed : 600, autoHeight : true, paginationSpeed : \t600, autoPlay : 7000,navigationText : \t[ \"<span class=\\\"cmsmasters_prev_arrow\\\"><span><\/span><\/span>\", \"<span class=\\\"cmsmasters_next_arrow\\\"><span><\/span><\/span>\" ] } );} );<\/script>\n<div id=\"cmsmasters_slider_69feba1b6efa84_70979771\" class=\"cmsmasters_content_slider cmsmasters_owl_slider owl-carousel\">\n<div class=\"cmsmasters_content_slider_item\"><img loading=\"lazy\" decoding=\"async\" width=\"580\" height=\"350\" src=\"https:\/\/freight-ferry.de\/wp-content\/uploads\/2024\/09\/MontStMichel-small-1-580x350.jpg\" class=\"attachment-cmsmasters-blog-masonry-thumb size-cmsmasters-blog-masonry-thumb\" alt=\"\" \/><\/div><div class=\"cmsmasters_content_slider_item\"><img loading=\"lazy\" decoding=\"async\" width=\"580\" height=\"350\" src=\"https:\/\/freight-ferry.de\/wp-content\/uploads\/2024\/09\/Suprema-lato-dx-02-580x350.jpg\" class=\"attachment-cmsmasters-blog-masonry-thumb size-cmsmasters-blog-masonry-thumb\" alt=\"\" \/><\/div><div class=\"cmsmasters_content_slider_item\"><img loading=\"lazy\" decoding=\"async\" width=\"580\" height=\"350\" src=\"https:\/\/freight-ferry.de\/wp-content\/uploads\/2024\/09\/FINBO-CARGO-2-580x350.jpg\" class=\"attachment-cmsmasters-blog-masonry-thumb size-cmsmasters-blog-masonry-thumb\" alt=\"\" \/><\/div><\/div>\n<\/div>\n<\/div>\n<div class=\"cmsmasters_column one_half\">\n<\/div>\n<\/div>\n<\/div>\n<\/div>\n<\/div>\n<\/div>\n<div id=\"cmsmasters_row_69feba1b6faee7_86171891\" class=\"cmsmasters_row cmsmasters_color_scheme_default cmsmasters_row_top_default cmsmasters_row_bot_default cmsmasters_row_boxed\">\n<div class=\"cmsmasters_row_outer_parent\">\n<div class=\"cmsmasters_row_outer\">\n<div class=\"cmsmasters_row_inner\">\n<div class=\"cmsmasters_row_margin\">\n<div class=\"cmsmasters_column one_first\">\n<\/div>\n<\/div>\n<\/div>\n<\/div>\n<\/div>\n<\/div>\n<div id=\"cmsmasters_row_69feba1b6fc475_52297528\" class=\"cmsmasters_row cmsmasters_color_scheme_default cmsmasters_row_top_default cmsmasters_row_bot_default cmsmasters_row_boxed\">\n<div class=\"cmsmasters_row_outer_parent\">\n<div class=\"cmsmasters_row_outer\">\n<div class=\"cmsmasters_row_inner\">\n<div class=\"cmsmasters_row_margin\">\n<div class=\"cmsmasters_column one_first\">\n<div class=\"cmsmasters_text\">\n<h1><strong>WAS SIE MIT DER <span style=\"color: #6ea6d5;\">FRACHTF\u00c4HRE<\/span> BEKOMMEN<\/strong><\/h1>\n<\/div>\n\n<div id=\"cmsmasters_divider_69feba1b6fef41_25733105\" class=\"cmsmasters_divider cmsmasters_divider_width_long cmsmasters_divider_pos_center\"><\/div>\n<\/div>\n<\/div>\n<\/div>\n<\/div>\n<\/div>\n<\/div>\n<div id=\"cmsmasters_row_69feba1b6ff6f6_52280566\" class=\"cmsmasters_row cmsmasters_color_scheme_default cmsmasters_row_top_default cmsmasters_row_bot_default cmsmasters_row_boxed\">\n<div class=\"cmsmasters_row_outer_parent\">\n<div class=\"cmsmasters_row_outer\">\n<div class=\"cmsmasters_row_inner\">\n<div class=\"cmsmasters_row_margin\">\n<div class=\"cmsmasters_column one_half\">\n\n<div id=\"cmsmasters_icon_box_69feba1b701bf3_31274180\" class=\"cmsmasters_icon_box cmsmasters_icon_box_left_top box_icon_type_icon cmsmasters-icon-custom-10\">\n<div class=\"icon_box_inner\">\n<h3 class=\"icon_box_heading\">100% SICHERE LIEFERUNG<\/h3>\n<div class=\"icon_box_text\">\n<p>Unser Engagement f\u00fcr eine 100%ig sichere Zustellung sorgt daf\u00fcr, dass Ihre Schwerg\u00fcter sicher und p\u00fcnktlich ihr Ziel erreichen, unabh\u00e4ngig von ihrer Gr\u00f6\u00dfe oder Komplexit\u00e4t. Mit fortschrittlicher Logistik, fachkundiger Handhabung und strengen Sicherheitsma\u00dfnahmen sch\u00fctzen wir Ihre Sendung w\u00e4hrend der gesamten Seereise. Vertrauen Sie uns f\u00fcr nahtlose und zuverl\u00e4ssige Seefrachtl\u00f6sungen  <\/p>\n<\/div>\n<\/div>\n<\/div>\n\n<div id=\"cmsmasters_divider_69feba1b702818_02539078\" class=\"cl\"><\/div>\n<\/div>\n<div class=\"cmsmasters_column one_half\">\n\n<div id=\"cmsmasters_icon_box_69feba1b7039d3_49522865\" class=\"cmsmasters_icon_box cmsmasters_icon_box_left_top box_icon_type_icon cmsmasters-icon-custom-03\">\n<div class=\"icon_box_inner\">\n<h3 class=\"icon_box_heading\">MODERNE SCHIFFSFLOTTE<\/h3>\n<div class=\"icon_box_text\">\n<p>Bei unseren Partnern handelt es sich um moderne Schiffsflotten, die mit modernster Technologie ausgestattet sind, um die schwersten und komplexesten Frachttransporte abzuwickeln. Die Schiffe sind auf Effizienz, Sicherheit und Umweltvertr\u00e4glichkeit ausgelegt und gew\u00e4hrleisten eine zuverl\u00e4ssige und p\u00fcnktliche Lieferung auf den weltweiten Seewegen. Egal, ob Sie \u00fcbergro\u00dfe Maschinen oder sperrige Ausr\u00fcstung transportieren, es wird kein Problem geben.  <\/p>\n<\/div>\n<\/div>\n<\/div>\n\n<div id=\"cmsmasters_divider_69feba1b7043f5_40407743\" class=\"cl\"><\/div>\n<\/div>\n<\/div>\n<\/div>\n<\/div>\n<\/div>\n<\/div>\n\n","protected":false},"excerpt":{"rendered":"","protected":false},"author":1,"featured_media":7790,"parent":0,"menu_order":0,"comment_status":"closed","ping_status":"closed","template":"","meta":{"footnotes":""},"class_list":["post-7972","page","type-page","status-publish","has-post-thumbnail","hentry"],"yoast_head":"<!-- This site is optimized with the Yoast SEO plugin v25.0 - https:\/\/yoast.com\/wordpress\/plugins\/seo\/ -->\n<title>F\u00e4hrbuchung - freight-ferry.de<\/title>\n<meta name=\"description\" content=\"Buchen Sie F\u00e4hrtransporte in ganz Europa mit fachkundiger Beratung. Erhalten Sie pers\u00f6nliche Unterst\u00fctzung zu Routen, Fahrpl\u00e4nen und Kosten f\u00fcr alle Frachtanforderungen!\" \/>\n<meta name=\"robots\" content=\"index, follow, max-snippet:-1, max-image-preview:large, max-video-preview:-1\" \/>\n<link rel=\"canonical\" href=\"https:\/\/freight-ferry.de\/de\/faehre-buchen\/\" \/>\n<meta property=\"og:locale\" content=\"de_DE\" \/>\n<meta property=\"og:type\" content=\"article\" \/>\n<meta property=\"og:title\" content=\"F\u00e4hrbuchung - freight-ferry.de\" \/>\n<meta property=\"og:description\" content=\"Buchen Sie F\u00e4hrtransporte in ganz Europa mit fachkundiger Beratung. Erhalten Sie pers\u00f6nliche Unterst\u00fctzung zu Routen, Fahrpl\u00e4nen und Kosten f\u00fcr alle Frachtanforderungen!\" \/>\n<meta property=\"og:url\" content=\"https:\/\/freight-ferry.de\/de\/faehre-buchen\/\" \/>\n<meta property=\"og:site_name\" content=\"freight-ferry.de\" \/>\n<meta property=\"article:publisher\" content=\"https:\/\/www.instagram.com\/freightferry\/\" \/>\n<meta property=\"article:modified_time\" content=\"2025-02-13T08:48:14+00:00\" \/>\n<meta property=\"og:image\" content=\"http:\/\/freight-ferry.de\/wp-content\/uploads\/2024\/09\/MontStMichel-small-1.jpg\" \/>\n\t<meta property=\"og:image:width\" content=\"1400\" \/>\n\t<meta property=\"og:image:height\" content=\"934\" \/>\n\t<meta property=\"og:image:type\" content=\"image\/jpeg\" \/>\n<meta name=\"twitter:card\" content=\"summary_large_image\" \/>\n<meta name=\"twitter:label1\" content=\"Gesch\u00e4tzte Lesezeit\" \/>\n\t<meta name=\"twitter:data1\" content=\"2\u00a0Minuten\" \/>\n<script type=\"application\/ld+json\" class=\"yoast-schema-graph\">{\"@context\":\"https:\/\/schema.org\",\"@graph\":[{\"@type\":\"WebPage\",\"@id\":\"https:\/\/freight-ferry.de\/de\/faehre-buchen\/\",\"url\":\"https:\/\/freight-ferry.de\/de\/faehre-buchen\/\",\"name\":\"F\u00e4hrbuchung - freight-ferry.de\",\"isPartOf\":{\"@id\":\"http:\/\/freight-ferry.de\/de\/#website\"},\"primaryImageOfPage\":{\"@id\":\"https:\/\/freight-ferry.de\/de\/faehre-buchen\/#primaryimage\"},\"image\":{\"@id\":\"https:\/\/freight-ferry.de\/de\/faehre-buchen\/#primaryimage\"},\"thumbnailUrl\":\"https:\/\/freight-ferry.de\/wp-content\/uploads\/2024\/09\/MontStMichel-small-1.jpg\",\"datePublished\":\"2024-09-17T06:55:52+00:00\",\"dateModified\":\"2025-02-13T08:48:14+00:00\",\"description\":\"Buchen Sie F\u00e4hrtransporte in ganz Europa mit fachkundiger Beratung. Erhalten Sie pers\u00f6nliche Unterst\u00fctzung zu Routen, Fahrpl\u00e4nen und Kosten f\u00fcr alle Frachtanforderungen!\",\"breadcrumb\":{\"@id\":\"https:\/\/freight-ferry.de\/de\/faehre-buchen\/#breadcrumb\"},\"inLanguage\":\"de\",\"potentialAction\":[{\"@type\":\"ReadAction\",\"target\":[\"https:\/\/freight-ferry.de\/de\/faehre-buchen\/\"]}]},{\"@type\":\"ImageObject\",\"inLanguage\":\"de\",\"@id\":\"https:\/\/freight-ferry.de\/de\/faehre-buchen\/#primaryimage\",\"url\":\"https:\/\/freight-ferry.de\/wp-content\/uploads\/2024\/09\/MontStMichel-small-1.jpg\",\"contentUrl\":\"https:\/\/freight-ferry.de\/wp-content\/uploads\/2024\/09\/MontStMichel-small-1.jpg\",\"width\":1400,\"height\":934},{\"@type\":\"BreadcrumbList\",\"@id\":\"https:\/\/freight-ferry.de\/de\/faehre-buchen\/#breadcrumb\",\"itemListElement\":[{\"@type\":\"ListItem\",\"position\":1,\"name\":\"Home\",\"item\":\"http:\/\/freight-ferry.de\/de\/\"},{\"@type\":\"ListItem\",\"position\":2,\"name\":\"F\u00e4hrbuchung\"}]},{\"@type\":\"WebSite\",\"@id\":\"http:\/\/freight-ferry.de\/de\/#website\",\"url\":\"http:\/\/freight-ferry.de\/de\/\",\"name\":\"freight-ferry.de\",\"description\":\"World Wide Logistics\",\"publisher\":{\"@id\":\"http:\/\/freight-ferry.de\/de\/#organization\"},\"potentialAction\":[{\"@type\":\"SearchAction\",\"target\":{\"@type\":\"EntryPoint\",\"urlTemplate\":\"http:\/\/freight-ferry.de\/de\/?s={search_term_string}\"},\"query-input\":{\"@type\":\"PropertyValueSpecification\",\"valueRequired\":true,\"valueName\":\"search_term_string\"}}],\"inLanguage\":\"de\"},{\"@type\":\"Organization\",\"@id\":\"http:\/\/freight-ferry.de\/de\/#organization\",\"name\":\"freight-ferry.de\",\"url\":\"http:\/\/freight-ferry.de\/de\/\",\"logo\":{\"@type\":\"ImageObject\",\"inLanguage\":\"de\",\"@id\":\"http:\/\/freight-ferry.de\/de\/#\/schema\/logo\/image\/\",\"url\":\"http:\/\/freight-ferry.de\/wp-content\/uploads\/2024\/09\/FreightFerry_Logo_600x195px_Tranparent.png\",\"contentUrl\":\"http:\/\/freight-ferry.de\/wp-content\/uploads\/2024\/09\/FreightFerry_Logo_600x195px_Tranparent.png\",\"width\":600,\"height\":195,\"caption\":\"freight-ferry.de\"},\"image\":{\"@id\":\"http:\/\/freight-ferry.de\/de\/#\/schema\/logo\/image\/\"},\"sameAs\":[\"https:\/\/www.instagram.com\/freightferry\/\",\"https:\/\/www.facebook.com\/profile.php?id=61566565140741\"]}]}<\/script>\n<!-- \/ Yoast SEO plugin. -->","yoast_head_json":{"title":"F\u00e4hrbuchung - freight-ferry.de","description":"Buchen Sie F\u00e4hrtransporte in ganz Europa mit fachkundiger Beratung. Erhalten Sie pers\u00f6nliche Unterst\u00fctzung zu Routen, Fahrpl\u00e4nen und Kosten f\u00fcr alle Frachtanforderungen!","robots":{"index":"index","follow":"follow","max-snippet":"max-snippet:-1","max-image-preview":"max-image-preview:large","max-video-preview":"max-video-preview:-1"},"canonical":"https:\/\/freight-ferry.de\/de\/faehre-buchen\/","og_locale":"de_DE","og_type":"article","og_title":"F\u00e4hrbuchung - freight-ferry.de","og_description":"Buchen Sie F\u00e4hrtransporte in ganz Europa mit fachkundiger Beratung. Erhalten Sie pers\u00f6nliche Unterst\u00fctzung zu Routen, Fahrpl\u00e4nen und Kosten f\u00fcr alle Frachtanforderungen!","og_url":"https:\/\/freight-ferry.de\/de\/faehre-buchen\/","og_site_name":"freight-ferry.de","article_publisher":"https:\/\/www.instagram.com\/freightferry\/","article_modified_time":"2025-02-13T08:48:14+00:00","og_image":[{"width":1400,"height":934,"url":"http:\/\/freight-ferry.de\/wp-content\/uploads\/2024\/09\/MontStMichel-small-1.jpg","type":"image\/jpeg"}],"twitter_card":"summary_large_image","twitter_misc":{"Gesch\u00e4tzte Lesezeit":"2\u00a0Minuten"},"schema":{"@context":"https:\/\/schema.org","@graph":[{"@type":"WebPage","@id":"https:\/\/freight-ferry.de\/de\/faehre-buchen\/","url":"https:\/\/freight-ferry.de\/de\/faehre-buchen\/","name":"F\u00e4hrbuchung - freight-ferry.de","isPartOf":{"@id":"http:\/\/freight-ferry.de\/de\/#website"},"primaryImageOfPage":{"@id":"https:\/\/freight-ferry.de\/de\/faehre-buchen\/#primaryimage"},"image":{"@id":"https:\/\/freight-ferry.de\/de\/faehre-buchen\/#primaryimage"},"thumbnailUrl":"https:\/\/freight-ferry.de\/wp-content\/uploads\/2024\/09\/MontStMichel-small-1.jpg","datePublished":"2024-09-17T06:55:52+00:00","dateModified":"2025-02-13T08:48:14+00:00","description":"Buchen Sie F\u00e4hrtransporte in ganz Europa mit fachkundiger Beratung. Erhalten Sie pers\u00f6nliche Unterst\u00fctzung zu Routen, Fahrpl\u00e4nen und Kosten f\u00fcr alle Frachtanforderungen!","breadcrumb":{"@id":"https:\/\/freight-ferry.de\/de\/faehre-buchen\/#breadcrumb"},"inLanguage":"de","potentialAction":[{"@type":"ReadAction","target":["https:\/\/freight-ferry.de\/de\/faehre-buchen\/"]}]},{"@type":"ImageObject","inLanguage":"de","@id":"https:\/\/freight-ferry.de\/de\/faehre-buchen\/#primaryimage","url":"https:\/\/freight-ferry.de\/wp-content\/uploads\/2024\/09\/MontStMichel-small-1.jpg","contentUrl":"https:\/\/freight-ferry.de\/wp-content\/uploads\/2024\/09\/MontStMichel-small-1.jpg","width":1400,"height":934},{"@type":"BreadcrumbList","@id":"https:\/\/freight-ferry.de\/de\/faehre-buchen\/#breadcrumb","itemListElement":[{"@type":"ListItem","position":1,"name":"Home","item":"http:\/\/freight-ferry.de\/de\/"},{"@type":"ListItem","position":2,"name":"F\u00e4hrbuchung"}]},{"@type":"WebSite","@id":"http:\/\/freight-ferry.de\/de\/#website","url":"http:\/\/freight-ferry.de\/de\/","name":"freight-ferry.de","description":"World Wide Logistics","publisher":{"@id":"http:\/\/freight-ferry.de\/de\/#organization"},"potentialAction":[{"@type":"SearchAction","target":{"@type":"EntryPoint","urlTemplate":"http:\/\/freight-ferry.de\/de\/?s={search_term_string}"},"query-input":{"@type":"PropertyValueSpecification","valueRequired":true,"valueName":"search_term_string"}}],"inLanguage":"de"},{"@type":"Organization","@id":"http:\/\/freight-ferry.de\/de\/#organization","name":"freight-ferry.de","url":"http:\/\/freight-ferry.de\/de\/","logo":{"@type":"ImageObject","inLanguage":"de","@id":"http:\/\/freight-ferry.de\/de\/#\/schema\/logo\/image\/","url":"http:\/\/freight-ferry.de\/wp-content\/uploads\/2024\/09\/FreightFerry_Logo_600x195px_Tranparent.png","contentUrl":"http:\/\/freight-ferry.de\/wp-content\/uploads\/2024\/09\/FreightFerry_Logo_600x195px_Tranparent.png","width":600,"height":195,"caption":"freight-ferry.de"},"image":{"@id":"http:\/\/freight-ferry.de\/de\/#\/schema\/logo\/image\/"},"sameAs":["https:\/\/www.instagram.com\/freightferry\/","https:\/\/www.facebook.com\/profile.php?id=61566565140741"]}]}},"_links":{"self":[{"href":"https:\/\/freight-ferry.de\/de\/wp-json\/wp\/v2\/pages\/7972","targetHints":{"allow":["GET"]}}],"collection":[{"href":"https:\/\/freight-ferry.de\/de\/wp-json\/wp\/v2\/pages"}],"about":[{"href":"https:\/\/freight-ferry.de\/de\/wp-json\/wp\/v2\/types\/page"}],"author":[{"embeddable":true,"href":"https:\/\/freight-ferry.de\/de\/wp-json\/wp\/v2\/users\/1"}],"replies":[{"embeddable":true,"href":"https:\/\/freight-ferry.de\/de\/wp-json\/wp\/v2\/comments?post=7972"}],"version-history":[{"count":6,"href":"https:\/\/freight-ferry.de\/de\/wp-json\/wp\/v2\/pages\/7972\/revisions"}],"predecessor-version":[{"id":8673,"href":"https:\/\/freight-ferry.de\/de\/wp-json\/wp\/v2\/pages\/7972\/revisions\/8673"}],"wp:featuredmedia":[{"embeddable":true,"href":"https:\/\/freight-ferry.de\/de\/wp-json\/wp\/v2\/media\/7790"}],"wp:attachment":[{"href":"https:\/\/freight-ferry.de\/de\/wp-json\/wp\/v2\/media?parent=7972"}],"curies":[{"name":"wp","href":"https:\/\/api.w.org\/{rel}","templated":true}]}}