{"id":8588,"date":"2024-09-24T07:10:24","date_gmt":"2024-09-24T06:10:24","guid":{"rendered":"http:\/\/freight-ferry.de\/preisanfrage\/"},"modified":"2025-02-24T10:19:13","modified_gmt":"2025-02-24T09:19:13","slug":"preisanfrage","status":"publish","type":"page","link":"https:\/\/freight-ferry.de\/de\/preisanfrage\/","title":{"rendered":"Preisanfrage"},"content":{"rendered":"<style type=\"text\/css\"> \n#cmsmasters_row_69fb574be5f3b1_33313315 .cmsmasters_row_outer_parent { \n\tpadding-top: 60px; \n} \n\n#cmsmasters_row_69fb574be5f3b1_33313315 .cmsmasters_row_outer_parent { \n\tpadding-bottom: 50px; \n} \n\n \n#cmsmasters_heading_69fb574be61548_06057067 { \n\ttext-align:left; \n\tmargin-top:0px; \n\tmargin-bottom:20px; \n} \n\n#cmsmasters_heading_69fb574be61548_06057067 .cmsmasters_heading { \n\ttext-align:left; \n} \n\n#cmsmasters_heading_69fb574be61548_06057067 .cmsmasters_heading, #cmsmasters_heading_69fb574be61548_06057067 .cmsmasters_heading a { \n\tfont-weight:normal; \n\tfont-style:normal; \n} \n\n#cmsmasters_heading_69fb574be61548_06057067 .cmsmasters_heading_divider { \n} \n\n \n#cmsmasters_row_69fb574be64684_64053458 .cmsmasters_row_outer_parent { \n\tpadding-top: 0px; \n} \n\n#cmsmasters_row_69fb574be64684_64053458 .cmsmasters_row_outer_parent { \n\tpadding-bottom: 50px; \n} \n\n \n#cmsmasters_row_69fb574beb5647_07833728 .cmsmasters_row_outer_parent { \n\tpadding-top: 0px; \n} \n\n#cmsmasters_row_69fb574beb5647_07833728 .cmsmasters_row_outer_parent { \n\tpadding-bottom: 50px; \n} \n\n<\/style><div id=\"cmsmasters_row_69fb574be5f3b1_33313315\" class=\"cmsmasters_row cmsmasters_color_scheme_default cmsmasters_row_top_default cmsmasters_row_bot_default cmsmasters_row_boxed\">\n<div class=\"cmsmasters_row_outer_parent\">\n<div class=\"cmsmasters_row_outer\">\n<div class=\"cmsmasters_row_inner\">\n<div class=\"cmsmasters_row_margin\">\n<div class=\"cmsmasters_column one_first\">\n\n<div id=\"cmsmasters_heading_69fb574be61548_06057067\" class=\"cmsmasters_heading_wrap cmsmasters_heading_align_left\">\n\t<h1 class=\"cmsmasters_heading\">Ihre Route (Hafen, Insel oder Land)<\/h1>\n<\/div>\n<\/div>\n<\/div>\n<\/div>\n<\/div>\n<\/div>\n<\/div>\n<div id=\"cmsmasters_row_69fb574be64684_64053458\" class=\"cmsmasters_row cmsmasters_color_scheme_default cmsmasters_row_top_default cmsmasters_row_bot_default cmsmasters_row_boxed\">\n<div class=\"cmsmasters_row_outer_parent\">\n<div class=\"cmsmasters_row_outer\">\n<div class=\"cmsmasters_row_inner\">\n<div class=\"cmsmasters_row_margin\">\n<div class=\"cmsmasters_column one_first\">\n<div class=\"cmsmasters_contact_form\">\n<div class=\"wpcf7 no-js\" id=\"wpcf7-f7788-o1\" lang=\"en-US\" dir=\"ltr\" data-wpcf7-id=\"7788\">\n<div class=\"screen-reader-response\"><p role=\"status\" aria-live=\"polite\" aria-atomic=\"true\"><\/p> <ul><\/ul><\/div>\n<form action=\"\/de\/wp-json\/wp\/v2\/pages\/8588#wpcf7-f7788-o1\" method=\"post\" class=\"wpcf7-form init\" aria-label=\"Contact form\" novalidate=\"novalidate\" data-status=\"init\">\n<div style=\"display: none;\">\n<input type=\"hidden\" name=\"_wpcf7\" value=\"7788\" \/>\n<input type=\"hidden\" name=\"_wpcf7_version\" value=\"6.0.6\" \/>\n<input type=\"hidden\" name=\"_wpcf7_locale\" value=\"en_US\" \/>\n<input type=\"hidden\" name=\"_wpcf7_unit_tag\" value=\"wpcf7-f7788-o1\" \/>\n<input type=\"hidden\" name=\"_wpcf7_container_post\" value=\"0\" \/>\n<input type=\"hidden\" name=\"_wpcf7_posted_data_hash\" value=\"\" \/>\n<\/div>\n<p><label> From (port of departure)<br \/>\n<span class=\"wpcf7-form-control-wrap\" data-name=\"Fromportofdeparture\"><input size=\"40\" maxlength=\"400\" class=\"wpcf7-form-control wpcf7-text wpcf7-validates-as-required\" aria-required=\"true\" aria-invalid=\"false\" value=\"Heraklion\" type=\"text\" name=\"Fromportofdeparture\" \/><\/span> <\/label>\n<\/p>\n<p><label> To (destination port)<br \/>\n<span class=\"wpcf7-form-control-wrap\" data-name=\"todestinationport\"><input size=\"40\" maxlength=\"400\" class=\"wpcf7-form-control wpcf7-text wpcf7-validates-as-required\" aria-required=\"true\" aria-invalid=\"false\" value=\"Piraeus\" type=\"text\" name=\"todestinationport\" \/><\/span> <\/label>\n<\/p>\n<p><label> Type of shipping<br \/>\n<span class=\"wpcf7-form-control-wrap\" data-name=\"radio-807\"><span class=\"wpcf7-form-control wpcf7-radio\"><span class=\"wpcf7-list-item first\"><label><input type=\"radio\" name=\"radio-807\" value=\"One Way\" checked=\"checked\" \/><span class=\"wpcf7-list-item-label\">One Way<\/span><\/label><\/span><span class=\"wpcf7-list-item last\"><label><input type=\"radio\" name=\"radio-807\" value=\"Round Trip Shipping\" \/><span class=\"wpcf7-list-item-label\">Round Trip Shipping<\/span><\/label><\/span><\/span><\/span><br \/>\n<label> Vehicle type<br \/>\n<span class=\"wpcf7-form-control-wrap\" data-name=\"radio-671\"><span class=\"wpcf7-form-control wpcf7-radio\"><span class=\"wpcf7-list-item first\"><label><input type=\"radio\" name=\"radio-671\" value=\"Van\/minibus\" checked=\"checked\" \/><span class=\"wpcf7-list-item-label\">Van\/minibus<\/span><\/label><\/span><span class=\"wpcf7-list-item\"><label><input type=\"radio\" name=\"radio-671\" value=\"Semi-trailer\" \/><span class=\"wpcf7-list-item-label\">Semi-trailer<\/span><\/label><\/span><span class=\"wpcf7-list-item\"><label><input type=\"radio\" name=\"radio-671\" value=\"Trailer\" \/><span class=\"wpcf7-list-item-label\">Trailer<\/span><\/label><\/span><span class=\"wpcf7-list-item last\"><label><input type=\"radio\" name=\"radio-671\" value=\"Special trucks\/heavy loads\" \/><span class=\"wpcf7-list-item-label\">Special trucks\/heavy loads<\/span><\/label><\/span><\/span><\/span><\/label><br \/>\n<label> Company<br \/>\n<span class=\"wpcf7-form-control-wrap\" data-name=\"Company\"><input size=\"40\" maxlength=\"400\" class=\"wpcf7-form-control wpcf7-text wpcf7-validates-as-required\" aria-required=\"true\" aria-invalid=\"false\" value=\"Minoan Lines\" type=\"text\" name=\"Company\" \/><\/span> <\/label><br \/>\n<label> Your Name<br \/>\n<span class=\"wpcf7-form-control-wrap\" data-name=\"YourName\"><input size=\"40\" maxlength=\"400\" class=\"wpcf7-form-control wpcf7-text wpcf7-validates-as-required\" aria-required=\"true\" aria-invalid=\"false\" value=\"John Doe\" type=\"text\" name=\"YourName\" \/><\/span> <\/label><br \/>\n<label> Telephone<br \/>\n<span class=\"wpcf7-form-control-wrap\" data-name=\"tel-602\"><input size=\"40\" maxlength=\"400\" class=\"wpcf7-form-control wpcf7-tel wpcf7-validates-as-required wpcf7-text wpcf7-validates-as-tel\" aria-required=\"true\" aria-invalid=\"false\" placeholder=\"+(code)\" value=\"\" type=\"tel\" name=\"tel-602\" \/><\/span> <\/label><br \/>\n<label> E-mail<br \/>\n<span class=\"wpcf7-form-control-wrap\" data-name=\"email-869\"><input size=\"40\" maxlength=\"400\" class=\"wpcf7-form-control wpcf7-email wpcf7-validates-as-required wpcf7-text wpcf7-validates-as-email\" aria-required=\"true\" aria-invalid=\"false\" placeholder=\"example@example.com\" value=\"\" type=\"email\" name=\"email-869\" \/><\/span> <\/label><br \/>\n<label> Postal code and city<br \/>\n<span class=\"wpcf7-form-control-wrap\" data-name=\"Postalcodeandcity\"><input size=\"40\" maxlength=\"400\" class=\"wpcf7-form-control wpcf7-text wpcf7-validates-as-required\" aria-required=\"true\" aria-invalid=\"false\" value=\"713 05\" type=\"text\" name=\"Postalcodeandcity\" \/><\/span> <\/label><br \/>\n<label> Country<br \/>\n<span class=\"wpcf7-form-control-wrap\" data-name=\"Country\"><input size=\"40\" maxlength=\"400\" class=\"wpcf7-form-control wpcf7-text wpcf7-validates-as-required\" aria-required=\"true\" aria-invalid=\"false\" value=\"Greece\" type=\"text\" name=\"Country\" \/><\/span> <\/label><br \/>\n<label> Comments and Inquiries<br \/>\n<span class=\"wpcf7-form-control-wrap\" data-name=\"your-message\"><textarea cols=\"40\" rows=\"10\" maxlength=\"2000\" class=\"wpcf7-form-control wpcf7-textarea\" aria-invalid=\"false\" name=\"your-message\"><\/textarea><\/span><\/label><br \/>\n<input class=\"wpcf7-form-control wpcf7-submit has-spinner\" type=\"submit\" value=\"Submit\" \/><\/label>\n<\/p><div class=\"wpcf7-response-output\" aria-hidden=\"true\"><\/div>\n<\/form>\n<\/div>\n<\/div>\n<\/div>\n<\/div>\n<\/div>\n<\/div>\n<\/div>\n<\/div>\n<div id=\"cmsmasters_row_69fb574beb5647_07833728\" class=\"cmsmasters_row cmsmasters_color_scheme_default cmsmasters_row_top_default cmsmasters_row_bot_default cmsmasters_row_boxed\">\n<div class=\"cmsmasters_row_outer_parent\">\n<div class=\"cmsmasters_row_outer\">\n<div class=\"cmsmasters_row_inner\">\n<div class=\"cmsmasters_row_margin\">\n<div class=\"cmsmasters_column one_first\">\n<\/div>\n<\/div>\n<\/div>\n<\/div>\n<\/div>\n<\/div>\n\n","protected":false},"excerpt":{"rendered":"","protected":false},"author":1,"featured_media":7668,"parent":0,"menu_order":0,"comment_status":"closed","ping_status":"open","template":"","meta":{"footnotes":""},"class_list":["post-8588","page","type-page","status-publish","has-post-thumbnail","hentry"],"yoast_head":"<!-- This site is optimized with the Yoast SEO plugin v25.0 - https:\/\/yoast.com\/wordpress\/plugins\/seo\/ -->\n<title>Preisanfrage - freight-ferry.de<\/title>\n<meta name=\"description\" content=\"Holen Sie sich ein individuelles Preisangebot f\u00fcr Ihren F\u00e4hrtransportbedarf. \u00dcbermitteln Sie Ihre Angaben \u00fcber das Preisanfrageformular von Freight Ferry f\u00fcr schnelle und genaue Ergebnisse.\" \/>\n<meta name=\"robots\" content=\"index, follow, max-snippet:-1, max-image-preview:large, max-video-preview:-1\" \/>\n<link rel=\"canonical\" href=\"https:\/\/freight-ferry.de\/de\/preisanfrage\/\" \/>\n<meta property=\"og:locale\" content=\"de_DE\" \/>\n<meta property=\"og:type\" content=\"article\" \/>\n<meta property=\"og:title\" content=\"Preisanfrage - freight-ferry.de\" \/>\n<meta property=\"og:description\" content=\"Holen Sie sich ein individuelles Preisangebot f\u00fcr Ihren F\u00e4hrtransportbedarf. \u00dcbermitteln Sie Ihre Angaben \u00fcber das Preisanfrageformular von Freight Ferry f\u00fcr schnelle und genaue Ergebnisse.\" \/>\n<meta property=\"og:url\" content=\"https:\/\/freight-ferry.de\/de\/preisanfrage\/\" \/>\n<meta property=\"og:site_name\" content=\"freight-ferry.de\" \/>\n<meta property=\"article:publisher\" content=\"https:\/\/www.instagram.com\/freightferry\/\" \/>\n<meta property=\"article:modified_time\" content=\"2025-02-24T09:19:13+00:00\" \/>\n<meta property=\"og:image\" content=\"https:\/\/freight-ferry.de\/wp-content\/uploads\/2024\/09\/Depositphotos_89049674_original-580x350-1.jpg\" \/>\n\t<meta property=\"og:image:width\" content=\"580\" \/>\n\t<meta property=\"og:image:height\" content=\"350\" \/>\n\t<meta property=\"og:image:type\" content=\"image\/jpeg\" \/>\n<meta name=\"twitter:card\" content=\"summary_large_image\" \/>\n<meta name=\"twitter:label1\" content=\"Gesch\u00e4tzte Lesezeit\" \/>\n\t<meta name=\"twitter:data1\" content=\"1\u00a0Minute\" \/>\n<script type=\"application\/ld+json\" class=\"yoast-schema-graph\">{\"@context\":\"https:\/\/schema.org\",\"@graph\":[{\"@type\":\"WebPage\",\"@id\":\"https:\/\/freight-ferry.de\/de\/preisanfrage\/\",\"url\":\"https:\/\/freight-ferry.de\/de\/preisanfrage\/\",\"name\":\"Preisanfrage - freight-ferry.de\",\"isPartOf\":{\"@id\":\"http:\/\/freight-ferry.de\/de\/#website\"},\"primaryImageOfPage\":{\"@id\":\"https:\/\/freight-ferry.de\/de\/preisanfrage\/#primaryimage\"},\"image\":{\"@id\":\"https:\/\/freight-ferry.de\/de\/preisanfrage\/#primaryimage\"},\"thumbnailUrl\":\"https:\/\/freight-ferry.de\/wp-content\/uploads\/2024\/09\/Depositphotos_89049674_original-580x350-1.jpg\",\"datePublished\":\"2024-09-24T06:10:24+00:00\",\"dateModified\":\"2025-02-24T09:19:13+00:00\",\"description\":\"Holen Sie sich ein individuelles Preisangebot f\u00fcr Ihren F\u00e4hrtransportbedarf. \u00dcbermitteln Sie Ihre Angaben \u00fcber das Preisanfrageformular von Freight Ferry f\u00fcr schnelle und genaue Ergebnisse.\",\"breadcrumb\":{\"@id\":\"https:\/\/freight-ferry.de\/de\/preisanfrage\/#breadcrumb\"},\"inLanguage\":\"de\",\"potentialAction\":[{\"@type\":\"ReadAction\",\"target\":[\"https:\/\/freight-ferry.de\/de\/preisanfrage\/\"]}]},{\"@type\":\"ImageObject\",\"inLanguage\":\"de\",\"@id\":\"https:\/\/freight-ferry.de\/de\/preisanfrage\/#primaryimage\",\"url\":\"https:\/\/freight-ferry.de\/wp-content\/uploads\/2024\/09\/Depositphotos_89049674_original-580x350-1.jpg\",\"contentUrl\":\"https:\/\/freight-ferry.de\/wp-content\/uploads\/2024\/09\/Depositphotos_89049674_original-580x350-1.jpg\",\"width\":580,\"height\":350},{\"@type\":\"BreadcrumbList\",\"@id\":\"https:\/\/freight-ferry.de\/de\/preisanfrage\/#breadcrumb\",\"itemListElement\":[{\"@type\":\"ListItem\",\"position\":1,\"name\":\"Home\",\"item\":\"http:\/\/freight-ferry.de\/de\/\"},{\"@type\":\"ListItem\",\"position\":2,\"name\":\"Preisanfrage\"}]},{\"@type\":\"WebSite\",\"@id\":\"http:\/\/freight-ferry.de\/de\/#website\",\"url\":\"http:\/\/freight-ferry.de\/de\/\",\"name\":\"freight-ferry.de\",\"description\":\"World Wide Logistics\",\"publisher\":{\"@id\":\"http:\/\/freight-ferry.de\/de\/#organization\"},\"potentialAction\":[{\"@type\":\"SearchAction\",\"target\":{\"@type\":\"EntryPoint\",\"urlTemplate\":\"http:\/\/freight-ferry.de\/de\/?s={search_term_string}\"},\"query-input\":{\"@type\":\"PropertyValueSpecification\",\"valueRequired\":true,\"valueName\":\"search_term_string\"}}],\"inLanguage\":\"de\"},{\"@type\":\"Organization\",\"@id\":\"http:\/\/freight-ferry.de\/de\/#organization\",\"name\":\"freight-ferry.de\",\"url\":\"http:\/\/freight-ferry.de\/de\/\",\"logo\":{\"@type\":\"ImageObject\",\"inLanguage\":\"de\",\"@id\":\"http:\/\/freight-ferry.de\/de\/#\/schema\/logo\/image\/\",\"url\":\"http:\/\/freight-ferry.de\/wp-content\/uploads\/2024\/09\/FreightFerry_Logo_600x195px_Tranparent.png\",\"contentUrl\":\"http:\/\/freight-ferry.de\/wp-content\/uploads\/2024\/09\/FreightFerry_Logo_600x195px_Tranparent.png\",\"width\":600,\"height\":195,\"caption\":\"freight-ferry.de\"},\"image\":{\"@id\":\"http:\/\/freight-ferry.de\/de\/#\/schema\/logo\/image\/\"},\"sameAs\":[\"https:\/\/www.instagram.com\/freightferry\/\",\"https:\/\/www.facebook.com\/profile.php?id=61566565140741\"]}]}<\/script>\n<!-- \/ Yoast SEO plugin. -->","yoast_head_json":{"title":"Preisanfrage - freight-ferry.de","description":"Holen Sie sich ein individuelles Preisangebot f\u00fcr Ihren F\u00e4hrtransportbedarf. \u00dcbermitteln Sie Ihre Angaben \u00fcber das Preisanfrageformular von Freight Ferry f\u00fcr schnelle und genaue Ergebnisse.","robots":{"index":"index","follow":"follow","max-snippet":"max-snippet:-1","max-image-preview":"max-image-preview:large","max-video-preview":"max-video-preview:-1"},"canonical":"https:\/\/freight-ferry.de\/de\/preisanfrage\/","og_locale":"de_DE","og_type":"article","og_title":"Preisanfrage - freight-ferry.de","og_description":"Holen Sie sich ein individuelles Preisangebot f\u00fcr Ihren F\u00e4hrtransportbedarf. \u00dcbermitteln Sie Ihre Angaben \u00fcber das Preisanfrageformular von Freight Ferry f\u00fcr schnelle und genaue Ergebnisse.","og_url":"https:\/\/freight-ferry.de\/de\/preisanfrage\/","og_site_name":"freight-ferry.de","article_publisher":"https:\/\/www.instagram.com\/freightferry\/","article_modified_time":"2025-02-24T09:19:13+00:00","og_image":[{"width":580,"height":350,"url":"https:\/\/freight-ferry.de\/wp-content\/uploads\/2024\/09\/Depositphotos_89049674_original-580x350-1.jpg","type":"image\/jpeg"}],"twitter_card":"summary_large_image","twitter_misc":{"Gesch\u00e4tzte Lesezeit":"1\u00a0Minute"},"schema":{"@context":"https:\/\/schema.org","@graph":[{"@type":"WebPage","@id":"https:\/\/freight-ferry.de\/de\/preisanfrage\/","url":"https:\/\/freight-ferry.de\/de\/preisanfrage\/","name":"Preisanfrage - freight-ferry.de","isPartOf":{"@id":"http:\/\/freight-ferry.de\/de\/#website"},"primaryImageOfPage":{"@id":"https:\/\/freight-ferry.de\/de\/preisanfrage\/#primaryimage"},"image":{"@id":"https:\/\/freight-ferry.de\/de\/preisanfrage\/#primaryimage"},"thumbnailUrl":"https:\/\/freight-ferry.de\/wp-content\/uploads\/2024\/09\/Depositphotos_89049674_original-580x350-1.jpg","datePublished":"2024-09-24T06:10:24+00:00","dateModified":"2025-02-24T09:19:13+00:00","description":"Holen Sie sich ein individuelles Preisangebot f\u00fcr Ihren F\u00e4hrtransportbedarf. \u00dcbermitteln Sie Ihre Angaben \u00fcber das Preisanfrageformular von Freight Ferry f\u00fcr schnelle und genaue Ergebnisse.","breadcrumb":{"@id":"https:\/\/freight-ferry.de\/de\/preisanfrage\/#breadcrumb"},"inLanguage":"de","potentialAction":[{"@type":"ReadAction","target":["https:\/\/freight-ferry.de\/de\/preisanfrage\/"]}]},{"@type":"ImageObject","inLanguage":"de","@id":"https:\/\/freight-ferry.de\/de\/preisanfrage\/#primaryimage","url":"https:\/\/freight-ferry.de\/wp-content\/uploads\/2024\/09\/Depositphotos_89049674_original-580x350-1.jpg","contentUrl":"https:\/\/freight-ferry.de\/wp-content\/uploads\/2024\/09\/Depositphotos_89049674_original-580x350-1.jpg","width":580,"height":350},{"@type":"BreadcrumbList","@id":"https:\/\/freight-ferry.de\/de\/preisanfrage\/#breadcrumb","itemListElement":[{"@type":"ListItem","position":1,"name":"Home","item":"http:\/\/freight-ferry.de\/de\/"},{"@type":"ListItem","position":2,"name":"Preisanfrage"}]},{"@type":"WebSite","@id":"http:\/\/freight-ferry.de\/de\/#website","url":"http:\/\/freight-ferry.de\/de\/","name":"freight-ferry.de","description":"World Wide Logistics","publisher":{"@id":"http:\/\/freight-ferry.de\/de\/#organization"},"potentialAction":[{"@type":"SearchAction","target":{"@type":"EntryPoint","urlTemplate":"http:\/\/freight-ferry.de\/de\/?s={search_term_string}"},"query-input":{"@type":"PropertyValueSpecification","valueRequired":true,"valueName":"search_term_string"}}],"inLanguage":"de"},{"@type":"Organization","@id":"http:\/\/freight-ferry.de\/de\/#organization","name":"freight-ferry.de","url":"http:\/\/freight-ferry.de\/de\/","logo":{"@type":"ImageObject","inLanguage":"de","@id":"http:\/\/freight-ferry.de\/de\/#\/schema\/logo\/image\/","url":"http:\/\/freight-ferry.de\/wp-content\/uploads\/2024\/09\/FreightFerry_Logo_600x195px_Tranparent.png","contentUrl":"http:\/\/freight-ferry.de\/wp-content\/uploads\/2024\/09\/FreightFerry_Logo_600x195px_Tranparent.png","width":600,"height":195,"caption":"freight-ferry.de"},"image":{"@id":"http:\/\/freight-ferry.de\/de\/#\/schema\/logo\/image\/"},"sameAs":["https:\/\/www.instagram.com\/freightferry\/","https:\/\/www.facebook.com\/profile.php?id=61566565140741"]}]}},"_links":{"self":[{"href":"https:\/\/freight-ferry.de\/de\/wp-json\/wp\/v2\/pages\/8588","targetHints":{"allow":["GET"]}}],"collection":[{"href":"https:\/\/freight-ferry.de\/de\/wp-json\/wp\/v2\/pages"}],"about":[{"href":"https:\/\/freight-ferry.de\/de\/wp-json\/wp\/v2\/types\/page"}],"author":[{"embeddable":true,"href":"https:\/\/freight-ferry.de\/de\/wp-json\/wp\/v2\/users\/1"}],"replies":[{"embeddable":true,"href":"https:\/\/freight-ferry.de\/de\/wp-json\/wp\/v2\/comments?post=8588"}],"version-history":[{"count":1,"href":"https:\/\/freight-ferry.de\/de\/wp-json\/wp\/v2\/pages\/8588\/revisions"}],"predecessor-version":[{"id":8589,"href":"https:\/\/freight-ferry.de\/de\/wp-json\/wp\/v2\/pages\/8588\/revisions\/8589"}],"wp:featuredmedia":[{"embeddable":true,"href":"https:\/\/freight-ferry.de\/de\/wp-json\/wp\/v2\/media\/7668"}],"wp:attachment":[{"href":"https:\/\/freight-ferry.de\/de\/wp-json\/wp\/v2\/media?parent=8588"}],"curies":[{"name":"wp","href":"https:\/\/api.w.org\/{rel}","templated":true}]}}