{"id":8592,"date":"2015-07-23T14:27:58","date_gmt":"2015-07-23T13:27:58","guid":{"rendered":"http:\/\/freight-ferry.de\/kontakte\/"},"modified":"2025-02-24T10:19:14","modified_gmt":"2025-02-24T09:19:14","slug":"kontakte","status":"publish","type":"page","link":"https:\/\/freight-ferry.de\/de\/kontakte\/","title":{"rendered":"Kontakte"},"content":{"rendered":"<style type=\"text\/css\"> \n#cmsmasters_row_69fb57035d9995_89157947 .cmsmasters_row_outer_parent { \n\tpadding-top: 0px; \n} \n\n#cmsmasters_row_69fb57035d9995_89157947 .cmsmasters_row_outer_parent { \n\tpadding-bottom: 0px; \n} \n\n#cmsmasters_row_69fb57035d9995_89157947 .cmsmasters_row_inner.cmsmasters_row_fullwidth { \n\tpadding-left:0%; \n} \n#cmsmasters_row_69fb57035d9995_89157947 .cmsmasters_row_inner.cmsmasters_row_fullwidth { \n\tpadding-right:0%; \n} \n \n#cmsmasters_row_69fb57035dc764_52066637 .cmsmasters_row_outer_parent { \n\tpadding-top: 70px; \n} \n\n#cmsmasters_row_69fb57035dc764_52066637 .cmsmasters_row_outer_parent { \n\tpadding-bottom: 60px; \n} \n\n \n#cmsmasters_heading_69fb57035dee91_15850752 { \n\ttext-align:left; \n\tmargin-top:0px; \n\tmargin-bottom:0px; \n} \n\n#cmsmasters_heading_69fb57035dee91_15850752 .cmsmasters_heading { \n\ttext-align:left; \n} \n\n#cmsmasters_heading_69fb57035dee91_15850752 .cmsmasters_heading, #cmsmasters_heading_69fb57035dee91_15850752 .cmsmasters_heading a { \n\tfont-family:'Roboto Condensed'; \n\tfont-size:18px; \n\tline-height:24px; \n\tfont-weight:600; \n\tfont-style:normal; \n\tcolor:#a8a8a8;\n} \n\n#cmsmasters_heading_69fb57035dee91_15850752 .cmsmasters_heading_divider { \n} \n\n \n#cmsmasters_heading_69fb57035df578_46435128 { \n\ttext-align:left; \n\tmargin-top:0px; \n\tmargin-bottom:40px; \n} \n\n#cmsmasters_heading_69fb57035df578_46435128 .cmsmasters_heading { \n\ttext-align:left; \n} \n\n#cmsmasters_heading_69fb57035df578_46435128 .cmsmasters_heading, #cmsmasters_heading_69fb57035df578_46435128 .cmsmasters_heading a { \n\tfont-size:28px; \n\tfont-weight:600; \n\tfont-style:normal; \n} \n\n#cmsmasters_heading_69fb57035df578_46435128 .cmsmasters_heading_divider { \n} \n\n \n#cmsmasters_divider_69fb57035f5758_63470816 { \n\tborder-bottom-width:1px; \n\tborder-bottom-style:solid; \n\tpadding-top:-35px; \n\tmargin-bottom:25px; \n} \n \n#cmsmasters_divider_69fb57035f6437_74515224 { \n\tborder-bottom-width:0px; \n\tborder-bottom-style:solid; \n\tpadding-top:0px; \n\tmargin-bottom:40px; \n} \n \n#cmsmasters_divider_69fb57035f6e87_68570302 { \n\tborder-bottom-width:1px; \n\tborder-bottom-style:solid; \n\tpadding-top:-35px; \n\tmargin-bottom:25px; \n} \n #cmsmasters_icon_list_items_69fb57035f7367_63710865 { \n\tpadding-left:40px; \n} \n\n#cmsmasters_icon_list_items_69fb57035f7367_63710865 .cmsmasters_icon_list_item:before { \n\tfont-size:20px; \n\tleft:-40px; \n} \n#cmsmasters_icon_list_items_69fb57035f7367_63710865 .cmsmasters_icon_list_item { \n\tline-height:35px; \n\tpadding:0; \n} \n\n#cmsmasters_icon_list_items_69fb57035f7367_63710865 .cmsmasters_icon_list_item:before { \n\tline-height:35px; \n\ttop:0; \n} \n\n.cmsmasters_icon_list_items #cmsmasters_icon_list_item_69fb57035f83f9_19723437:before { \n\tcolor:#8fd1f3;\n} \n\n.cmsmasters_icon_list_items #cmsmasters_icon_list_item_69fb57035f8962_96952441:before { \n\tcolor:#8fd1f3;\n} \n\n.cmsmasters_icon_list_items #cmsmasters_icon_list_item_69fb57035f8df8_30576445:before { \n\tcolor:#8fd1f3;\n} \n\n.cmsmasters_icon_list_items #cmsmasters_icon_list_item_69fb57035f9257_19934754:before { \n\tcolor:#8fd1f3;\n} \n \n#cmsmasters_divider_69fb57035f9794_35401479 { \n\tborder-bottom-width:0px; \n\tborder-bottom-style:solid; \n\tpadding-top:0px; \n\tmargin-bottom:55px; \n} \n<\/style><div id=\"cmsmasters_row_69fb57035d19e6_90331169\" class=\"cmsmasters_row cmsmasters_color_scheme_default cmsmasters_row_top_default cmsmasters_row_bot_default cmsmasters_row_boxed\">\n<div class=\"cmsmasters_row_outer_parent\">\n<div class=\"cmsmasters_row_outer\">\n<div class=\"cmsmasters_row_inner\">\n<div class=\"cmsmasters_row_margin\">\n<div class=\"cmsmasters_column one_first\">\n<div class=\"cmsmasters_text\">\n<p>&nbsp;<\/p>\n<\/div>\n<\/div>\n<\/div>\n<\/div>\n<\/div>\n<\/div>\n<\/div>\n<div id=\"cmsmasters_row_69fb57035d6fd4_61967452\" class=\"cmsmasters_row cmsmasters_color_scheme_default cmsmasters_row_top_default cmsmasters_row_bot_default cmsmasters_row_boxed\">\n<div class=\"cmsmasters_row_outer_parent\">\n<div class=\"cmsmasters_row_outer\">\n<div class=\"cmsmasters_row_inner\">\n<div class=\"cmsmasters_row_margin\">\n<div class=\"cmsmasters_column one_first\">\n<div class=\"cmsmasters_text\">\n<p>&nbsp;<\/p>\n<\/div>\n<\/div>\n<\/div>\n<\/div>\n<\/div>\n<\/div>\n<\/div>\n<div id=\"cmsmasters_row_69fb57035d8553_21836650\" class=\"cmsmasters_row cmsmasters_color_scheme_default cmsmasters_row_top_default cmsmasters_row_bot_default cmsmasters_row_boxed\">\n<div class=\"cmsmasters_row_outer_parent\">\n<div class=\"cmsmasters_row_outer\">\n<div class=\"cmsmasters_row_inner\">\n<div class=\"cmsmasters_row_margin\">\n<div class=\"cmsmasters_column one_first\">\n<div class=\"cmsmasters_text\">\n<p>&nbsp;<\/p>\n<\/div>\n<\/div>\n<\/div>\n<\/div>\n<\/div>\n<\/div>\n<\/div>\n<div id=\"cmsmasters_row_69fb57035d9995_89157947\" class=\"cmsmasters_row cmsmasters_color_scheme_default cmsmasters_row_top_default cmsmasters_row_bot_default cmsmasters_row_fullwidth\">\n<div class=\"cmsmasters_row_outer_parent\">\n<div class=\"cmsmasters_row_outer\">\n<div class=\"cmsmasters_row_inner cmsmasters_row_fullwidth\">\n<div class=\"cmsmasters_row_margin\">\n<div class=\"cmsmasters_column one_fourth\">\n<\/div>\n<div class=\"cmsmasters_column one_half\">\n<div class=\"custom_html\">\n<iframe src=\"https:\/\/www.google.com\/maps\/embed?pb=!1m18!1m12!1m3!1d85173.724083432!2d11.459435737912074!3d48.15499582546713!2m3!1f0!2f0!3f0!3m2!1i1024!2i768!4f13.1!3m3!1m2!1s0x479e75f9a38c5fd9%3A0x10cb84a7db1987d!2zzpzPjM69zrHPh86_LCDOk861z4HOvM6xzr3Or86x!5e0!3m2!1sel!2sgr!4v1727102213932!5m2!1sel!2sgr\" width=\"1200\" height=\"450\" style=\"border:0;\" allowfullscreen=\"\" loading=\"lazy\" referrerpolicy=\"no-referrer-when-downgrade\"><\/iframe>\n<\/div>\n<\/div>\n<div class=\"cmsmasters_column one_fourth\">\n<\/div>\n<\/div>\n<\/div>\n<\/div>\n<\/div>\n<\/div>\n<div id=\"cmsmasters_row_69fb57035dc764_52066637\" class=\"cmsmasters_row cmsmasters_color_scheme_default cmsmasters_row_top_default cmsmasters_row_bot_default cmsmasters_row_boxed\">\n<div class=\"cmsmasters_row_outer_parent\">\n<div class=\"cmsmasters_row_outer\">\n<div class=\"cmsmasters_row_inner\">\n<div class=\"cmsmasters_row_margin\">\n<div class=\"cmsmasters_column two_third\">\n\n<div id=\"cmsmasters_heading_69fb57035dee91_15850752\" class=\"cmsmasters_heading_wrap cmsmasters_heading_align_left\">\n\t<h3 class=\"cmsmasters_heading\">Kontakt<\/h3>\n<\/div>\n<div id=\"cmsmasters_heading_69fb57035df578_46435128\" class=\"cmsmasters_heading_wrap cmsmasters_heading_align_left\">\n\t<h1 class=\"cmsmasters_heading\">Wir m\u00f6chten von Ihnen h\u00f6ren<\/h1>\n<\/div>\n<div class=\"cmsmasters_contact_form\"><p class=\"wpcf7-contact-form-not-found\"><strong>Fehler:<\/strong> Kontaktformular wurde nicht gefunden.<\/p><\/div>\n<\/div>\n<div class=\"cmsmasters_column one_third\">\n<div class=\"cmsmasters_text\">\n<h3><span style=\"color: #ed1c24;\">01.<\/span> Bevor Sie uns kontaktieren<\/h3>\n<\/div>\n\n<div id=\"cmsmasters_divider_69fb57035f5758_63470816\" class=\"cmsmasters_divider cmsmasters_divider_width_long cmsmasters_divider_pos_center\"><\/div>\n<div class=\"cmsmasters_text\">\n<p>Das m\u00fcssen wir wissen:<\/p>\n<ol>\n<li>Ihr Startpunkt<\/li>\n<li>Ihr Reiseziel<\/li>\n<li>Ihre Fracht<\/li>\n<li>Ihr Zeitplan<\/li>\n<\/ol>\n<\/div>\n\n\n<div id=\"cmsmasters_divider_69fb57035f6437_74515224\" class=\"cl\"><\/div>\n<div class=\"cmsmasters_text\">\n<h3><span style=\"color: #ed1c24;\">02.<\/span> Kontaktinformationen<\/h3>\n<\/div>\n\n\n<div id=\"cmsmasters_divider_69fb57035f6e87_68570302\" class=\"cmsmasters_divider cmsmasters_divider_width_long cmsmasters_divider_pos_center\"><\/div>\n \n<ul id=\"cmsmasters_icon_list_items_69fb57035f7367_63710865\" class=\"cmsmasters_icon_list_items cmsmasters_icon_list_type_list cmsmasters_icon_list_pos_left cmsmasters_color_type_border\"><li id=\"cmsmasters_icon_list_item_69fb57035f83f9_19723437\" class=\"cmsmasters_icon_list_item cmsmasters-icon-direction-3\">Niederlassungen: M\u00fcnchen, Deutschland<\/li><li id=\"cmsmasters_icon_list_item_69fb57035f8962_96952441\" class=\"cmsmasters_icon_list_item cmsmasters-icon-phone-4\">Tel: +49 089 - 3779977- 00<\/li><li id=\"cmsmasters_icon_list_item_69fb57035f8df8_30576445\" class=\"cmsmasters_icon_list_item cmsmasters-icon-envelope-letter\">E-Mail: booking@freight-ferry.de<\/li><li id=\"cmsmasters_icon_list_item_69fb57035f9257_19934754\" class=\"cmsmasters_icon_list_item cmsmasters-icon-custom-18\">Fax: +49 089 - 3779977- 09<\/li><\/ul>\n\n<div id=\"cmsmasters_divider_69fb57035f9794_35401479\" class=\"cl\"><\/div>\n<\/div>\n<\/div>\n<\/div>\n<\/div>\n<\/div>\n<\/div>\n\n","protected":false},"excerpt":{"rendered":"","protected":false},"author":1,"featured_media":7666,"parent":0,"menu_order":0,"comment_status":"closed","ping_status":"open","template":"","meta":{"footnotes":""},"class_list":["post-8592","page","type-page","status-publish","has-post-thumbnail","hentry"],"yoast_head":"<!-- This site is optimized with the Yoast SEO plugin v25.0 - https:\/\/yoast.com\/wordpress\/plugins\/seo\/ -->\n<title>Kontakte - freight-ferry.de<\/title>\n<meta name=\"description\" content=\"Wenden Sie sich an Freight Ferry, wenn Sie fachkundige Beratung zu F\u00e4hrbuchungen, Transportdienstleistungen und mehr ben\u00f6tigen. Kontaktieren Sie uns per Telefon, E-Mail oder \u00fcber unser benutzerfreundliches Kontaktformular.\" \/>\n<meta name=\"robots\" content=\"index, follow, max-snippet:-1, max-image-preview:large, max-video-preview:-1\" \/>\n<link rel=\"canonical\" href=\"https:\/\/freight-ferry.de\/de\/kontakte\/\" \/>\n<meta property=\"og:locale\" content=\"de_DE\" \/>\n<meta property=\"og:type\" content=\"article\" \/>\n<meta property=\"og:title\" content=\"Kontakte - freight-ferry.de\" \/>\n<meta property=\"og:description\" content=\"Wenden Sie sich an Freight Ferry, wenn Sie fachkundige Beratung zu F\u00e4hrbuchungen, Transportdienstleistungen und mehr ben\u00f6tigen. Kontaktieren Sie uns per Telefon, E-Mail oder \u00fcber unser benutzerfreundliches Kontaktformular.\" \/>\n<meta property=\"og:url\" content=\"https:\/\/freight-ferry.de\/de\/kontakte\/\" \/>\n<meta property=\"og:site_name\" content=\"freight-ferry.de\" \/>\n<meta property=\"article:publisher\" content=\"https:\/\/www.instagram.com\/freightferry\/\" \/>\n<meta property=\"article:modified_time\" content=\"2025-02-24T09:19:14+00:00\" \/>\n<meta property=\"og:image\" content=\"https:\/\/freight-ferry.de\/wp-content\/uploads\/2024\/09\/Depositphotos_25045335_original-1.jpg\" \/>\n\t<meta property=\"og:image:width\" content=\"720\" \/>\n\t<meta property=\"og:image:height\" content=\"420\" \/>\n\t<meta property=\"og:image:type\" content=\"image\/jpeg\" \/>\n<meta name=\"twitter:card\" content=\"summary_large_image\" \/>\n<meta name=\"twitter:label1\" content=\"Gesch\u00e4tzte Lesezeit\" \/>\n\t<meta name=\"twitter:data1\" content=\"1\u00a0Minute\" \/>\n<script type=\"application\/ld+json\" class=\"yoast-schema-graph\">{\"@context\":\"https:\/\/schema.org\",\"@graph\":[{\"@type\":\"WebPage\",\"@id\":\"https:\/\/freight-ferry.de\/de\/kontakte\/\",\"url\":\"https:\/\/freight-ferry.de\/de\/kontakte\/\",\"name\":\"Kontakte - freight-ferry.de\",\"isPartOf\":{\"@id\":\"http:\/\/freight-ferry.de\/de\/#website\"},\"primaryImageOfPage\":{\"@id\":\"https:\/\/freight-ferry.de\/de\/kontakte\/#primaryimage\"},\"image\":{\"@id\":\"https:\/\/freight-ferry.de\/de\/kontakte\/#primaryimage\"},\"thumbnailUrl\":\"https:\/\/freight-ferry.de\/wp-content\/uploads\/2024\/09\/Depositphotos_25045335_original-1.jpg\",\"datePublished\":\"2015-07-23T13:27:58+00:00\",\"dateModified\":\"2025-02-24T09:19:14+00:00\",\"description\":\"Wenden Sie sich an Freight Ferry, wenn Sie fachkundige Beratung zu F\u00e4hrbuchungen, Transportdienstleistungen und mehr ben\u00f6tigen. Kontaktieren Sie uns per Telefon, E-Mail oder \u00fcber unser benutzerfreundliches Kontaktformular.\",\"breadcrumb\":{\"@id\":\"https:\/\/freight-ferry.de\/de\/kontakte\/#breadcrumb\"},\"inLanguage\":\"de\",\"potentialAction\":[{\"@type\":\"ReadAction\",\"target\":[\"https:\/\/freight-ferry.de\/de\/kontakte\/\"]}]},{\"@type\":\"ImageObject\",\"inLanguage\":\"de\",\"@id\":\"https:\/\/freight-ferry.de\/de\/kontakte\/#primaryimage\",\"url\":\"https:\/\/freight-ferry.de\/wp-content\/uploads\/2024\/09\/Depositphotos_25045335_original-1.jpg\",\"contentUrl\":\"https:\/\/freight-ferry.de\/wp-content\/uploads\/2024\/09\/Depositphotos_25045335_original-1.jpg\",\"width\":720,\"height\":420,\"caption\":\"Expert Staff & Partners:\"},{\"@type\":\"BreadcrumbList\",\"@id\":\"https:\/\/freight-ferry.de\/de\/kontakte\/#breadcrumb\",\"itemListElement\":[{\"@type\":\"ListItem\",\"position\":1,\"name\":\"Home\",\"item\":\"http:\/\/freight-ferry.de\/de\/\"},{\"@type\":\"ListItem\",\"position\":2,\"name\":\"Kontakte\"}]},{\"@type\":\"WebSite\",\"@id\":\"http:\/\/freight-ferry.de\/de\/#website\",\"url\":\"http:\/\/freight-ferry.de\/de\/\",\"name\":\"freight-ferry.de\",\"description\":\"World Wide Logistics\",\"publisher\":{\"@id\":\"http:\/\/freight-ferry.de\/de\/#organization\"},\"potentialAction\":[{\"@type\":\"SearchAction\",\"target\":{\"@type\":\"EntryPoint\",\"urlTemplate\":\"http:\/\/freight-ferry.de\/de\/?s={search_term_string}\"},\"query-input\":{\"@type\":\"PropertyValueSpecification\",\"valueRequired\":true,\"valueName\":\"search_term_string\"}}],\"inLanguage\":\"de\"},{\"@type\":\"Organization\",\"@id\":\"http:\/\/freight-ferry.de\/de\/#organization\",\"name\":\"freight-ferry.de\",\"url\":\"http:\/\/freight-ferry.de\/de\/\",\"logo\":{\"@type\":\"ImageObject\",\"inLanguage\":\"de\",\"@id\":\"http:\/\/freight-ferry.de\/de\/#\/schema\/logo\/image\/\",\"url\":\"http:\/\/freight-ferry.de\/wp-content\/uploads\/2024\/09\/FreightFerry_Logo_600x195px_Tranparent.png\",\"contentUrl\":\"http:\/\/freight-ferry.de\/wp-content\/uploads\/2024\/09\/FreightFerry_Logo_600x195px_Tranparent.png\",\"width\":600,\"height\":195,\"caption\":\"freight-ferry.de\"},\"image\":{\"@id\":\"http:\/\/freight-ferry.de\/de\/#\/schema\/logo\/image\/\"},\"sameAs\":[\"https:\/\/www.instagram.com\/freightferry\/\",\"https:\/\/www.facebook.com\/profile.php?id=61566565140741\"]}]}<\/script>\n<!-- \/ Yoast SEO plugin. -->","yoast_head_json":{"title":"Kontakte - freight-ferry.de","description":"Wenden Sie sich an Freight Ferry, wenn Sie fachkundige Beratung zu F\u00e4hrbuchungen, Transportdienstleistungen und mehr ben\u00f6tigen. Kontaktieren Sie uns per Telefon, E-Mail oder \u00fcber unser benutzerfreundliches Kontaktformular.","robots":{"index":"index","follow":"follow","max-snippet":"max-snippet:-1","max-image-preview":"max-image-preview:large","max-video-preview":"max-video-preview:-1"},"canonical":"https:\/\/freight-ferry.de\/de\/kontakte\/","og_locale":"de_DE","og_type":"article","og_title":"Kontakte - freight-ferry.de","og_description":"Wenden Sie sich an Freight Ferry, wenn Sie fachkundige Beratung zu F\u00e4hrbuchungen, Transportdienstleistungen und mehr ben\u00f6tigen. Kontaktieren Sie uns per Telefon, E-Mail oder \u00fcber unser benutzerfreundliches Kontaktformular.","og_url":"https:\/\/freight-ferry.de\/de\/kontakte\/","og_site_name":"freight-ferry.de","article_publisher":"https:\/\/www.instagram.com\/freightferry\/","article_modified_time":"2025-02-24T09:19:14+00:00","og_image":[{"width":720,"height":420,"url":"https:\/\/freight-ferry.de\/wp-content\/uploads\/2024\/09\/Depositphotos_25045335_original-1.jpg","type":"image\/jpeg"}],"twitter_card":"summary_large_image","twitter_misc":{"Gesch\u00e4tzte Lesezeit":"1\u00a0Minute"},"schema":{"@context":"https:\/\/schema.org","@graph":[{"@type":"WebPage","@id":"https:\/\/freight-ferry.de\/de\/kontakte\/","url":"https:\/\/freight-ferry.de\/de\/kontakte\/","name":"Kontakte - freight-ferry.de","isPartOf":{"@id":"http:\/\/freight-ferry.de\/de\/#website"},"primaryImageOfPage":{"@id":"https:\/\/freight-ferry.de\/de\/kontakte\/#primaryimage"},"image":{"@id":"https:\/\/freight-ferry.de\/de\/kontakte\/#primaryimage"},"thumbnailUrl":"https:\/\/freight-ferry.de\/wp-content\/uploads\/2024\/09\/Depositphotos_25045335_original-1.jpg","datePublished":"2015-07-23T13:27:58+00:00","dateModified":"2025-02-24T09:19:14+00:00","description":"Wenden Sie sich an Freight Ferry, wenn Sie fachkundige Beratung zu F\u00e4hrbuchungen, Transportdienstleistungen und mehr ben\u00f6tigen. Kontaktieren Sie uns per Telefon, E-Mail oder \u00fcber unser benutzerfreundliches Kontaktformular.","breadcrumb":{"@id":"https:\/\/freight-ferry.de\/de\/kontakte\/#breadcrumb"},"inLanguage":"de","potentialAction":[{"@type":"ReadAction","target":["https:\/\/freight-ferry.de\/de\/kontakte\/"]}]},{"@type":"ImageObject","inLanguage":"de","@id":"https:\/\/freight-ferry.de\/de\/kontakte\/#primaryimage","url":"https:\/\/freight-ferry.de\/wp-content\/uploads\/2024\/09\/Depositphotos_25045335_original-1.jpg","contentUrl":"https:\/\/freight-ferry.de\/wp-content\/uploads\/2024\/09\/Depositphotos_25045335_original-1.jpg","width":720,"height":420,"caption":"Expert Staff & Partners:"},{"@type":"BreadcrumbList","@id":"https:\/\/freight-ferry.de\/de\/kontakte\/#breadcrumb","itemListElement":[{"@type":"ListItem","position":1,"name":"Home","item":"http:\/\/freight-ferry.de\/de\/"},{"@type":"ListItem","position":2,"name":"Kontakte"}]},{"@type":"WebSite","@id":"http:\/\/freight-ferry.de\/de\/#website","url":"http:\/\/freight-ferry.de\/de\/","name":"freight-ferry.de","description":"World Wide Logistics","publisher":{"@id":"http:\/\/freight-ferry.de\/de\/#organization"},"potentialAction":[{"@type":"SearchAction","target":{"@type":"EntryPoint","urlTemplate":"http:\/\/freight-ferry.de\/de\/?s={search_term_string}"},"query-input":{"@type":"PropertyValueSpecification","valueRequired":true,"valueName":"search_term_string"}}],"inLanguage":"de"},{"@type":"Organization","@id":"http:\/\/freight-ferry.de\/de\/#organization","name":"freight-ferry.de","url":"http:\/\/freight-ferry.de\/de\/","logo":{"@type":"ImageObject","inLanguage":"de","@id":"http:\/\/freight-ferry.de\/de\/#\/schema\/logo\/image\/","url":"http:\/\/freight-ferry.de\/wp-content\/uploads\/2024\/09\/FreightFerry_Logo_600x195px_Tranparent.png","contentUrl":"http:\/\/freight-ferry.de\/wp-content\/uploads\/2024\/09\/FreightFerry_Logo_600x195px_Tranparent.png","width":600,"height":195,"caption":"freight-ferry.de"},"image":{"@id":"http:\/\/freight-ferry.de\/de\/#\/schema\/logo\/image\/"},"sameAs":["https:\/\/www.instagram.com\/freightferry\/","https:\/\/www.facebook.com\/profile.php?id=61566565140741"]}]}},"_links":{"self":[{"href":"https:\/\/freight-ferry.de\/de\/wp-json\/wp\/v2\/pages\/8592","targetHints":{"allow":["GET"]}}],"collection":[{"href":"https:\/\/freight-ferry.de\/de\/wp-json\/wp\/v2\/pages"}],"about":[{"href":"https:\/\/freight-ferry.de\/de\/wp-json\/wp\/v2\/types\/page"}],"author":[{"embeddable":true,"href":"https:\/\/freight-ferry.de\/de\/wp-json\/wp\/v2\/users\/1"}],"replies":[{"embeddable":true,"href":"https:\/\/freight-ferry.de\/de\/wp-json\/wp\/v2\/comments?post=8592"}],"version-history":[{"count":1,"href":"https:\/\/freight-ferry.de\/de\/wp-json\/wp\/v2\/pages\/8592\/revisions"}],"predecessor-version":[{"id":8593,"href":"https:\/\/freight-ferry.de\/de\/wp-json\/wp\/v2\/pages\/8592\/revisions\/8593"}],"wp:featuredmedia":[{"embeddable":true,"href":"https:\/\/freight-ferry.de\/de\/wp-json\/wp\/v2\/media\/7666"}],"wp:attachment":[{"href":"https:\/\/freight-ferry.de\/de\/wp-json\/wp\/v2\/media?parent=8592"}],"curies":[{"name":"wp","href":"https:\/\/api.w.org\/{rel}","templated":true}]}}