{"id":8741,"date":"2025-03-28T12:38:13","date_gmt":"2025-03-28T11:38:13","guid":{"rendered":"http:\/\/freight-ferry.de\/?page_id=8741"},"modified":"2025-03-28T12:59:11","modified_gmt":"2025-03-28T11:59:11","slug":"datenschutz","status":"publish","type":"page","link":"https:\/\/freight-ferry.de\/de\/datenschutz\/","title":{"rendered":"Datenschutz"},"content":{"rendered":"<style type=\"text\/css\"> \n#cmsmasters_row_69fb570e60d829_28321972 .cmsmasters_row_outer_parent { \n\tpadding-top: 0px; \n} \n\n#cmsmasters_row_69fb570e60d829_28321972 .cmsmasters_row_outer_parent { \n\tpadding-bottom: 10px; \n} \n\n \n#cmsmasters_heading_69fb570e6126f2_94029749 { \n\ttext-align:left; \n\tmargin-top:0px; \n\tmargin-bottom:20px; \n} \n\n#cmsmasters_heading_69fb570e6126f2_94029749 .cmsmasters_heading { \n\ttext-align:left; \n} \n\n#cmsmasters_heading_69fb570e6126f2_94029749 .cmsmasters_heading, #cmsmasters_heading_69fb570e6126f2_94029749 .cmsmasters_heading a { \n\tfont-size:28px; \n\tfont-weight:600; \n\tfont-style:normal; \n} \n\n#cmsmasters_heading_69fb570e6126f2_94029749 .cmsmasters_heading_divider { \n} \n\n \n#cmsmasters_divider_69fb570e612f02_02514267 { \n\tborder-bottom-width:1px; \n\tborder-bottom-style:solid; \n\tpadding-top:0px; \n\tmargin-bottom:40px; \n} \n \n#cmsmasters_row_69fb570e618030_25865091 .cmsmasters_row_outer_parent { \n\tpadding-top: 0px; \n} \n\n#cmsmasters_row_69fb570e618030_25865091 .cmsmasters_row_outer_parent { \n\tpadding-bottom: 40px; \n} \n\n<\/style><div id=\"cmsmasters_row_69fb570e60d829_28321972\" class=\"cmsmasters_row cmsmasters_color_scheme_default cmsmasters_row_top_default cmsmasters_row_bot_default cmsmasters_row_boxed\">\n<div class=\"cmsmasters_row_outer_parent\">\n<div class=\"cmsmasters_row_outer\">\n<div class=\"cmsmasters_row_inner\">\n<div class=\"cmsmasters_row_margin\">\n<div class=\"cmsmasters_column one_first\">\n\n<div id=\"cmsmasters_heading_69fb570e6126f2_94029749\" class=\"cmsmasters_heading_wrap cmsmasters_heading_align_left\">\n\t<h1 class=\"cmsmasters_heading\">Datenschutz<\/h1>\n<\/div>\n\n<div id=\"cmsmasters_divider_69fb570e612f02_02514267\" class=\"cmsmasters_divider cmsmasters_divider_width_long cmsmasters_divider_pos_center\"><\/div>\n<div class=\"cmsmasters_text\">\n<p class=\"\" data-start=\"50\" data-end=\"68\"><strong data-start=\"50\" data-end=\"68\">Datenschutz<\/strong><\/p>\n<p class=\"\" data-start=\"70\" data-end=\"305\">Wir freuen uns, dass Sie unsere Website besuchen und sich f\u00fcr unsere Dienstleistungen interessieren. Der Schutz Ihrer pers\u00f6nlichen Daten ist uns sehr wichtig. Im Folgenden erkl\u00e4ren wir, welche Daten wir w\u00e4hrend Ihres Besuchs auf unserer Website erfassen und wie diese genutzt werden.  <\/p>\n<p class=\"\" data-start=\"307\" data-end=\"510\"><strong data-start=\"307\" data-end=\"325\">Erfasste Daten<\/strong><br data-start=\"325\" data-end=\"328\">Normalerweise erheben wir beim Besuch unserer Website keine pers\u00f6nlichen Daten. Der Webserver speichert standardm\u00e4\u00dfig folgende Informationen, soweit es Ihr Browser zul\u00e4sst: <\/p>\n<ul data-start=\"511\" data-end=\"697\">\n<li class=\"\" data-start=\"511\" data-end=\"527\">\n<p class=\"\" data-start=\"513\" data-end=\"527\">Browsertyp<\/p>\n<\/li>\n<li class=\"\" data-start=\"528\" data-end=\"542\">\n<p class=\"\" data-start=\"530\" data-end=\"542\">IP-Adresse<\/p>\n<\/li>\n<li class=\"\" data-start=\"543\" data-end=\"584\">\n<p class=\"\" data-start=\"545\" data-end=\"584\">Name des Internet Service Providers<\/p>\n<\/li>\n<li class=\"\" data-start=\"585\" data-end=\"619\">\n<p class=\"\" data-start=\"587\" data-end=\"619\">Die Seiten, die Sie auf unserer Website besuchen<\/p>\n<\/li>\n<li class=\"\" data-start=\"620\" data-end=\"661\">\n<p class=\"\" data-start=\"622\" data-end=\"661\">Die Website, von der Sie zu uns gekommen sind<\/p>\n<\/li>\n<li class=\"\" data-start=\"662\" data-end=\"697\">\n<p class=\"\" data-start=\"664\" data-end=\"697\">Datum und Dauer Ihres Besuchs<\/p>\n<\/li>\n<\/ul>\n<p class=\"\" data-start=\"699\" data-end=\"946\">Diese Daten k\u00f6nnen statistisch ausgewertet werden, um unsere Website und unseren Service zu verbessern. Sie sind nicht einer bestimmten Person zuzuordnen. Eine Zusammenf\u00fchrung dieser Daten mit anderen Quellen erfolgt nicht. Diese Daten werden 8 Wochen lang gespeichert und anschlie\u00dfend gel\u00f6scht. IP-Adressen werden nach 7 Tagen anonymisiert.    <\/p>\n<p class=\"\" data-start=\"948\" data-end=\"1141\"><strong data-start=\"948\" data-end=\"994\">Erhebung und Verarbeitung von personenbezogenen Daten<\/strong><br data-start=\"994\" data-end=\"997\">Personenbezogene Daten speichern wir nur, wenn Sie uns diese freiwillig zur Verf\u00fcgung stellen, etwa im Rahmen einer Anfrage \u00fcber unser Kontaktformular. Zu den personenbezogenen Daten geh\u00f6ren: <\/p>\n<ul data-start=\"1142\" data-end=\"1239\">\n<li class=\"\" data-start=\"1142\" data-end=\"1155\">\n<p class=\"\" data-start=\"1144\" data-end=\"1155\">Ihr Name<\/p>\n<\/li>\n<li class=\"\" data-start=\"1156\" data-end=\"1177\">\n<p class=\"\" data-start=\"1158\" data-end=\"1177\">Ihr Firmenname<\/p>\n<\/li>\n<li class=\"\" data-start=\"1178\" data-end=\"1200\">\n<p class=\"\" data-start=\"1180\" data-end=\"1200\">Ihre E-Mail Adresse<\/p>\n<\/li>\n<li class=\"\" data-start=\"1201\" data-end=\"1239\">\n<p class=\"\" data-start=\"1203\" data-end=\"1239\">Ihre Telefonnummer oder Mobilnummer<\/p>\n<\/li>\n<\/ul>\n<p class=\"\" data-start=\"1241\" data-end=\"1509\">Ihre Daten geben wir nur weiter, wenn es f\u00fcr die Vertragsabwicklung oder Abrechnung erforderlich ist und Sie zugestimmt haben. Wir verkaufen Ihre Daten nicht an Dritte. Eine Weitergabe an staatliche Stellen erfolgt nur, wenn es gesetzlich erforderlich ist oder wir einer gerichtlichen Anordnung folgen m\u00fcssen.  <\/p>\n<p class=\"\" data-start=\"1511\" data-end=\"1765\"><strong data-start=\"1511\" data-end=\"1530\">Nutzung der Daten<\/strong><br data-start=\"1530\" data-end=\"1533\">Die erhobenen personenbezogenen Daten nutzen wir nur, um Ihnen die gew\u00fcnschten Informationen oder Dienstleistungen zu bieten oder f\u00fcr andere Zwecke, denen Sie zugestimmt haben, es sei denn, gesetzliche Bestimmungen verlangen etwas anderes. Unsere Mitarbeiter sind zur Vertraulichkeit verpflichtet. <\/p>\n<p class=\"\" data-start=\"1767\" data-end=\"1924\"><strong data-start=\"1767\" data-end=\"1783\">Speicherung der Daten<\/strong><br data-start=\"1783\" data-end=\"1786\">Wir speichern Ihre personenbezogenen Daten nur so lange, wie es f\u00fcr die Erbringung der gew\u00fcnschten Dienstleistungen erforderlich ist oder bis gesetzliche Aufbewahrungsfristen ablaufen.<\/p>\n<p class=\"\" data-start=\"1926\" data-end=\"2082\"><strong data-start=\"1926\" data-end=\"1949\">Widerrufsrecht<\/strong><br data-start=\"1949\" data-end=\"1952\">Sie k\u00f6nnen Ihre Einwilligung zur Nutzung Ihrer personenbezogenen Daten jederzeit mit Wirkung f\u00fcr die Zukunft ganz oder teilweise widerrufen.<\/p>\n<p class=\"\" data-start=\"2084\" data-end=\"2202\"><strong data-start=\"2084\" data-end=\"2096\">Kinder<\/strong><br data-start=\"2096\" data-end=\"2099\">Wir erheben keine personenbezogenen Daten von Kindern, es sei denn, dies geschieht wissentlich und mit Zustimmung der Erziehungsberechtigten.<\/p>\n<p class=\"\" data-start=\"2204\" data-end=\"2381\"><strong data-start=\"2204\" data-end=\"2216\">Sicherheit<\/strong><br data-start=\"2216\" data-end=\"2219\">Wir treffen technische und organisatorische Ma\u00dfnahmen, um Ihre Daten vor Manipulation, Verlust oder unbefugtem Zugriff zu sch\u00fctzen. Diese Sicherheitsma\u00dfnahmen werden regelm\u00e4\u00dfig aktualisiert. <\/p>\n<p class=\"\" data-start=\"2383\" data-end=\"2591\"><strong data-start=\"2383\" data-end=\"2401\">SSL-Verschl\u00fcsselung<\/strong><br data-start=\"2401\" data-end=\"2404\">Zum Schutz der \u00dcbertragung vertraulicher Daten, wie z. B. des ausgef\u00fcllten Kontaktformulars, verwenden wir SSL-Verschl\u00fcsselung. Dies erkennen Sie an dem Schloss-Symbol und der \u201ehttps\u201c-Kennzeichnung in der Adressleiste. <\/p>\n<p class=\"\" data-start=\"2593\" data-end=\"2859\"><strong data-start=\"2593\" data-end=\"2604\">Cookies<\/strong><br data-start=\"2604\" data-end=\"2607\">Unsere Website verwendet Cookies. Cookies sind kleine Textdateien, die auf Ihrem Computer gespeichert werden und uns helfen, Ihre Nutzung unserer Website zu analysieren. Sie k\u00f6nnen die Speicherung von Cookies \u00fcber die Einstellungen Ihres Browsers deaktivieren. In diesem Fall kann es sein, dass bestimmte Funktionen der Website nicht verf\u00fcgbar sind.   <\/p>\n<p class=\"\" data-start=\"2861\" data-end=\"3269\"><strong data-start=\"2861\" data-end=\"2877\">Social Media<\/strong><br data-start=\"2877\" data-end=\"2880\">Auf unserer Website finden Sie Links zu Facebook und Instagram. Diese Links sind durch die entsprechenden Symbole (Facebook: \u201ef\u201c, Instagram: Kamera) erkennbar. Wenn Sie auf einen dieser Links klicken, wird eine Verbindung zu den Servern des jeweiligen Anbieters hergestellt, und dieser wird dar\u00fcber informiert, dass Sie unsere Seite besucht haben. Wir haben keinen Einfluss auf die Datenerhebung oder -verarbeitung durch Facebook oder Instagram.   <\/p>\n<p class=\"\" data-start=\"3271\" data-end=\"3735\"><strong data-start=\"3271\" data-end=\"3291\">Google Analytics<\/strong><br data-start=\"3291\" data-end=\"3294\">Unsere Website nutzt Google Analytics, einen Webanalyse-Dienst von Google Inc. Google verwendet Cookies, um Ihre Nutzung der Website zu analysieren. Diese Informationen werden in der Regel an einen Server in den USA \u00fcbertragen und dort gespeichert. Wenn die IP-Anonymisierung aktiviert ist, wird Ihre IP-Adresse jedoch innerhalb der EU gek\u00fcrzt. Wir nutzen die Daten zur Analyse und Verbesserung unserer Website. Weitere Informationen \u00fcber Google Analytics finden Sie in der Datenschutzerkl\u00e4rung von Google.     <\/p>\n<p class=\"\" data-start=\"3737\" data-end=\"3916\"><strong data-start=\"3737\" data-end=\"3755\">Externe Links<\/strong><br data-start=\"3755\" data-end=\"3758\">Unsere Website enth\u00e4lt Links zu externen Websites. Wir haben diese vor ihrer Ver\u00f6ffentlichung \u00fcberpr\u00fcft, \u00fcbernehmen jedoch keine Haftung f\u00fcr deren Inhalt oder Datenschutzpraktiken. <\/p>\n<p class=\"\" data-start=\"3918\" data-end=\"4083\"><strong data-start=\"3918\" data-end=\"3942\">Auskunftsrecht<\/strong><br data-start=\"3942\" data-end=\"3945\">Auf Anfrage teilen wir Ihnen mit, ob und welche personenbezogenen Daten \u00fcber Sie gespeichert sind. Wenden Sie sich hierzu per Mail an uns: <a class=\"cursor-pointer\" rel=\"noopener\" data-start=\"4059\" data-end=\"4083\">booking@freight-ferry.de<\/a> <\/p>\n<p class=\"\" data-start=\"4085\" data-end=\"4245\"><strong data-start=\"4085\" data-end=\"4118\">Aktualit\u00e4t der Datenschutzerkl\u00e4rung<\/strong><br data-start=\"4118\" data-end=\"4121\">Wir behalten uns vor, diese Datenschutzerkl\u00e4rung bei Bedarf anzupassen. Bitte lesen Sie sie gelegentlich erneut, um \u00fcber \u00c4nderungen informiert zu bleiben. <\/p>\n<\/div>\n<\/div>\n<\/div>\n<\/div>\n<\/div>\n<\/div>\n<\/div>\n<div id=\"cmsmasters_row_69fb570e618030_25865091\" class=\"cmsmasters_row cmsmasters_color_scheme_default cmsmasters_row_top_default cmsmasters_row_bot_default cmsmasters_row_boxed\">\n<div class=\"cmsmasters_row_outer_parent\">\n<div class=\"cmsmasters_row_outer\">\n<div class=\"cmsmasters_row_inner\">\n<div class=\"cmsmasters_row_margin\">\n<div class=\"cmsmasters_column one_first\">\n<\/div>\n<\/div>\n<\/div>\n<\/div>\n<\/div>\n<\/div>\n\n","protected":false},"excerpt":{"rendered":"","protected":false},"author":1,"featured_media":0,"parent":0,"menu_order":0,"comment_status":"closed","ping_status":"closed","template":"","meta":{"footnotes":""},"class_list":["post-8741","page","type-page","status-publish","hentry"],"yoast_head":"<!-- This site is optimized with the Yoast SEO plugin v25.0 - https:\/\/yoast.com\/wordpress\/plugins\/seo\/ -->\n<title>Datenschutz - freight-ferry.de<\/title>\n<meta name=\"description\" content=\"Buchen Sie F\u00e4hrtransporte in ganz Europa mit fachkundiger Beratung. Erhalten Sie pers\u00f6nliche Unterst\u00fctzung zu Routen, Fahrpl\u00e4nen und Kosten f\u00fcr alle Frachtanforderungen!\" \/>\n<meta name=\"robots\" content=\"index, follow, max-snippet:-1, max-image-preview:large, max-video-preview:-1\" \/>\n<link rel=\"canonical\" href=\"https:\/\/freight-ferry.de\/de\/datenschutz\/\" \/>\n<meta property=\"og:locale\" content=\"de_DE\" \/>\n<meta property=\"og:type\" content=\"article\" \/>\n<meta property=\"og:title\" content=\"Datenschutz - freight-ferry.de\" \/>\n<meta property=\"og:description\" content=\"Buchen Sie F\u00e4hrtransporte in ganz Europa mit fachkundiger Beratung. Erhalten Sie pers\u00f6nliche Unterst\u00fctzung zu Routen, Fahrpl\u00e4nen und Kosten f\u00fcr alle Frachtanforderungen!\" \/>\n<meta property=\"og:url\" content=\"https:\/\/freight-ferry.de\/de\/datenschutz\/\" \/>\n<meta property=\"og:site_name\" content=\"freight-ferry.de\" \/>\n<meta property=\"article:publisher\" content=\"https:\/\/www.instagram.com\/freightferry\/\" \/>\n<meta property=\"article:modified_time\" content=\"2025-03-28T11:59:11+00:00\" \/>\n<meta name=\"twitter:card\" content=\"summary_large_image\" \/>\n<meta name=\"twitter:label1\" content=\"Gesch\u00e4tzte Lesezeit\" \/>\n\t<meta name=\"twitter:data1\" content=\"3\u00a0Minuten\" \/>\n<script type=\"application\/ld+json\" class=\"yoast-schema-graph\">{\"@context\":\"https:\/\/schema.org\",\"@graph\":[{\"@type\":\"WebPage\",\"@id\":\"https:\/\/freight-ferry.de\/de\/datenschutz\/\",\"url\":\"https:\/\/freight-ferry.de\/de\/datenschutz\/\",\"name\":\"Datenschutz - freight-ferry.de\",\"isPartOf\":{\"@id\":\"http:\/\/freight-ferry.de\/de\/#website\"},\"datePublished\":\"2025-03-28T11:38:13+00:00\",\"dateModified\":\"2025-03-28T11:59:11+00:00\",\"description\":\"Buchen Sie F\u00e4hrtransporte in ganz Europa mit fachkundiger Beratung. Erhalten Sie pers\u00f6nliche Unterst\u00fctzung zu Routen, Fahrpl\u00e4nen und Kosten f\u00fcr alle Frachtanforderungen!\",\"breadcrumb\":{\"@id\":\"https:\/\/freight-ferry.de\/de\/datenschutz\/#breadcrumb\"},\"inLanguage\":\"de\",\"potentialAction\":[{\"@type\":\"ReadAction\",\"target\":[\"https:\/\/freight-ferry.de\/de\/datenschutz\/\"]}]},{\"@type\":\"BreadcrumbList\",\"@id\":\"https:\/\/freight-ferry.de\/de\/datenschutz\/#breadcrumb\",\"itemListElement\":[{\"@type\":\"ListItem\",\"position\":1,\"name\":\"Home\",\"item\":\"http:\/\/freight-ferry.de\/de\/\"},{\"@type\":\"ListItem\",\"position\":2,\"name\":\"Datenschutz\"}]},{\"@type\":\"WebSite\",\"@id\":\"http:\/\/freight-ferry.de\/de\/#website\",\"url\":\"http:\/\/freight-ferry.de\/de\/\",\"name\":\"freight-ferry.de\",\"description\":\"World Wide Logistics\",\"publisher\":{\"@id\":\"http:\/\/freight-ferry.de\/de\/#organization\"},\"potentialAction\":[{\"@type\":\"SearchAction\",\"target\":{\"@type\":\"EntryPoint\",\"urlTemplate\":\"http:\/\/freight-ferry.de\/de\/?s={search_term_string}\"},\"query-input\":{\"@type\":\"PropertyValueSpecification\",\"valueRequired\":true,\"valueName\":\"search_term_string\"}}],\"inLanguage\":\"de\"},{\"@type\":\"Organization\",\"@id\":\"http:\/\/freight-ferry.de\/de\/#organization\",\"name\":\"freight-ferry.de\",\"url\":\"http:\/\/freight-ferry.de\/de\/\",\"logo\":{\"@type\":\"ImageObject\",\"inLanguage\":\"de\",\"@id\":\"http:\/\/freight-ferry.de\/de\/#\/schema\/logo\/image\/\",\"url\":\"http:\/\/freight-ferry.de\/wp-content\/uploads\/2024\/09\/FreightFerry_Logo_600x195px_Tranparent.png\",\"contentUrl\":\"http:\/\/freight-ferry.de\/wp-content\/uploads\/2024\/09\/FreightFerry_Logo_600x195px_Tranparent.png\",\"width\":600,\"height\":195,\"caption\":\"freight-ferry.de\"},\"image\":{\"@id\":\"http:\/\/freight-ferry.de\/de\/#\/schema\/logo\/image\/\"},\"sameAs\":[\"https:\/\/www.instagram.com\/freightferry\/\",\"https:\/\/www.facebook.com\/profile.php?id=61566565140741\"]}]}<\/script>\n<!-- \/ Yoast SEO plugin. -->","yoast_head_json":{"title":"Datenschutz - freight-ferry.de","description":"Buchen Sie F\u00e4hrtransporte in ganz Europa mit fachkundiger Beratung. Erhalten Sie pers\u00f6nliche Unterst\u00fctzung zu Routen, Fahrpl\u00e4nen und Kosten f\u00fcr alle Frachtanforderungen!","robots":{"index":"index","follow":"follow","max-snippet":"max-snippet:-1","max-image-preview":"max-image-preview:large","max-video-preview":"max-video-preview:-1"},"canonical":"https:\/\/freight-ferry.de\/de\/datenschutz\/","og_locale":"de_DE","og_type":"article","og_title":"Datenschutz - freight-ferry.de","og_description":"Buchen Sie F\u00e4hrtransporte in ganz Europa mit fachkundiger Beratung. Erhalten Sie pers\u00f6nliche Unterst\u00fctzung zu Routen, Fahrpl\u00e4nen und Kosten f\u00fcr alle Frachtanforderungen!","og_url":"https:\/\/freight-ferry.de\/de\/datenschutz\/","og_site_name":"freight-ferry.de","article_publisher":"https:\/\/www.instagram.com\/freightferry\/","article_modified_time":"2025-03-28T11:59:11+00:00","twitter_card":"summary_large_image","twitter_misc":{"Gesch\u00e4tzte Lesezeit":"3\u00a0Minuten"},"schema":{"@context":"https:\/\/schema.org","@graph":[{"@type":"WebPage","@id":"https:\/\/freight-ferry.de\/de\/datenschutz\/","url":"https:\/\/freight-ferry.de\/de\/datenschutz\/","name":"Datenschutz - freight-ferry.de","isPartOf":{"@id":"http:\/\/freight-ferry.de\/de\/#website"},"datePublished":"2025-03-28T11:38:13+00:00","dateModified":"2025-03-28T11:59:11+00:00","description":"Buchen Sie F\u00e4hrtransporte in ganz Europa mit fachkundiger Beratung. Erhalten Sie pers\u00f6nliche Unterst\u00fctzung zu Routen, Fahrpl\u00e4nen und Kosten f\u00fcr alle Frachtanforderungen!","breadcrumb":{"@id":"https:\/\/freight-ferry.de\/de\/datenschutz\/#breadcrumb"},"inLanguage":"de","potentialAction":[{"@type":"ReadAction","target":["https:\/\/freight-ferry.de\/de\/datenschutz\/"]}]},{"@type":"BreadcrumbList","@id":"https:\/\/freight-ferry.de\/de\/datenschutz\/#breadcrumb","itemListElement":[{"@type":"ListItem","position":1,"name":"Home","item":"http:\/\/freight-ferry.de\/de\/"},{"@type":"ListItem","position":2,"name":"Datenschutz"}]},{"@type":"WebSite","@id":"http:\/\/freight-ferry.de\/de\/#website","url":"http:\/\/freight-ferry.de\/de\/","name":"freight-ferry.de","description":"World Wide Logistics","publisher":{"@id":"http:\/\/freight-ferry.de\/de\/#organization"},"potentialAction":[{"@type":"SearchAction","target":{"@type":"EntryPoint","urlTemplate":"http:\/\/freight-ferry.de\/de\/?s={search_term_string}"},"query-input":{"@type":"PropertyValueSpecification","valueRequired":true,"valueName":"search_term_string"}}],"inLanguage":"de"},{"@type":"Organization","@id":"http:\/\/freight-ferry.de\/de\/#organization","name":"freight-ferry.de","url":"http:\/\/freight-ferry.de\/de\/","logo":{"@type":"ImageObject","inLanguage":"de","@id":"http:\/\/freight-ferry.de\/de\/#\/schema\/logo\/image\/","url":"http:\/\/freight-ferry.de\/wp-content\/uploads\/2024\/09\/FreightFerry_Logo_600x195px_Tranparent.png","contentUrl":"http:\/\/freight-ferry.de\/wp-content\/uploads\/2024\/09\/FreightFerry_Logo_600x195px_Tranparent.png","width":600,"height":195,"caption":"freight-ferry.de"},"image":{"@id":"http:\/\/freight-ferry.de\/de\/#\/schema\/logo\/image\/"},"sameAs":["https:\/\/www.instagram.com\/freightferry\/","https:\/\/www.facebook.com\/profile.php?id=61566565140741"]}]}},"_links":{"self":[{"href":"https:\/\/freight-ferry.de\/de\/wp-json\/wp\/v2\/pages\/8741","targetHints":{"allow":["GET"]}}],"collection":[{"href":"https:\/\/freight-ferry.de\/de\/wp-json\/wp\/v2\/pages"}],"about":[{"href":"https:\/\/freight-ferry.de\/de\/wp-json\/wp\/v2\/types\/page"}],"author":[{"embeddable":true,"href":"https:\/\/freight-ferry.de\/de\/wp-json\/wp\/v2\/users\/1"}],"replies":[{"embeddable":true,"href":"https:\/\/freight-ferry.de\/de\/wp-json\/wp\/v2\/comments?post=8741"}],"version-history":[{"count":4,"href":"https:\/\/freight-ferry.de\/de\/wp-json\/wp\/v2\/pages\/8741\/revisions"}],"predecessor-version":[{"id":8752,"href":"https:\/\/freight-ferry.de\/de\/wp-json\/wp\/v2\/pages\/8741\/revisions\/8752"}],"wp:attachment":[{"href":"https:\/\/freight-ferry.de\/de\/wp-json\/wp\/v2\/media?parent=8741"}],"curies":[{"name":"wp","href":"https:\/\/api.w.org\/{rel}","templated":true}]}}