{"id":8686,"date":"2024-09-23T07:43:37","date_gmt":"2024-09-23T06:43:37","guid":{"rendered":"http:\/\/freight-ferry.de\/rejestracja-bazy-portowej-w-porcie-holenderskim\/"},"modified":"2025-02-13T13:28:49","modified_gmt":"2025-02-13T12:28:49","slug":"rejestracja-bazy-portowej-w-porcie-holenderskim","status":"publish","type":"page","link":"https:\/\/freight-ferry.de\/pl\/rejestracja-bazy-portowej-w-porcie-holenderskim\/","title":{"rendered":"Rejestracja bazy portowej w porcie holenderskim"},"content":{"rendered":"<style type=\"text\/css\"> \n#cmsmasters_row_69febc3911e201_94276289 .cmsmasters_row_outer_parent { \n\tpadding-top: 0px; \n} \n\n#cmsmasters_row_69febc3911e201_94276289 .cmsmasters_row_outer_parent { \n\tpadding-bottom: 10px; \n} \n\n \n#cmsmasters_heading_69febc391202e2_67404532 { \n\ttext-align:left; \n\tmargin-top:0px; \n\tmargin-bottom:0px; \n} \n\n#cmsmasters_heading_69febc391202e2_67404532 .cmsmasters_heading { \n\ttext-align:left; \n} \n\n#cmsmasters_heading_69febc391202e2_67404532 .cmsmasters_heading, #cmsmasters_heading_69febc391202e2_67404532 .cmsmasters_heading a { \n\tfont-family:'Roboto Condensed'; \n\tfont-size:18px; \n\tline-height:24px; \n\tfont-weight:600; \n\tfont-style:normal; \n\tcolor:#a8a8a8;\n} \n\n#cmsmasters_heading_69febc391202e2_67404532 .cmsmasters_heading_divider { \n} \n\n \n#cmsmasters_heading_69febc391207c6_95443781 { \n\ttext-align:left; \n\tmargin-top:0px; \n\tmargin-bottom:20px; \n} \n\n#cmsmasters_heading_69febc391207c6_95443781 .cmsmasters_heading { \n\ttext-align:left; \n} \n\n#cmsmasters_heading_69febc391207c6_95443781 .cmsmasters_heading, #cmsmasters_heading_69febc391207c6_95443781 .cmsmasters_heading a { \n\tfont-size:28px; \n\tfont-weight:600; \n\tfont-style:normal; \n} \n\n#cmsmasters_heading_69febc391207c6_95443781 .cmsmasters_heading_divider { \n} \n\n \n#cmsmasters_divider_69febc39120b75_50200630 { \n\tborder-bottom-width:1px; \n\tborder-bottom-style:solid; \n\tpadding-top:0px; \n\tmargin-bottom:40px; \n} \n \n#cmsmasters_row_69febc39122fa9_15210094 .cmsmasters_row_outer_parent { \n\tpadding-top: 0px; \n} \n\n#cmsmasters_row_69febc39122fa9_15210094 .cmsmasters_row_outer_parent { \n\tpadding-bottom: 10px; \n} \n\n \n#cmsmasters_row_69febc39132a87_01745727 .cmsmasters_row_outer_parent { \n\tpadding-top: 0px; \n} \n\n#cmsmasters_row_69febc39132a87_01745727 .cmsmasters_row_outer_parent { \n\tpadding-bottom: 40px; \n} \n\n \n#cmsmasters_row_69febc39133ae0_36861391 .cmsmasters_row_outer_parent { \n\tpadding-top: 0px; \n} \n\n#cmsmasters_row_69febc39133ae0_36861391 .cmsmasters_row_outer_parent { \n\tpadding-bottom: 0px; \n} \n\n \n#cmsmasters_divider_69febc39135586_44553364 { \n\tborder-bottom-width:1px; \n\tborder-bottom-style:solid; \n\tpadding-top:0px; \n\tmargin-bottom:40px; \n} \n \n#cmsmasters_row_69febc391359d2_41052040 .cmsmasters_row_outer_parent { \n\tpadding-bottom: 50px; \n} \n\n \n#cmsmasters_icon_box_69febc39137118_05144117 { \n\tborder-width:1px; \n\tbackground-color:#fcfcfc;\n\tborder-color:#e4e4e4;\n} \n\n#cmsmasters_icon_box_69febc39137118_05144117:before, \n#cmsmasters_icon_box_69febc39137118_05144117 .icon_box_heading:before { \n\tfont-size:30px; \n\tline-height:60px; \n\twidth:60px; \n\theight:60px; \n\tborder-width:0px; \n\t-webkit-border-radius:50%; \n\tborder-radius:50%; \n\tcolor:#ffffff;\n\tbackground-color:#6ea6d5;\n} \n\n#cmsmasters_icon_box_69febc39137118_05144117.cmsmasters_icon_heading_left, \n#cmsmasters_icon_box_69febc39137118_05144117.cmsmasters_icon_top, \n#cmsmasters_icon_box_69febc39137118_05144117.cmsmasters_icon_box_left_top { \n\tpadding:30px 20px; } \n\n#cmsmasters_icon_box_69febc39137118_05144117.cmsmasters_icon_top:before { \n\ttop:30px;} \n\n#cmsmasters_icon_box_69febc39137118_05144117.cmsmasters_icon_box_left, \n#cmsmasters_icon_box_69febc39137118_05144117.cmsmasters_icon_box_left_top { \n\tpadding-left:60px; \n\tmargin-left:30px; \n\t} \n\n#cmsmasters_icon_box_69febc39137118_05144117.cmsmasters_icon_box_left:before, \n#cmsmasters_icon_box_69febc39137118_05144117.cmsmasters_icon_box_left_top:before { \n\tleft:-30px; \n\t} \n\n#cmsmasters_icon_box_69febc39137118_05144117.cmsmasters_icon_box_left_top { \n\tpadding-top:30px; \n\tmargin-top:60px; \n\t} \n\n#cmsmasters_icon_box_69febc39137118_05144117.cmsmasters_icon_box_left_top:before { \n\tmargin-top:-30px; \n\t} \n\n \n#cmsmasters_divider_69febc39137bf4_77636763 { \n\tborder-bottom-width:0px; \n\tborder-bottom-style:solid; \n\tpadding-top:0px; \n\tmargin-bottom:40px; \n} \n \n#cmsmasters_icon_box_69febc39138786_34565853 { \n\tborder-width:1px; \n\tbackground-color:#fcfcfc;\n\tborder-color:#e4e4e4;\n} \n\n#cmsmasters_icon_box_69febc39138786_34565853:before, \n#cmsmasters_icon_box_69febc39138786_34565853 .icon_box_heading:before { \n\tfont-size:30px; \n\tline-height:60px; \n\twidth:60px; \n\theight:60px; \n\tborder-width:0px; \n\t-webkit-border-radius:50%; \n\tborder-radius:50%; \n\tbackground-color:#6ea6d5;\n} \n\n#cmsmasters_icon_box_69febc39138786_34565853.cmsmasters_icon_heading_left, \n#cmsmasters_icon_box_69febc39138786_34565853.cmsmasters_icon_top, \n#cmsmasters_icon_box_69febc39138786_34565853.cmsmasters_icon_box_left_top { \n\tpadding:30px 20px; } \n\n#cmsmasters_icon_box_69febc39138786_34565853.cmsmasters_icon_top:before { \n\ttop:30px;} \n\n#cmsmasters_icon_box_69febc39138786_34565853.cmsmasters_icon_box_left, \n#cmsmasters_icon_box_69febc39138786_34565853.cmsmasters_icon_box_left_top { \n\tpadding-left:60px; \n\tmargin-left:30px; \n\t} \n\n#cmsmasters_icon_box_69febc39138786_34565853.cmsmasters_icon_box_left:before, \n#cmsmasters_icon_box_69febc39138786_34565853.cmsmasters_icon_box_left_top:before { \n\tleft:-30px; \n\t} \n\n#cmsmasters_icon_box_69febc39138786_34565853.cmsmasters_icon_box_left_top { \n\tpadding-top:30px; \n\tmargin-top:60px; \n\t} \n\n#cmsmasters_icon_box_69febc39138786_34565853.cmsmasters_icon_box_left_top:before { \n\tmargin-top:-30px; \n\t} \n\n \n#cmsmasters_divider_69febc39138dc2_78832680 { \n\tborder-bottom-width:0px; \n\tborder-bottom-style:solid; \n\tpadding-top:0px; \n\tmargin-bottom:40px; \n} \n<\/style><div id=\"cmsmasters_row_69febc3911e201_94276289\" class=\"cmsmasters_row cmsmasters_color_scheme_default cmsmasters_row_top_default cmsmasters_row_bot_default cmsmasters_row_boxed\">\n<div class=\"cmsmasters_row_outer_parent\">\n<div class=\"cmsmasters_row_outer\">\n<div class=\"cmsmasters_row_inner\">\n<div class=\"cmsmasters_row_margin\">\n<div class=\"cmsmasters_column one_first\">\n\n<div id=\"cmsmasters_heading_69febc391202e2_67404532\" class=\"cmsmasters_heading_wrap cmsmasters_heading_align_left\">\n\t<h3 class=\"cmsmasters_heading\">Serwis<\/h3>\n<\/div>\n<div id=\"cmsmasters_heading_69febc391207c6_95443781\" class=\"cmsmasters_heading_wrap cmsmasters_heading_align_left\">\n\t<h1 class=\"cmsmasters_heading\">Rejestracja bazy danych portu w Holandii<\/h1>\n<\/div>\n\n<div id=\"cmsmasters_divider_69febc39120b75_50200630\" class=\"cmsmasters_divider cmsmasters_divider_width_long cmsmasters_divider_pos_center\"><\/div>\n<div class=\"cmsmasters_text\">\n<p>Portbase jest \u0142\u0105cznikiem mi\u0119dzy wszystkimi \u0142a\u0144cuchami logistycznymi holenderskich port\u00f3w. Umo\u017cliwia on p\u0142ynny przep\u0142yw danych mi\u0119dzy firmami oraz wymian\u0119 informacji z w\u0142adzami za po\u015brednictwem Port Community System w celu zapewnienia szybszej, wydajniejszej i bardziej op\u0142acalnej us\u0142ugi. Nasz zesp\u00f3\u0142 ds. rezerwacji prom\u00f3w dla ci\u0119\u017car\u00f3wek ch\u0119tnie pomo\u017ce w rejestracji oraz odpowie na wszelkie pytania dotycz\u0105ce systemu Portbase. <\/p>\n<\/div>\n<\/div>\n<\/div>\n<\/div>\n<\/div>\n<\/div>\n<\/div>\n<div id=\"cmsmasters_row_69febc39122fa9_15210094\" class=\"cmsmasters_row cmsmasters_color_scheme_default cmsmasters_row_top_default cmsmasters_row_bot_default cmsmasters_row_boxed\">\n<div class=\"cmsmasters_row_outer_parent\">\n<div class=\"cmsmasters_row_outer\">\n<div class=\"cmsmasters_row_inner\">\n<div class=\"cmsmasters_row_margin\">\n<div class=\"cmsmasters_column one_half\">\n<div class=\"cmsmasters_content_slider_wrap\" style=\"max-width:580px;\">\n<script type=\"text\/javascript\">jQuery(document).ready(function () { jQuery(\"#cmsmasters_slider_69febc39124576_45836636.cmsmasters_content_slider\").owlCarousel( { singleItem : true, transitionStyle: false, rewindSpeed : 1000, slideSpeed : 600, autoHeight : true, paginationSpeed : \t600, autoPlay : 7000,navigationText : \t[ \"<span class=\\\"cmsmasters_prev_arrow\\\"><span><\/span><\/span>\", \"<span class=\\\"cmsmasters_next_arrow\\\"><span><\/span><\/span>\" ] } );} );<\/script>\n<div id=\"cmsmasters_slider_69febc39124576_45836636\" class=\"cmsmasters_content_slider cmsmasters_owl_slider owl-carousel\">\n<div class=\"cmsmasters_content_slider_item\"><img loading=\"lazy\" decoding=\"async\" width=\"580\" height=\"350\" src=\"https:\/\/freight-ferry.de\/wp-content\/uploads\/2016\/03\/02-1-580x350.jpg\" class=\"attachment-cmsmasters-blog-masonry-thumb size-cmsmasters-blog-masonry-thumb\" alt=\"\" \/><\/div><div class=\"cmsmasters_content_slider_item\"><img loading=\"lazy\" decoding=\"async\" width=\"580\" height=\"350\" src=\"https:\/\/freight-ferry.de\/wp-content\/uploads\/2016\/03\/03-1-580x350.jpg\" class=\"attachment-cmsmasters-blog-masonry-thumb size-cmsmasters-blog-masonry-thumb\" alt=\"\" \/><\/div><div class=\"cmsmasters_content_slider_item\"><img loading=\"lazy\" decoding=\"async\" width=\"580\" height=\"350\" src=\"https:\/\/freight-ferry.de\/wp-content\/uploads\/2016\/03\/04-1-580x350.jpg\" class=\"attachment-cmsmasters-blog-masonry-thumb size-cmsmasters-blog-masonry-thumb\" alt=\"\" \/><\/div><\/div>\n<\/div>\n<\/div>\n<div class=\"cmsmasters_column one_half\">\n<div class=\"cmsmasters_text\">\n<p>U\u017cywamy rejestracji w systemie Portbase w przypadku wysy\u0142ki do lub z holenderskiego portu, mi\u0119dzy innymi:<\/p>\n<ul>\n<li>Wysy\u0142ka do lub z holenderskiego portu<\/li>\n<li>Hoek van Holland<\/li>\n<li>Ijmuiden (Amsterdam)<\/li>\n<li>Rotterdam<\/li>\n<\/ul>\n<p>&nbsp;<\/p>\n<ul>\n<li>Beladener Lkw<\/li>\n<\/ul>\n<p>Do rejestracji potrzebujemy nast\u0119puj\u0105cych danych:<\/p>\n<ul>\n<li>Dokument celny (EU, EX, IM, T1,..)<\/li>\n<li>Numer rezerwacji firmy \u017ceglugowej (Stena Line, DFDS, P&amp;O)<\/li>\n<li>Numer rejestracyjny pojazdu<\/li>\n<li>Ca\u0142kowita waga \u0142adunku<\/li>\n<\/ul>\n<\/div>\n<\/div>\n<\/div>\n<\/div>\n<\/div>\n<\/div>\n<\/div>\n<div id=\"cmsmasters_row_69febc39132a87_01745727\" class=\"cmsmasters_row cmsmasters_color_scheme_default cmsmasters_row_top_default cmsmasters_row_bot_default cmsmasters_row_boxed\">\n<div class=\"cmsmasters_row_outer_parent\">\n<div class=\"cmsmasters_row_outer\">\n<div class=\"cmsmasters_row_inner\">\n<div class=\"cmsmasters_row_margin\">\n<div class=\"cmsmasters_column one_first\">\n<\/div>\n<\/div>\n<\/div>\n<\/div>\n<\/div>\n<\/div>\n<div id=\"cmsmasters_row_69febc39133ae0_36861391\" class=\"cmsmasters_row cmsmasters_color_scheme_default cmsmasters_row_top_default cmsmasters_row_bot_default cmsmasters_row_boxed\">\n<div class=\"cmsmasters_row_outer_parent\">\n<div class=\"cmsmasters_row_outer\">\n<div class=\"cmsmasters_row_inner\">\n<div class=\"cmsmasters_row_margin\">\n<div class=\"cmsmasters_column one_first\">\n<div class=\"cmsmasters_text\">\n<h1><strong>CO OTRZYMUJESZ WRAZ Z <span style=\"color: #6ea6d5;\">PROMEM TOWAROWYM<\/span><\/strong><\/h1>\n<\/div>\n\n<div id=\"cmsmasters_divider_69febc39135586_44553364\" class=\"cmsmasters_divider cmsmasters_divider_width_long cmsmasters_divider_pos_center\"><\/div>\n<\/div>\n<\/div>\n<\/div>\n<\/div>\n<\/div>\n<\/div>\n<div id=\"cmsmasters_row_69febc391359d2_41052040\" class=\"cmsmasters_row cmsmasters_color_scheme_default cmsmasters_row_top_default cmsmasters_row_bot_default cmsmasters_row_boxed\">\n<div class=\"cmsmasters_row_outer_parent\">\n<div class=\"cmsmasters_row_outer\">\n<div class=\"cmsmasters_row_inner\">\n<div class=\"cmsmasters_row_margin\">\n<div class=\"cmsmasters_column one_half\">\n\n<div id=\"cmsmasters_icon_box_69febc39137118_05144117\" class=\"cmsmasters_icon_box cmsmasters_icon_box_left_top box_icon_type_icon cmsmasters-icon-custom-10\">\n<div class=\"icon_box_inner\">\n<h3 class=\"icon_box_heading\">100% BEZPIECZNA DOSTAWA<\/h3>\n<div class=\"icon_box_text\">\n<p>Nasze zaanga\u017cowanie w 100% bezpieczn\u0105 dostaw\u0119 gwarantuje, \u017ce ci\u0119\u017cki \u0142adunek dotrze do miejsca przeznaczenia bezpiecznie i na czas, bez wzgl\u0119du na rozmiar i z\u0142o\u017cono\u015b\u0107. Dzi\u0119ki zaawansowanej logistyce, fachowej obs\u0142udze i rygorystycznym \u015brodkom bezpiecze\u0144stwa chronimy Twoj\u0105 przesy\u0142k\u0119 podczas ca\u0142ej podr\u00f3\u017cy morskiej. Zaufaj nam, je\u015bli chodzi o bezproblemowe i niezawodne rozwi\u0105zania w zakresie frachtu morskiego  <\/p>\n<\/div>\n<\/div>\n<\/div>\n\n<div id=\"cmsmasters_divider_69febc39137bf4_77636763\" class=\"cl\"><\/div>\n<\/div>\n<div class=\"cmsmasters_column one_half\">\n\n<div id=\"cmsmasters_icon_box_69febc39138786_34565853\" class=\"cmsmasters_icon_box cmsmasters_icon_box_left_top box_icon_type_icon cmsmasters-icon-custom-03\">\n<div class=\"icon_box_inner\">\n<h3 class=\"icon_box_heading\">NOWOCZESNA FLOTA STATK\u00d3W<\/h3>\n<div class=\"icon_box_text\">\n<p>Nasi partnerzy to nowoczesne floty statk\u00f3w, kt\u00f3re s\u0105 wyposa\u017cone w najnowocze\u015bniejsz\u0105 technologi\u0119 do obs\u0142ugi najci\u0119\u017cszych i najbardziej z\u0142o\u017conych przesy\u0142ek towarowych. Zaprojektowane z my\u015bl\u0105 o wydajno\u015bci, bezpiecze\u0144stwie i zr\u00f3wnowa\u017ceniu \u015brodowiskowym, statki zapewniaj\u0105 niezawodn\u0105 i terminow\u0105 dostaw\u0119 na globalnych szlakach morskich. Niezale\u017cnie od tego, czy chodzi o transport ponadgabarytowych maszyn czy niepor\u0119cznego sprz\u0119tu, nie b\u0119dzie z tym \u017cadnego problemu.  <\/p>\n<\/div>\n<\/div>\n<\/div>\n\n<div id=\"cmsmasters_divider_69febc39138dc2_78832680\" class=\"cl\"><\/div>\n<\/div>\n<\/div>\n<\/div>\n<\/div>\n<\/div>\n<\/div>\n\n","protected":false},"excerpt":{"rendered":"","protected":false},"author":1,"featured_media":8687,"parent":0,"menu_order":0,"comment_status":"closed","ping_status":"closed","template":"","meta":{"footnotes":""},"class_list":["post-8686","page","type-page","status-publish","has-post-thumbnail","hentry"],"yoast_head":"<!-- This site is optimized with the Yoast SEO plugin v25.0 - https:\/\/yoast.com\/wordpress\/plugins\/seo\/ -->\n<title>Rejestracja bazy portowej w porcie holenderskim - freight-ferry.de<\/title>\n<meta name=\"description\" content=\"Freight Ferry pomaga w rejestracji Portbase dla holenderskich port\u00f3w. Uzyskaj pomoc w zakresie dokument\u00f3w celnych, numer\u00f3w rezerwacji i nie tylko, aby zapewni\u0107 sprawny transport promowy ci\u0119\u017car\u00f3wek.\" \/>\n<meta name=\"robots\" content=\"index, follow, max-snippet:-1, max-image-preview:large, max-video-preview:-1\" \/>\n<link rel=\"canonical\" href=\"https:\/\/freight-ferry.de\/pl\/rejestracja-bazy-portowej-w-porcie-holenderskim\/\" \/>\n<meta property=\"og:locale\" content=\"pl_PL\" \/>\n<meta property=\"og:type\" content=\"article\" \/>\n<meta property=\"og:title\" content=\"Rejestracja bazy portowej w porcie holenderskim - freight-ferry.de\" \/>\n<meta property=\"og:description\" content=\"Freight Ferry pomaga w rejestracji Portbase dla holenderskich port\u00f3w. Uzyskaj pomoc w zakresie dokument\u00f3w celnych, numer\u00f3w rezerwacji i nie tylko, aby zapewni\u0107 sprawny transport promowy ci\u0119\u017car\u00f3wek.\" \/>\n<meta property=\"og:url\" content=\"https:\/\/freight-ferry.de\/pl\/rejestracja-bazy-portowej-w-porcie-holenderskim\/\" \/>\n<meta property=\"og:site_name\" content=\"freight-ferry.de\" \/>\n<meta property=\"article:publisher\" content=\"https:\/\/www.instagram.com\/freightferry\/\" \/>\n<meta property=\"article:modified_time\" content=\"2025-02-13T12:28:49+00:00\" \/>\n<meta property=\"og:image\" content=\"https:\/\/freight-ferry.de\/wp-content\/uploads\/2024\/09\/Suprema-lato-dx-02.jpg\" \/>\n\t<meta property=\"og:image:width\" content=\"1400\" \/>\n\t<meta property=\"og:image:height\" content=\"935\" \/>\n\t<meta property=\"og:image:type\" content=\"image\/jpeg\" \/>\n<meta name=\"twitter:card\" content=\"summary_large_image\" \/>\n<meta name=\"twitter:label1\" content=\"Szacowany czas czytania\" \/>\n\t<meta name=\"twitter:data1\" content=\"4 minuty\" \/>\n<script type=\"application\/ld+json\" class=\"yoast-schema-graph\">{\"@context\":\"https:\/\/schema.org\",\"@graph\":[{\"@type\":\"WebPage\",\"@id\":\"https:\/\/freight-ferry.de\/pl\/rejestracja-bazy-portowej-w-porcie-holenderskim\/\",\"url\":\"https:\/\/freight-ferry.de\/pl\/rejestracja-bazy-portowej-w-porcie-holenderskim\/\",\"name\":\"Rejestracja bazy portowej w porcie holenderskim - freight-ferry.de\",\"isPartOf\":{\"@id\":\"http:\/\/freight-ferry.de\/pl\/#website\"},\"primaryImageOfPage\":{\"@id\":\"https:\/\/freight-ferry.de\/pl\/rejestracja-bazy-portowej-w-porcie-holenderskim\/#primaryimage\"},\"image\":{\"@id\":\"https:\/\/freight-ferry.de\/pl\/rejestracja-bazy-portowej-w-porcie-holenderskim\/#primaryimage\"},\"thumbnailUrl\":\"https:\/\/freight-ferry.de\/wp-content\/uploads\/2024\/09\/Suprema-lato-dx-02.jpg\",\"datePublished\":\"2024-09-23T06:43:37+00:00\",\"dateModified\":\"2025-02-13T12:28:49+00:00\",\"description\":\"Freight Ferry pomaga w rejestracji Portbase dla holenderskich port\u00f3w. Uzyskaj pomoc w zakresie dokument\u00f3w celnych, numer\u00f3w rezerwacji i nie tylko, aby zapewni\u0107 sprawny transport promowy ci\u0119\u017car\u00f3wek.\",\"breadcrumb\":{\"@id\":\"https:\/\/freight-ferry.de\/pl\/rejestracja-bazy-portowej-w-porcie-holenderskim\/#breadcrumb\"},\"inLanguage\":\"pl-PL\",\"potentialAction\":[{\"@type\":\"ReadAction\",\"target\":[\"https:\/\/freight-ferry.de\/pl\/rejestracja-bazy-portowej-w-porcie-holenderskim\/\"]}]},{\"@type\":\"ImageObject\",\"inLanguage\":\"pl-PL\",\"@id\":\"https:\/\/freight-ferry.de\/pl\/rejestracja-bazy-portowej-w-porcie-holenderskim\/#primaryimage\",\"url\":\"https:\/\/freight-ferry.de\/wp-content\/uploads\/2024\/09\/Suprema-lato-dx-02.jpg\",\"contentUrl\":\"https:\/\/freight-ferry.de\/wp-content\/uploads\/2024\/09\/Suprema-lato-dx-02.jpg\",\"width\":1400,\"height\":935},{\"@type\":\"BreadcrumbList\",\"@id\":\"https:\/\/freight-ferry.de\/pl\/rejestracja-bazy-portowej-w-porcie-holenderskim\/#breadcrumb\",\"itemListElement\":[{\"@type\":\"ListItem\",\"position\":1,\"name\":\"Home\",\"item\":\"https:\/\/freight-ferry.de\/pl\/\"},{\"@type\":\"ListItem\",\"position\":2,\"name\":\"Rejestracja bazy portowej w porcie holenderskim\"}]},{\"@type\":\"WebSite\",\"@id\":\"http:\/\/freight-ferry.de\/pl\/#website\",\"url\":\"http:\/\/freight-ferry.de\/pl\/\",\"name\":\"freight-ferry.de\",\"description\":\"World Wide Logistics\",\"publisher\":{\"@id\":\"http:\/\/freight-ferry.de\/pl\/#organization\"},\"potentialAction\":[{\"@type\":\"SearchAction\",\"target\":{\"@type\":\"EntryPoint\",\"urlTemplate\":\"http:\/\/freight-ferry.de\/pl\/?s={search_term_string}\"},\"query-input\":{\"@type\":\"PropertyValueSpecification\",\"valueRequired\":true,\"valueName\":\"search_term_string\"}}],\"inLanguage\":\"pl-PL\"},{\"@type\":\"Organization\",\"@id\":\"http:\/\/freight-ferry.de\/pl\/#organization\",\"name\":\"freight-ferry.de\",\"url\":\"http:\/\/freight-ferry.de\/pl\/\",\"logo\":{\"@type\":\"ImageObject\",\"inLanguage\":\"pl-PL\",\"@id\":\"http:\/\/freight-ferry.de\/pl\/#\/schema\/logo\/image\/\",\"url\":\"http:\/\/freight-ferry.de\/wp-content\/uploads\/2024\/09\/FreightFerry_Logo_600x195px_Tranparent.png\",\"contentUrl\":\"http:\/\/freight-ferry.de\/wp-content\/uploads\/2024\/09\/FreightFerry_Logo_600x195px_Tranparent.png\",\"width\":600,\"height\":195,\"caption\":\"freight-ferry.de\"},\"image\":{\"@id\":\"http:\/\/freight-ferry.de\/pl\/#\/schema\/logo\/image\/\"},\"sameAs\":[\"https:\/\/www.instagram.com\/freightferry\/\",\"https:\/\/www.facebook.com\/profile.php?id=61566565140741\"]}]}<\/script>\n<!-- \/ Yoast SEO plugin. -->","yoast_head_json":{"title":"Rejestracja bazy portowej w porcie holenderskim - freight-ferry.de","description":"Freight Ferry pomaga w rejestracji Portbase dla holenderskich port\u00f3w. Uzyskaj pomoc w zakresie dokument\u00f3w celnych, numer\u00f3w rezerwacji i nie tylko, aby zapewni\u0107 sprawny transport promowy ci\u0119\u017car\u00f3wek.","robots":{"index":"index","follow":"follow","max-snippet":"max-snippet:-1","max-image-preview":"max-image-preview:large","max-video-preview":"max-video-preview:-1"},"canonical":"https:\/\/freight-ferry.de\/pl\/rejestracja-bazy-portowej-w-porcie-holenderskim\/","og_locale":"pl_PL","og_type":"article","og_title":"Rejestracja bazy portowej w porcie holenderskim - freight-ferry.de","og_description":"Freight Ferry pomaga w rejestracji Portbase dla holenderskich port\u00f3w. Uzyskaj pomoc w zakresie dokument\u00f3w celnych, numer\u00f3w rezerwacji i nie tylko, aby zapewni\u0107 sprawny transport promowy ci\u0119\u017car\u00f3wek.","og_url":"https:\/\/freight-ferry.de\/pl\/rejestracja-bazy-portowej-w-porcie-holenderskim\/","og_site_name":"freight-ferry.de","article_publisher":"https:\/\/www.instagram.com\/freightferry\/","article_modified_time":"2025-02-13T12:28:49+00:00","og_image":[{"width":1400,"height":935,"url":"https:\/\/freight-ferry.de\/wp-content\/uploads\/2024\/09\/Suprema-lato-dx-02.jpg","type":"image\/jpeg"}],"twitter_card":"summary_large_image","twitter_misc":{"Szacowany czas czytania":"4 minuty"},"schema":{"@context":"https:\/\/schema.org","@graph":[{"@type":"WebPage","@id":"https:\/\/freight-ferry.de\/pl\/rejestracja-bazy-portowej-w-porcie-holenderskim\/","url":"https:\/\/freight-ferry.de\/pl\/rejestracja-bazy-portowej-w-porcie-holenderskim\/","name":"Rejestracja bazy portowej w porcie holenderskim - freight-ferry.de","isPartOf":{"@id":"http:\/\/freight-ferry.de\/pl\/#website"},"primaryImageOfPage":{"@id":"https:\/\/freight-ferry.de\/pl\/rejestracja-bazy-portowej-w-porcie-holenderskim\/#primaryimage"},"image":{"@id":"https:\/\/freight-ferry.de\/pl\/rejestracja-bazy-portowej-w-porcie-holenderskim\/#primaryimage"},"thumbnailUrl":"https:\/\/freight-ferry.de\/wp-content\/uploads\/2024\/09\/Suprema-lato-dx-02.jpg","datePublished":"2024-09-23T06:43:37+00:00","dateModified":"2025-02-13T12:28:49+00:00","description":"Freight Ferry pomaga w rejestracji Portbase dla holenderskich port\u00f3w. Uzyskaj pomoc w zakresie dokument\u00f3w celnych, numer\u00f3w rezerwacji i nie tylko, aby zapewni\u0107 sprawny transport promowy ci\u0119\u017car\u00f3wek.","breadcrumb":{"@id":"https:\/\/freight-ferry.de\/pl\/rejestracja-bazy-portowej-w-porcie-holenderskim\/#breadcrumb"},"inLanguage":"pl-PL","potentialAction":[{"@type":"ReadAction","target":["https:\/\/freight-ferry.de\/pl\/rejestracja-bazy-portowej-w-porcie-holenderskim\/"]}]},{"@type":"ImageObject","inLanguage":"pl-PL","@id":"https:\/\/freight-ferry.de\/pl\/rejestracja-bazy-portowej-w-porcie-holenderskim\/#primaryimage","url":"https:\/\/freight-ferry.de\/wp-content\/uploads\/2024\/09\/Suprema-lato-dx-02.jpg","contentUrl":"https:\/\/freight-ferry.de\/wp-content\/uploads\/2024\/09\/Suprema-lato-dx-02.jpg","width":1400,"height":935},{"@type":"BreadcrumbList","@id":"https:\/\/freight-ferry.de\/pl\/rejestracja-bazy-portowej-w-porcie-holenderskim\/#breadcrumb","itemListElement":[{"@type":"ListItem","position":1,"name":"Home","item":"https:\/\/freight-ferry.de\/pl\/"},{"@type":"ListItem","position":2,"name":"Rejestracja bazy portowej w porcie holenderskim"}]},{"@type":"WebSite","@id":"http:\/\/freight-ferry.de\/pl\/#website","url":"http:\/\/freight-ferry.de\/pl\/","name":"freight-ferry.de","description":"World Wide Logistics","publisher":{"@id":"http:\/\/freight-ferry.de\/pl\/#organization"},"potentialAction":[{"@type":"SearchAction","target":{"@type":"EntryPoint","urlTemplate":"http:\/\/freight-ferry.de\/pl\/?s={search_term_string}"},"query-input":{"@type":"PropertyValueSpecification","valueRequired":true,"valueName":"search_term_string"}}],"inLanguage":"pl-PL"},{"@type":"Organization","@id":"http:\/\/freight-ferry.de\/pl\/#organization","name":"freight-ferry.de","url":"http:\/\/freight-ferry.de\/pl\/","logo":{"@type":"ImageObject","inLanguage":"pl-PL","@id":"http:\/\/freight-ferry.de\/pl\/#\/schema\/logo\/image\/","url":"http:\/\/freight-ferry.de\/wp-content\/uploads\/2024\/09\/FreightFerry_Logo_600x195px_Tranparent.png","contentUrl":"http:\/\/freight-ferry.de\/wp-content\/uploads\/2024\/09\/FreightFerry_Logo_600x195px_Tranparent.png","width":600,"height":195,"caption":"freight-ferry.de"},"image":{"@id":"http:\/\/freight-ferry.de\/pl\/#\/schema\/logo\/image\/"},"sameAs":["https:\/\/www.instagram.com\/freightferry\/","https:\/\/www.facebook.com\/profile.php?id=61566565140741"]}]}},"_links":{"self":[{"href":"https:\/\/freight-ferry.de\/pl\/wp-json\/wp\/v2\/pages\/8686","targetHints":{"allow":["GET"]}}],"collection":[{"href":"https:\/\/freight-ferry.de\/pl\/wp-json\/wp\/v2\/pages"}],"about":[{"href":"https:\/\/freight-ferry.de\/pl\/wp-json\/wp\/v2\/types\/page"}],"author":[{"embeddable":true,"href":"https:\/\/freight-ferry.de\/pl\/wp-json\/wp\/v2\/users\/1"}],"replies":[{"embeddable":true,"href":"https:\/\/freight-ferry.de\/pl\/wp-json\/wp\/v2\/comments?post=8686"}],"version-history":[{"count":2,"href":"https:\/\/freight-ferry.de\/pl\/wp-json\/wp\/v2\/pages\/8686\/revisions"}],"predecessor-version":[{"id":8689,"href":"https:\/\/freight-ferry.de\/pl\/wp-json\/wp\/v2\/pages\/8686\/revisions\/8689"}],"wp:featuredmedia":[{"embeddable":true,"href":"https:\/\/freight-ferry.de\/pl\/wp-json\/wp\/v2\/media\/8687"}],"wp:attachment":[{"href":"https:\/\/freight-ferry.de\/pl\/wp-json\/wp\/v2\/media?parent=8686"}],"curies":[{"name":"wp","href":"https:\/\/api.w.org\/{rel}","templated":true}]}}