{"id":8690,"date":"2024-09-23T07:48:24","date_gmt":"2024-09-23T06:48:24","guid":{"rendered":"http:\/\/freight-ferry.de\/numer-gmr-goods-movement-reference\/"},"modified":"2025-02-13T13:32:33","modified_gmt":"2025-02-13T12:32:33","slug":"numer-gmr-goods-movement-reference","status":"publish","type":"page","link":"https:\/\/freight-ferry.de\/pl\/numer-gmr-goods-movement-reference\/","title":{"rendered":"Numer GMR (Goods Movement Reference)"},"content":{"rendered":"<style type=\"text\/css\"> \n#cmsmasters_row_69fb6b9ed2e3a3_73882169 .cmsmasters_row_outer_parent { \n\tpadding-top: 0px; \n} \n\n#cmsmasters_row_69fb6b9ed2e3a3_73882169 .cmsmasters_row_outer_parent { \n\tpadding-bottom: 10px; \n} \n\n \n#cmsmasters_heading_69fb6b9ed2fef8_44475951 { \n\ttext-align:left; \n\tmargin-top:0px; \n\tmargin-bottom:0px; \n} \n\n#cmsmasters_heading_69fb6b9ed2fef8_44475951 .cmsmasters_heading { \n\ttext-align:left; \n} \n\n#cmsmasters_heading_69fb6b9ed2fef8_44475951 .cmsmasters_heading, #cmsmasters_heading_69fb6b9ed2fef8_44475951 .cmsmasters_heading a { \n\tfont-family:'Roboto Condensed'; \n\tfont-size:18px; \n\tline-height:24px; \n\tfont-weight:600; \n\tfont-style:normal; \n\tcolor:#a8a8a8;\n} \n\n#cmsmasters_heading_69fb6b9ed2fef8_44475951 .cmsmasters_heading_divider { \n} \n\n \n#cmsmasters_heading_69fb6b9ed303b4_81126494 { \n\ttext-align:left; \n\tmargin-top:0px; \n\tmargin-bottom:20px; \n} \n\n#cmsmasters_heading_69fb6b9ed303b4_81126494 .cmsmasters_heading { \n\ttext-align:left; \n} \n\n#cmsmasters_heading_69fb6b9ed303b4_81126494 .cmsmasters_heading, #cmsmasters_heading_69fb6b9ed303b4_81126494 .cmsmasters_heading a { \n\tfont-size:28px; \n\tfont-weight:600; \n\tfont-style:normal; \n} \n\n#cmsmasters_heading_69fb6b9ed303b4_81126494 .cmsmasters_heading_divider { \n} \n\n \n#cmsmasters_divider_69fb6b9ed30750_32243019 { \n\tborder-bottom-width:1px; \n\tborder-bottom-style:solid; \n\tpadding-top:0px; \n\tmargin-bottom:40px; \n} \n \n#cmsmasters_row_69fb6b9ed328e2_50023812 .cmsmasters_row_outer_parent { \n\tpadding-top: 0px; \n} \n\n#cmsmasters_row_69fb6b9ed328e2_50023812 .cmsmasters_row_outer_parent { \n\tpadding-bottom: 10px; \n} \n\n \n#cmsmasters_row_69fb6b9ed3e9d7_70305051 .cmsmasters_row_outer_parent { \n\tpadding-top: 0px; \n} \n\n#cmsmasters_row_69fb6b9ed3e9d7_70305051 .cmsmasters_row_outer_parent { \n\tpadding-bottom: 40px; \n} \n\n \n#cmsmasters_row_69fb6b9ed3f920_40077848 .cmsmasters_row_outer_parent { \n\tpadding-top: 0px; \n} \n\n#cmsmasters_row_69fb6b9ed3f920_40077848 .cmsmasters_row_outer_parent { \n\tpadding-bottom: 0px; \n} \n\n \n#cmsmasters_divider_69fb6b9ed413a4_22314212 { \n\tborder-bottom-width:1px; \n\tborder-bottom-style:solid; \n\tpadding-top:0px; \n\tmargin-bottom:40px; \n} \n \n#cmsmasters_row_69fb6b9ed417e2_96545612 .cmsmasters_row_outer_parent { \n\tpadding-bottom: 50px; \n} \n\n \n#cmsmasters_icon_box_69fb6b9ed42e14_96322780 { \n\tborder-width:1px; \n\tbackground-color:#fcfcfc;\n\tborder-color:#e4e4e4;\n} \n\n#cmsmasters_icon_box_69fb6b9ed42e14_96322780:before, \n#cmsmasters_icon_box_69fb6b9ed42e14_96322780 .icon_box_heading:before { \n\tfont-size:30px; \n\tline-height:60px; \n\twidth:60px; \n\theight:60px; \n\tborder-width:0px; \n\t-webkit-border-radius:50%; \n\tborder-radius:50%; \n\tcolor:#ffffff;\n\tbackground-color:#6ea6d5;\n} \n\n#cmsmasters_icon_box_69fb6b9ed42e14_96322780.cmsmasters_icon_heading_left, \n#cmsmasters_icon_box_69fb6b9ed42e14_96322780.cmsmasters_icon_top, \n#cmsmasters_icon_box_69fb6b9ed42e14_96322780.cmsmasters_icon_box_left_top { \n\tpadding:30px 20px; } \n\n#cmsmasters_icon_box_69fb6b9ed42e14_96322780.cmsmasters_icon_top:before { \n\ttop:30px;} \n\n#cmsmasters_icon_box_69fb6b9ed42e14_96322780.cmsmasters_icon_box_left, \n#cmsmasters_icon_box_69fb6b9ed42e14_96322780.cmsmasters_icon_box_left_top { \n\tpadding-left:60px; \n\tmargin-left:30px; \n\t} \n\n#cmsmasters_icon_box_69fb6b9ed42e14_96322780.cmsmasters_icon_box_left:before, \n#cmsmasters_icon_box_69fb6b9ed42e14_96322780.cmsmasters_icon_box_left_top:before { \n\tleft:-30px; \n\t} \n\n#cmsmasters_icon_box_69fb6b9ed42e14_96322780.cmsmasters_icon_box_left_top { \n\tpadding-top:30px; \n\tmargin-top:60px; \n\t} \n\n#cmsmasters_icon_box_69fb6b9ed42e14_96322780.cmsmasters_icon_box_left_top:before { \n\tmargin-top:-30px; \n\t} \n\n \n#cmsmasters_divider_69fb6b9ed435b3_30779660 { \n\tborder-bottom-width:0px; \n\tborder-bottom-style:solid; \n\tpadding-top:0px; \n\tmargin-bottom:40px; \n} \n \n#cmsmasters_icon_box_69fb6b9ed44319_53234097 { \n\tborder-width:1px; \n\tbackground-color:#fcfcfc;\n\tborder-color:#e4e4e4;\n} \n\n#cmsmasters_icon_box_69fb6b9ed44319_53234097:before, \n#cmsmasters_icon_box_69fb6b9ed44319_53234097 .icon_box_heading:before { \n\tfont-size:30px; \n\tline-height:60px; \n\twidth:60px; \n\theight:60px; \n\tborder-width:0px; \n\t-webkit-border-radius:50%; \n\tborder-radius:50%; \n\tbackground-color:#6ea6d5;\n} \n\n#cmsmasters_icon_box_69fb6b9ed44319_53234097.cmsmasters_icon_heading_left, \n#cmsmasters_icon_box_69fb6b9ed44319_53234097.cmsmasters_icon_top, \n#cmsmasters_icon_box_69fb6b9ed44319_53234097.cmsmasters_icon_box_left_top { \n\tpadding:30px 20px; } \n\n#cmsmasters_icon_box_69fb6b9ed44319_53234097.cmsmasters_icon_top:before { \n\ttop:30px;} \n\n#cmsmasters_icon_box_69fb6b9ed44319_53234097.cmsmasters_icon_box_left, \n#cmsmasters_icon_box_69fb6b9ed44319_53234097.cmsmasters_icon_box_left_top { \n\tpadding-left:60px; \n\tmargin-left:30px; \n\t} \n\n#cmsmasters_icon_box_69fb6b9ed44319_53234097.cmsmasters_icon_box_left:before, \n#cmsmasters_icon_box_69fb6b9ed44319_53234097.cmsmasters_icon_box_left_top:before { \n\tleft:-30px; \n\t} \n\n#cmsmasters_icon_box_69fb6b9ed44319_53234097.cmsmasters_icon_box_left_top { \n\tpadding-top:30px; \n\tmargin-top:60px; \n\t} \n\n#cmsmasters_icon_box_69fb6b9ed44319_53234097.cmsmasters_icon_box_left_top:before { \n\tmargin-top:-30px; \n\t} \n\n \n#cmsmasters_divider_69fb6b9ed449b9_91895312 { \n\tborder-bottom-width:0px; \n\tborder-bottom-style:solid; \n\tpadding-top:0px; \n\tmargin-bottom:40px; \n} \n<\/style><div id=\"cmsmasters_row_69fb6b9ed2e3a3_73882169\" class=\"cmsmasters_row cmsmasters_color_scheme_default cmsmasters_row_top_default cmsmasters_row_bot_default cmsmasters_row_boxed\">\n<div class=\"cmsmasters_row_outer_parent\">\n<div class=\"cmsmasters_row_outer\">\n<div class=\"cmsmasters_row_inner\">\n<div class=\"cmsmasters_row_margin\">\n<div class=\"cmsmasters_column one_first\">\n\n<div id=\"cmsmasters_heading_69fb6b9ed2fef8_44475951\" class=\"cmsmasters_heading_wrap cmsmasters_heading_align_left\">\n\t<h3 class=\"cmsmasters_heading\">Us\u0142uga<\/h3>\n<\/div>\n<div id=\"cmsmasters_heading_69fb6b9ed303b4_81126494\" class=\"cmsmasters_heading_wrap cmsmasters_heading_align_left\">\n\t<h1 class=\"cmsmasters_heading\">Numer GMR (Goods Movement Reference)<\/h1>\n<\/div>\n\n<div id=\"cmsmasters_divider_69fb6b9ed30750_32243019\" class=\"cmsmasters_divider cmsmasters_divider_width_long cmsmasters_divider_pos_center\"><\/div>\n<div class=\"cmsmasters_text\">\n<p>Aby transportowa\u0107 towary przez port w Wielkiej Brytanii, kt\u00f3ry korzysta z us\u0142ugi Goods Vehicle Movement Service, nale\u017cy zarejestrowa\u0107 si\u0119 w tej us\u0142udze w celu odprawy celnej towar\u00f3w. Nasz zesp\u00f3\u0142 ds. rezerwacji prom\u00f3w HGV z przyjemno\u015bci\u0105 pomo\u017ce w uzyskaniu numeru GMR dla transportu lub ca\u0142kowicie zajmie si\u0119 tym zadaniem. <\/p>\n<\/div>\n<\/div>\n<\/div>\n<\/div>\n<\/div>\n<\/div>\n<\/div>\n<div id=\"cmsmasters_row_69fb6b9ed328e2_50023812\" class=\"cmsmasters_row cmsmasters_color_scheme_default cmsmasters_row_top_default cmsmasters_row_bot_default cmsmasters_row_boxed\">\n<div class=\"cmsmasters_row_outer_parent\">\n<div class=\"cmsmasters_row_outer\">\n<div class=\"cmsmasters_row_inner\">\n<div class=\"cmsmasters_row_margin\">\n<div class=\"cmsmasters_column one_half\">\n<div class=\"cmsmasters_content_slider_wrap\" style=\"max-width:580px;\">\n<script type=\"text\/javascript\">jQuery(document).ready(function () { jQuery(\"#cmsmasters_slider_69fb6b9ed33fb4_58666721.cmsmasters_content_slider\").owlCarousel( { singleItem : true, transitionStyle: false, rewindSpeed : 1000, slideSpeed : 600, autoHeight : true, paginationSpeed : \t600, autoPlay : 7000,navigationText : \t[ \"<span class=\\\"cmsmasters_prev_arrow\\\"><span><\/span><\/span>\", \"<span class=\\\"cmsmasters_next_arrow\\\"><span><\/span><\/span>\" ] } );} );<\/script>\n<div id=\"cmsmasters_slider_69fb6b9ed33fb4_58666721\" class=\"cmsmasters_content_slider cmsmasters_owl_slider owl-carousel\">\n<div class=\"cmsmasters_content_slider_item\"><img loading=\"lazy\" decoding=\"async\" width=\"580\" height=\"350\" src=\"https:\/\/freight-ferry.de\/wp-content\/uploads\/2016\/03\/02-1-580x350.jpg\" class=\"attachment-cmsmasters-blog-masonry-thumb size-cmsmasters-blog-masonry-thumb\" alt=\"\" \/><\/div><div class=\"cmsmasters_content_slider_item\"><img loading=\"lazy\" decoding=\"async\" width=\"580\" height=\"350\" src=\"https:\/\/freight-ferry.de\/wp-content\/uploads\/2016\/03\/03-1-580x350.jpg\" class=\"attachment-cmsmasters-blog-masonry-thumb size-cmsmasters-blog-masonry-thumb\" alt=\"\" \/><\/div><div class=\"cmsmasters_content_slider_item\"><img loading=\"lazy\" decoding=\"async\" width=\"580\" height=\"350\" src=\"https:\/\/freight-ferry.de\/wp-content\/uploads\/2016\/03\/04-1-580x350.jpg\" class=\"attachment-cmsmasters-blog-masonry-thumb size-cmsmasters-blog-masonry-thumb\" alt=\"\" \/><\/div><\/div>\n<\/div>\n<\/div>\n<div class=\"cmsmasters_column one_half\">\n<div class=\"cmsmasters_text\">\n<p>U\u017cywamy numeru GMR dla pustych lub za\u0142adowanych ci\u0119\u017car\u00f3wek oraz w:<\/p>\n<ul>\n<li>Dla pustych lub za\u0142adowanych ci\u0119\u017car\u00f3wek<\/li>\n<li>Portach w Anglii<\/li>\n<li>Dover<\/li>\n<li>Folkstone<\/li>\n<li>Fishguard<\/li>\n<li>Heysham<\/li>\n<li>Holyhead<\/li>\n<li>Liverpool<\/li>\n<li>Newhaven<\/li>\n<li>Pembroke<\/li>\n<li>Sheerness<\/li>\n<\/ul>\n<p>&nbsp;<\/p>\n<p>Porty poza Angli\u0105 z miejscem docelowym w Anglii:<\/p>\n<ul>\n<li>Berge<\/li>\n<li>Esbjerg<\/li>\n<li>Santander<\/li>\n<li>Bilbao<\/li>\n<li>Europort (Rotterdam)<\/li>\n<li>St Malo<\/li>\n<li>Brevik<\/li>\n<li>G\u00f6teborg<\/li>\n<li>\u015awinouj\u015bcie<\/li>\n<li>Caen<\/li>\n<li>Hoek van Holland<\/li>\n<li>Zeebrugge<\/li>\n<li>Calais<\/li>\n<li>Ijmuiden (Amsterdam)<\/li>\n<li>Cherbourg<\/li>\n<li>Kristiansand<\/li>\n<li>Cuxhaven<\/li>\n<li>Hawr<\/li>\n<li>Dieppe<\/li>\n<li>Leixoes<\/li>\n<li>Dublin<\/li>\n<li>Roscoff<\/li>\n<li>Dunkierka<\/li>\n<li>Rosslare<\/li>\n<\/ul>\n<p>&nbsp;<\/p>\n<p>Aby zarezerwowa\u0107 prom potrzebujemy nast\u0119puj\u0105cych danych:<\/p>\n<ul>\n<li>Trasa<\/li>\n<li>Dokument celny (EU, EX, IM, T1&#8230;) lub formularz C99 (EOU, ENO, data wystawienia)<\/li>\n<li>Numer rejestracyjny pojazdu<\/li>\n<li>Pojazd mo\u017ce by\u0107 pusty lub za\u0142adowany<\/li>\n<\/ul>\n<p>&nbsp;<\/p>\n<p>Popro\u015b o rejestracj\u0119 numeru GMR kontaktuj\u0105c si\u0119 z firm\u0105 LKW F\u00e4hren Buchen.Proponujemy najlepsze rozwi\u0105zania w konkurencyjnych cenach.<\/p>\n<\/div>\n<\/div>\n<\/div>\n<\/div>\n<\/div>\n<\/div>\n<\/div>\n<div id=\"cmsmasters_row_69fb6b9ed3e9d7_70305051\" class=\"cmsmasters_row cmsmasters_color_scheme_default cmsmasters_row_top_default cmsmasters_row_bot_default cmsmasters_row_boxed\">\n<div class=\"cmsmasters_row_outer_parent\">\n<div class=\"cmsmasters_row_outer\">\n<div class=\"cmsmasters_row_inner\">\n<div class=\"cmsmasters_row_margin\">\n<div class=\"cmsmasters_column one_first\">\n<\/div>\n<\/div>\n<\/div>\n<\/div>\n<\/div>\n<\/div>\n<div id=\"cmsmasters_row_69fb6b9ed3f920_40077848\" class=\"cmsmasters_row cmsmasters_color_scheme_default cmsmasters_row_top_default cmsmasters_row_bot_default cmsmasters_row_boxed\">\n<div class=\"cmsmasters_row_outer_parent\">\n<div class=\"cmsmasters_row_outer\">\n<div class=\"cmsmasters_row_inner\">\n<div class=\"cmsmasters_row_margin\">\n<div class=\"cmsmasters_column one_first\">\n<div class=\"cmsmasters_text\">\n<h1><strong>CO OTRZYMUJESZ WRAZ Z <span style=\"color: #6ea6d5;\">PROMEM TOWAROWYM<\/span><\/strong><\/h1>\n<\/div>\n\n<div id=\"cmsmasters_divider_69fb6b9ed413a4_22314212\" class=\"cmsmasters_divider cmsmasters_divider_width_long cmsmasters_divider_pos_center\"><\/div>\n<\/div>\n<\/div>\n<\/div>\n<\/div>\n<\/div>\n<\/div>\n<div id=\"cmsmasters_row_69fb6b9ed417e2_96545612\" class=\"cmsmasters_row cmsmasters_color_scheme_default cmsmasters_row_top_default cmsmasters_row_bot_default cmsmasters_row_boxed\">\n<div class=\"cmsmasters_row_outer_parent\">\n<div class=\"cmsmasters_row_outer\">\n<div class=\"cmsmasters_row_inner\">\n<div class=\"cmsmasters_row_margin\">\n<div class=\"cmsmasters_column one_half\">\n\n<div id=\"cmsmasters_icon_box_69fb6b9ed42e14_96322780\" class=\"cmsmasters_icon_box cmsmasters_icon_box_left_top box_icon_type_icon cmsmasters-icon-custom-10\">\n<div class=\"icon_box_inner\">\n<h3 class=\"icon_box_heading\">100% BEZPIECZNA DOSTAWA<\/h3>\n<div class=\"icon_box_text\">\n<p>Nasze zaanga\u017cowanie w 100% bezpieczn\u0105 dostaw\u0119 gwarantuje, \u017ce ci\u0119\u017cki \u0142adunek dotrze do miejsca przeznaczenia bezpiecznie i na czas, bez wzgl\u0119du na rozmiar i z\u0142o\u017cono\u015b\u0107. Dzi\u0119ki zaawansowanej logistyce, fachowej obs\u0142udze i rygorystycznym \u015brodkom bezpiecze\u0144stwa chronimy Twoj\u0105 przesy\u0142k\u0119 podczas ca\u0142ej podr\u00f3\u017cy morskiej. Zaufaj nam, je\u015bli chodzi o bezproblemowe i niezawodne rozwi\u0105zania w zakresie frachtu morskiego  <\/p>\n<\/div>\n<\/div>\n<\/div>\n\n<div id=\"cmsmasters_divider_69fb6b9ed435b3_30779660\" class=\"cl\"><\/div>\n<\/div>\n<div class=\"cmsmasters_column one_half\">\n\n<div id=\"cmsmasters_icon_box_69fb6b9ed44319_53234097\" class=\"cmsmasters_icon_box cmsmasters_icon_box_left_top box_icon_type_icon cmsmasters-icon-custom-03\">\n<div class=\"icon_box_inner\">\n<h3 class=\"icon_box_heading\">NOWOCZESNA FLOTA STATK\u00d3W<\/h3>\n<div class=\"icon_box_text\">\n<p>Nasi partnerzy to nowoczesne floty statk\u00f3w, kt\u00f3re s\u0105 wyposa\u017cone w najnowocze\u015bniejsz\u0105 technologi\u0119 do obs\u0142ugi najci\u0119\u017cszych i najbardziej z\u0142o\u017conych przesy\u0142ek towarowych. Zaprojektowane z my\u015bl\u0105 o wydajno\u015bci, bezpiecze\u0144stwie i zr\u00f3wnowa\u017ceniu \u015brodowiskowym, statki zapewniaj\u0105 niezawodn\u0105 i terminow\u0105 dostaw\u0119 na globalnych szlakach morskich. Niezale\u017cnie od tego, czy chodzi o transport ponadgabarytowych maszyn czy niepor\u0119cznego sprz\u0119tu, nie b\u0119dzie z tym \u017cadnego problemu.  <\/p>\n<\/div>\n<\/div>\n<\/div>\n\n<div id=\"cmsmasters_divider_69fb6b9ed449b9_91895312\" class=\"cl\"><\/div>\n<\/div>\n<\/div>\n<\/div>\n<\/div>\n<\/div>\n<\/div>\n\n","protected":false},"excerpt":{"rendered":"","protected":false},"author":1,"featured_media":8691,"parent":0,"menu_order":0,"comment_status":"closed","ping_status":"closed","template":"","meta":{"footnotes":""},"class_list":["post-8690","page","type-page","status-publish","has-post-thumbnail","hentry"],"yoast_head":"<!-- This site is optimized with the Yoast SEO plugin v25.0 - https:\/\/yoast.com\/wordpress\/plugins\/seo\/ -->\n<title>Numer GMR (Goods Movement Reference) - freight-ferry.de<\/title>\n<meta name=\"description\" content=\"Rejestracja w bazie holenderskiejPotrzebujesz numeru GMR do wjazdu do portu w Wielkiej Brytanii? Freight Ferry pomaga w rejestracji Goods Vehicle Movement Service w celu sprawnej odprawy celnej.\" \/>\n<meta name=\"robots\" content=\"index, follow, max-snippet:-1, max-image-preview:large, max-video-preview:-1\" \/>\n<link rel=\"canonical\" href=\"https:\/\/freight-ferry.de\/pl\/numer-gmr-goods-movement-reference\/\" \/>\n<meta property=\"og:locale\" content=\"pl_PL\" \/>\n<meta property=\"og:type\" content=\"article\" \/>\n<meta property=\"og:title\" content=\"Numer GMR (Goods Movement Reference) - freight-ferry.de\" \/>\n<meta property=\"og:description\" content=\"Rejestracja w bazie holenderskiejPotrzebujesz numeru GMR do wjazdu do portu w Wielkiej Brytanii? Freight Ferry pomaga w rejestracji Goods Vehicle Movement Service w celu sprawnej odprawy celnej.\" \/>\n<meta property=\"og:url\" content=\"https:\/\/freight-ferry.de\/pl\/numer-gmr-goods-movement-reference\/\" \/>\n<meta property=\"og:site_name\" content=\"freight-ferry.de\" \/>\n<meta property=\"article:publisher\" content=\"https:\/\/www.instagram.com\/freightferry\/\" \/>\n<meta property=\"article:modified_time\" content=\"2025-02-13T12:32:33+00:00\" \/>\n<meta property=\"og:image\" content=\"https:\/\/freight-ferry.de\/wp-content\/uploads\/2024\/09\/DJI_0350.jpg\" \/>\n\t<meta property=\"og:image:width\" content=\"1400\" \/>\n\t<meta property=\"og:image:height\" content=\"788\" \/>\n\t<meta property=\"og:image:type\" content=\"image\/jpeg\" \/>\n<meta name=\"twitter:card\" content=\"summary_large_image\" \/>\n<meta name=\"twitter:label1\" content=\"Szacowany czas czytania\" \/>\n\t<meta name=\"twitter:data1\" content=\"4 minuty\" \/>\n<script type=\"application\/ld+json\" class=\"yoast-schema-graph\">{\"@context\":\"https:\/\/schema.org\",\"@graph\":[{\"@type\":\"WebPage\",\"@id\":\"https:\/\/freight-ferry.de\/pl\/numer-gmr-goods-movement-reference\/\",\"url\":\"https:\/\/freight-ferry.de\/pl\/numer-gmr-goods-movement-reference\/\",\"name\":\"Numer GMR (Goods Movement Reference) - freight-ferry.de\",\"isPartOf\":{\"@id\":\"http:\/\/freight-ferry.de\/pl\/#website\"},\"primaryImageOfPage\":{\"@id\":\"https:\/\/freight-ferry.de\/pl\/numer-gmr-goods-movement-reference\/#primaryimage\"},\"image\":{\"@id\":\"https:\/\/freight-ferry.de\/pl\/numer-gmr-goods-movement-reference\/#primaryimage\"},\"thumbnailUrl\":\"https:\/\/freight-ferry.de\/wp-content\/uploads\/2024\/09\/DJI_0350.jpg\",\"datePublished\":\"2024-09-23T06:48:24+00:00\",\"dateModified\":\"2025-02-13T12:32:33+00:00\",\"description\":\"Rejestracja w bazie holenderskiejPotrzebujesz numeru GMR do wjazdu do portu w Wielkiej Brytanii? Freight Ferry pomaga w rejestracji Goods Vehicle Movement Service w celu sprawnej odprawy celnej.\",\"breadcrumb\":{\"@id\":\"https:\/\/freight-ferry.de\/pl\/numer-gmr-goods-movement-reference\/#breadcrumb\"},\"inLanguage\":\"pl-PL\",\"potentialAction\":[{\"@type\":\"ReadAction\",\"target\":[\"https:\/\/freight-ferry.de\/pl\/numer-gmr-goods-movement-reference\/\"]}]},{\"@type\":\"ImageObject\",\"inLanguage\":\"pl-PL\",\"@id\":\"https:\/\/freight-ferry.de\/pl\/numer-gmr-goods-movement-reference\/#primaryimage\",\"url\":\"https:\/\/freight-ferry.de\/wp-content\/uploads\/2024\/09\/DJI_0350.jpg\",\"contentUrl\":\"https:\/\/freight-ferry.de\/wp-content\/uploads\/2024\/09\/DJI_0350.jpg\",\"width\":1400,\"height\":788},{\"@type\":\"BreadcrumbList\",\"@id\":\"https:\/\/freight-ferry.de\/pl\/numer-gmr-goods-movement-reference\/#breadcrumb\",\"itemListElement\":[{\"@type\":\"ListItem\",\"position\":1,\"name\":\"Home\",\"item\":\"https:\/\/freight-ferry.de\/pl\/\"},{\"@type\":\"ListItem\",\"position\":2,\"name\":\"Numer GMR (Goods Movement Reference)\"}]},{\"@type\":\"WebSite\",\"@id\":\"http:\/\/freight-ferry.de\/pl\/#website\",\"url\":\"http:\/\/freight-ferry.de\/pl\/\",\"name\":\"freight-ferry.de\",\"description\":\"World Wide Logistics\",\"publisher\":{\"@id\":\"http:\/\/freight-ferry.de\/pl\/#organization\"},\"potentialAction\":[{\"@type\":\"SearchAction\",\"target\":{\"@type\":\"EntryPoint\",\"urlTemplate\":\"http:\/\/freight-ferry.de\/pl\/?s={search_term_string}\"},\"query-input\":{\"@type\":\"PropertyValueSpecification\",\"valueRequired\":true,\"valueName\":\"search_term_string\"}}],\"inLanguage\":\"pl-PL\"},{\"@type\":\"Organization\",\"@id\":\"http:\/\/freight-ferry.de\/pl\/#organization\",\"name\":\"freight-ferry.de\",\"url\":\"http:\/\/freight-ferry.de\/pl\/\",\"logo\":{\"@type\":\"ImageObject\",\"inLanguage\":\"pl-PL\",\"@id\":\"http:\/\/freight-ferry.de\/pl\/#\/schema\/logo\/image\/\",\"url\":\"http:\/\/freight-ferry.de\/wp-content\/uploads\/2024\/09\/FreightFerry_Logo_600x195px_Tranparent.png\",\"contentUrl\":\"http:\/\/freight-ferry.de\/wp-content\/uploads\/2024\/09\/FreightFerry_Logo_600x195px_Tranparent.png\",\"width\":600,\"height\":195,\"caption\":\"freight-ferry.de\"},\"image\":{\"@id\":\"http:\/\/freight-ferry.de\/pl\/#\/schema\/logo\/image\/\"},\"sameAs\":[\"https:\/\/www.instagram.com\/freightferry\/\",\"https:\/\/www.facebook.com\/profile.php?id=61566565140741\"]}]}<\/script>\n<!-- \/ Yoast SEO plugin. -->","yoast_head_json":{"title":"Numer GMR (Goods Movement Reference) - freight-ferry.de","description":"Rejestracja w bazie holenderskiejPotrzebujesz numeru GMR do wjazdu do portu w Wielkiej Brytanii? Freight Ferry pomaga w rejestracji Goods Vehicle Movement Service w celu sprawnej odprawy celnej.","robots":{"index":"index","follow":"follow","max-snippet":"max-snippet:-1","max-image-preview":"max-image-preview:large","max-video-preview":"max-video-preview:-1"},"canonical":"https:\/\/freight-ferry.de\/pl\/numer-gmr-goods-movement-reference\/","og_locale":"pl_PL","og_type":"article","og_title":"Numer GMR (Goods Movement Reference) - freight-ferry.de","og_description":"Rejestracja w bazie holenderskiejPotrzebujesz numeru GMR do wjazdu do portu w Wielkiej Brytanii? Freight Ferry pomaga w rejestracji Goods Vehicle Movement Service w celu sprawnej odprawy celnej.","og_url":"https:\/\/freight-ferry.de\/pl\/numer-gmr-goods-movement-reference\/","og_site_name":"freight-ferry.de","article_publisher":"https:\/\/www.instagram.com\/freightferry\/","article_modified_time":"2025-02-13T12:32:33+00:00","og_image":[{"width":1400,"height":788,"url":"https:\/\/freight-ferry.de\/wp-content\/uploads\/2024\/09\/DJI_0350.jpg","type":"image\/jpeg"}],"twitter_card":"summary_large_image","twitter_misc":{"Szacowany czas czytania":"4 minuty"},"schema":{"@context":"https:\/\/schema.org","@graph":[{"@type":"WebPage","@id":"https:\/\/freight-ferry.de\/pl\/numer-gmr-goods-movement-reference\/","url":"https:\/\/freight-ferry.de\/pl\/numer-gmr-goods-movement-reference\/","name":"Numer GMR (Goods Movement Reference) - freight-ferry.de","isPartOf":{"@id":"http:\/\/freight-ferry.de\/pl\/#website"},"primaryImageOfPage":{"@id":"https:\/\/freight-ferry.de\/pl\/numer-gmr-goods-movement-reference\/#primaryimage"},"image":{"@id":"https:\/\/freight-ferry.de\/pl\/numer-gmr-goods-movement-reference\/#primaryimage"},"thumbnailUrl":"https:\/\/freight-ferry.de\/wp-content\/uploads\/2024\/09\/DJI_0350.jpg","datePublished":"2024-09-23T06:48:24+00:00","dateModified":"2025-02-13T12:32:33+00:00","description":"Rejestracja w bazie holenderskiejPotrzebujesz numeru GMR do wjazdu do portu w Wielkiej Brytanii? Freight Ferry pomaga w rejestracji Goods Vehicle Movement Service w celu sprawnej odprawy celnej.","breadcrumb":{"@id":"https:\/\/freight-ferry.de\/pl\/numer-gmr-goods-movement-reference\/#breadcrumb"},"inLanguage":"pl-PL","potentialAction":[{"@type":"ReadAction","target":["https:\/\/freight-ferry.de\/pl\/numer-gmr-goods-movement-reference\/"]}]},{"@type":"ImageObject","inLanguage":"pl-PL","@id":"https:\/\/freight-ferry.de\/pl\/numer-gmr-goods-movement-reference\/#primaryimage","url":"https:\/\/freight-ferry.de\/wp-content\/uploads\/2024\/09\/DJI_0350.jpg","contentUrl":"https:\/\/freight-ferry.de\/wp-content\/uploads\/2024\/09\/DJI_0350.jpg","width":1400,"height":788},{"@type":"BreadcrumbList","@id":"https:\/\/freight-ferry.de\/pl\/numer-gmr-goods-movement-reference\/#breadcrumb","itemListElement":[{"@type":"ListItem","position":1,"name":"Home","item":"https:\/\/freight-ferry.de\/pl\/"},{"@type":"ListItem","position":2,"name":"Numer GMR (Goods Movement Reference)"}]},{"@type":"WebSite","@id":"http:\/\/freight-ferry.de\/pl\/#website","url":"http:\/\/freight-ferry.de\/pl\/","name":"freight-ferry.de","description":"World Wide Logistics","publisher":{"@id":"http:\/\/freight-ferry.de\/pl\/#organization"},"potentialAction":[{"@type":"SearchAction","target":{"@type":"EntryPoint","urlTemplate":"http:\/\/freight-ferry.de\/pl\/?s={search_term_string}"},"query-input":{"@type":"PropertyValueSpecification","valueRequired":true,"valueName":"search_term_string"}}],"inLanguage":"pl-PL"},{"@type":"Organization","@id":"http:\/\/freight-ferry.de\/pl\/#organization","name":"freight-ferry.de","url":"http:\/\/freight-ferry.de\/pl\/","logo":{"@type":"ImageObject","inLanguage":"pl-PL","@id":"http:\/\/freight-ferry.de\/pl\/#\/schema\/logo\/image\/","url":"http:\/\/freight-ferry.de\/wp-content\/uploads\/2024\/09\/FreightFerry_Logo_600x195px_Tranparent.png","contentUrl":"http:\/\/freight-ferry.de\/wp-content\/uploads\/2024\/09\/FreightFerry_Logo_600x195px_Tranparent.png","width":600,"height":195,"caption":"freight-ferry.de"},"image":{"@id":"http:\/\/freight-ferry.de\/pl\/#\/schema\/logo\/image\/"},"sameAs":["https:\/\/www.instagram.com\/freightferry\/","https:\/\/www.facebook.com\/profile.php?id=61566565140741"]}]}},"_links":{"self":[{"href":"https:\/\/freight-ferry.de\/pl\/wp-json\/wp\/v2\/pages\/8690","targetHints":{"allow":["GET"]}}],"collection":[{"href":"https:\/\/freight-ferry.de\/pl\/wp-json\/wp\/v2\/pages"}],"about":[{"href":"https:\/\/freight-ferry.de\/pl\/wp-json\/wp\/v2\/types\/page"}],"author":[{"embeddable":true,"href":"https:\/\/freight-ferry.de\/pl\/wp-json\/wp\/v2\/users\/1"}],"replies":[{"embeddable":true,"href":"https:\/\/freight-ferry.de\/pl\/wp-json\/wp\/v2\/comments?post=8690"}],"version-history":[{"count":2,"href":"https:\/\/freight-ferry.de\/pl\/wp-json\/wp\/v2\/pages\/8690\/revisions"}],"predecessor-version":[{"id":8693,"href":"https:\/\/freight-ferry.de\/pl\/wp-json\/wp\/v2\/pages\/8690\/revisions\/8693"}],"wp:featuredmedia":[{"embeddable":true,"href":"https:\/\/freight-ferry.de\/pl\/wp-json\/wp\/v2\/media\/8691"}],"wp:attachment":[{"href":"https:\/\/freight-ferry.de\/pl\/wp-json\/wp\/v2\/media?parent=8690"}],"curies":[{"name":"wp","href":"https:\/\/api.w.org\/{rel}","templated":true}]}}